{"id":51167,"date":"2024-03-21T08:15:11","date_gmt":"2024-03-21T07:15:11","guid":{"rendered":"https:\/\/unique-universe.blog\/servicio-de-planificacion-de-itinerarios-dejanos-elaborar-tu-viaje-sostenible\/"},"modified":"2024-09-02T21:51:02","modified_gmt":"2024-09-02T19:51:02","slug":"servicio-de-planificacion-de-itinerarios-dejanos-elaborar-tu-viaje-sostenible","status":"publish","type":"page","link":"https:\/\/unique-universe.blog\/es\/servicio-de-planificacion-de-itinerarios-dejanos-elaborar-tu-viaje-sostenible\/","title":{"rendered":"Servicio de Planificaci\u00f3n de Itinerarios | D\u00e9janos elaborar tu viaje sostenible"},"content":{"rendered":"<p>[et_pb_section fb_built=&#8221;1&#8243; admin_label=&#8221;Header&#8221; _builder_version=&#8221;4.20.0&#8243; _module_preset=&#8221;default&#8221; background_enable_image=&#8221;off&#8221; background_size=&#8221;contain&#8221; background_position=&#8221;top_left&#8221; custom_padding=&#8221;0px||||false|false&#8221; global_colors_info=&#8221;{}&#8221;][et_pb_row _builder_version=&#8221;4.16&#8243; _module_preset=&#8221;default&#8221; max_width=&#8221;700px&#8221; custom_margin=&#8221;5vw||||false|false&#8221; global_colors_info=&#8221;{}&#8221;][et_pb_column type=&#8221;4_4&#8243; _builder_version=&#8221;4.16&#8243; _module_preset=&#8221;default&#8221; global_colors_info=&#8221;{}&#8221;][et_pb_text _builder_version=&#8221;4.24.1&#8243; _module_preset=&#8221;default&#8221; header_font=&#8221;||||||||&#8221; header_font_size=&#8221;40px&#8221; header_2_font=&#8221;Merriweather||||||||&#8221; header_2_text_color=&#8221;#FF6B59&#8243; header_2_font_size=&#8221;80px&#8221; header_2_font_size_tablet=&#8221;42px&#8221; header_2_font_size_phone=&#8221;26px&#8221; header_2_line_height_tablet=&#8221;&#8221; header_2_line_height_phone=&#8221;1.2em&#8221; header_2_line_height_last_edited=&#8221;on|phone&#8221; locked=&#8221;off&#8221; global_colors_info=&#8221;{}&#8221;]<\/p>\n<h2 style=\"text-align: center;\">Deja que planifiquemos tu viaje<\/h2>\n<p>[\/et_pb_text][et_pb_text _builder_version=&#8221;4.24.1&#8243; _module_preset=&#8221;default&#8221; text_font=&#8221;Karla||||||||&#8221; text_font_size=&#8221;30px&#8221; text_line_height=&#8221;1.5em&#8221; text_font_size_tablet=&#8221;24px&#8221; text_font_size_phone=&#8221;20px&#8221; text_font_size_last_edited=&#8221;on|phone&#8221; global_colors_info=&#8221;{}&#8221;]<\/p>\n<p style=\"text-align: center;\"><span style=\"font-weight: 400;\">\u00bfTe apasiona viajar, pero detestas las horas que pasas navegando meticulosamente por las p\u00e1ginas web mientras intentas elaborar una excursi\u00f3n ecol\u00f3gicamente sostenible y fuera de lo com\u00fan?  <\/span><\/p>\n<p>[\/et_pb_text][et_pb_text _builder_version=&#8221;4.24.1&#8243; _module_preset=&#8221;default&#8221; text_font=&#8221;Karla||||||||&#8221; text_line_height=&#8221;1.8em&#8221; text_font_size_tablet=&#8221;&#8221; text_font_size_phone=&#8221;14px&#8221; text_font_size_last_edited=&#8221;on|phone&#8221; locked=&#8221;off&#8221; global_colors_info=&#8221;{}&#8221;]<\/p>\n<p style=\"text-align: center;\"><span style=\"font-weight: 400;\">Como viajeros concienciados, comprendemos la creciente importancia de minimizar nuestra huella medioambiental y contribuir positivamente a los destinos que visitamos.<\/span><\/p>\n<p style=\"text-align: center;\"><span style=\"font-weight: 400;\">Sin embargo, planificar un viaje sostenible puede ser una tarea compleja.<br \/>\nImplica superar un sinf\u00edn de retos, desde seleccionar alojamientos y medios de transporte ecol\u00f3gicos hasta apoyar a las comunidades locales y respetar las culturas ind\u00edgenas.   <\/span><\/p>\n<p style=\"text-align: center;\"><span style=\"font-weight: 400;\">Nos dedicamos a curar viajes inolvidables que no s\u00f3lo encienden tu ansia de viajar, sino que tambi\u00e9n dejan un impacto positivo en el planeta.<br \/>\nCreemos que viajar debe ser una experiencia enriquecedora, que respete el medio ambiente, apoye a las comunidades locales y descubra joyas ocultas fuera de los caminos trillados. <\/span><\/p>\n<p>[\/et_pb_text][\/et_pb_column][\/et_pb_row][\/et_pb_section][et_pb_section fb_built=&#8221;1&#8243; admin_label=&#8221;Mission&#8221; _builder_version=&#8221;4.16&#8243; _module_preset=&#8221;default&#8221; background_image=&#8221;https:\/\/unique-universe.blog\/wp-content\/uploads\/2023\/03\/meditation-center-14.jpg&#8221; parallax=&#8221;on&#8221; custom_padding=&#8221;8vw||8vw||true|false&#8221; global_colors_info=&#8221;{}&#8221;][et_pb_row column_structure=&#8221;1_2,1_2&#8243; _builder_version=&#8221;4.16&#8243; _module_preset=&#8221;default&#8221; global_colors_info=&#8221;{}&#8221;][et_pb_column type=&#8221;1_2&#8243; _builder_version=&#8221;4.16&#8243; _module_preset=&#8221;default&#8221; custom_padding=&#8221;80px||||false|false&#8221; custom_padding_tablet=&#8221;0px||||false|false&#8221; custom_padding_phone=&#8221;&#8221; custom_padding_last_edited=&#8221;on|tablet&#8221; global_colors_info=&#8221;{}&#8221;][et_pb_text _builder_version=&#8221;4.24.1&#8243; _module_preset=&#8221;default&#8221; header_2_font=&#8221;||||||||&#8221; header_2_text_color=&#8221;#637F50&#8243; header_2_font_size=&#8221;80px&#8221; header_2_font_size_tablet=&#8221;42px&#8221; header_2_font_size_phone=&#8221;26px&#8221; header_2_line_height_tablet=&#8221;&#8221; header_2_line_height_phone=&#8221;1.2em&#8221; header_2_line_height_last_edited=&#8221;on|phone&#8221; locked=&#8221;off&#8221; global_colors_info=&#8221;{}&#8221;]<\/p>\n<h2><span style=\"font-weight: 400;\">Conoce a tu planificador de viajes  <\/span><\/h2>\n<p><span style=\"font-weight: 400;\">Soy Dani, y mi prop\u00f3sito es ayudarte a descubrir los mejores encuentros de viajes sostenibles.<br \/>\nEsto incluye desde alojamientos ecol\u00f3gicos hasta artesanos locales y aventuras excepcionales, como iniciativas de turismo comunitario. <\/span><\/p>\n<p><span style=\"font-weight: 400;\">Como \u00e1vida viajera, me encanta la emoci\u00f3n de explorar lo desconocido.<br \/>\nTanto si se trata de buscar escapadas poco convencionales como de disfrutar de las diversas ofertas culturales de una ciudad, siempre estoy dispuesta a la aventura. <\/span><\/p>\n<p><span style=\"font-weight: 400;\">Gracias a mi experiencia como profesional del turismo, estoy bien equipada para adaptar tu viaje a tus deseos exactos, tanto si buscas una experiencia de lujo como una aventura local m\u00e1s envolvente.<\/span><\/p>\n<p><span style=\"font-weight: 400;\">\u00bfEn qu\u00e9 puedo ayudarte?<\/span><\/p>\n<ol>\n<li style=\"font-weight: 400;\" aria-level=\"1\"><span style=\"font-weight: 400;\">Consulta telef\u00f3nica:  <\/span><\/li>\n<li style=\"font-weight: 400;\" aria-level=\"1\"><span style=\"font-weight: 400;\">Servicio completo de planificaci\u00f3n del itinerario<\/span><\/li>\n<\/ol>\n<p>[\/et_pb_text][\/et_pb_column][et_pb_column type=&#8221;1_2&#8243; _builder_version=&#8221;4.16&#8243; _module_preset=&#8221;default&#8221; global_colors_info=&#8221;{}&#8221;][et_pb_image src=&#8221;https:\/\/unique-universe.blog\/wp-content\/uploads\/2024\/02\/work-with-me.jpg&#8221; alt=&#8221;Playa de Nungwi, Sansibar Strand&#8221; title_text=&#8221;trabaja conmigo&#8221; _builder_version=&#8221;4.24.1&#8243; _module_preset=&#8221;default&#8221; custom_margin_last_edited=&#8221;off|desktop&#8221; border_width_all=&#8221;30px&#8221; border_color_all=&#8221;#ffffff&#8221; border_width_all_tablet=&#8221;&#8221; border_width_all_phone=&#8221;10px&#8221; border_width_all_last_edited=&#8221;on|phone&#8221; global_colors_info=&#8221;{}&#8221; custom_margin__hover_enabled=&#8221;off|hover&#8221;][\/et_pb_image][\/et_pb_column][\/et_pb_row][\/et_pb_section][et_pb_section fb_built=&#8221;1&#8243; fullwidth=&#8221;on&#8221; _builder_version=&#8221;4.24.1&#8243; _module_preset=&#8221;default&#8221; global_colors_info=&#8221;{}&#8221;][et_pb_fullwidth_header title=&#8221;Qu\u00e9 obtendr\u00e1s&#8221; _builder_version=&#8221;4.24.1&#8243; _module_preset=&#8221;default&#8221; content_line_height=&#8221;1.8em&#8221; background_color=&#8221;#637F50&#8243; global_colors_info=&#8221;{}&#8221;]<\/p>\n<p><strong>Una vez que hayas rellenado nuestro cuestionario de planificaci\u00f3n de viaje, elaborar\u00e9 un itinerario de viaje a medida que incluya:<\/strong><\/p>\n<p><span style=\"font-weight: 400;\">&#8211; Una selecci\u00f3n de al menos tres opciones de alojamiento.<\/span><\/p>\n<p><span style=\"font-weight: 400;\">&#8211; Un itinerario detallado hora a hora.<\/span><\/p>\n<p><span style=\"font-weight: 400;\">&#8211; Indicaciones claras y consejos pr\u00e1cticos sobre el transporte.<\/span><\/p>\n<p><span style=\"font-weight: 400;\">&#8211; Enlaces pr\u00e1cticos para reservar y acceder a la informaci\u00f3n.<\/span><\/p>\n<p><span style=\"font-weight: 400;\">&#8211; Datos vitales sobre cada actividad.<\/span><\/p>\n<p><span style=\"font-weight: 400;\">&#8211; Recomendaciones personalizadas a tu medida.<\/span><\/p>\n<p><span style=\"font-weight: 400;\">&#8211; Dos rondas de revisiones para garantizar que el viaje de tus sue\u00f1os tome forma.<\/span><\/p>\n<p><span style=\"font-weight: 400;\">&#8211; Representaci\u00f3n visual en un mapa de Google para facilitar la consulta.<\/span><\/p>\n<p><span style=\"font-weight: 400;\">&#8211; Una lista de recomendaciones adicionales que puedes incorporar a tu discreci\u00f3n.<\/span><\/p>\n<p>[\/et_pb_fullwidth_header][\/et_pb_section][et_pb_section fb_built=&#8221;1&#8243; _builder_version=&#8221;4.24.1&#8243; _module_preset=&#8221;default&#8221; global_colors_info=&#8221;{}&#8221;][et_pb_row column_structure=&#8221;1_2,1_2&#8243; _builder_version=&#8221;4.16&#8243; _module_preset=&#8221;default&#8221; global_colors_info=&#8221;{}&#8221;][et_pb_column type=&#8221;1_2&#8243; _builder_version=&#8221;4.16&#8243; _module_preset=&#8221;default&#8221; custom_padding=&#8221;80px||||false|false&#8221; custom_padding_tablet=&#8221;0px||||false|false&#8221; custom_padding_phone=&#8221;&#8221; custom_padding_last_edited=&#8221;on|tablet&#8221; global_colors_info=&#8221;{}&#8221;][et_pb_image src=&#8221;https:\/\/unique-universe.blog\/wp-content\/uploads\/2023\/10\/IMG_3437.jpg&#8221; alt=&#8221;yo en una excursi\u00f3n de un d\u00eda desde Beirut&#8221; title_text=&#8221;Beirut&#8221; _builder_version=&#8221;4.24.1&#8243; _module_preset=&#8221;default&#8221; custom_margin_last_edited=&#8221;off|desktop&#8221; border_width_all=&#8221;30px&#8221; border_color_all=&#8221;#ffffff&#8221; border_width_all_tablet=&#8221;&#8221; border_width_all_phone=&#8221;10px&#8221; border_width_all_last_edited=&#8221;on|phone&#8221; global_colors_info=&#8221;{}&#8221; custom_margin__hover_enabled=&#8221;off|hover&#8221;][\/et_pb_image][\/et_pb_column][et_pb_column type=&#8221;1_2&#8243; _builder_version=&#8221;4.16&#8243; _module_preset=&#8221;default&#8221; global_colors_info=&#8221;{}&#8221;][et_pb_text _builder_version=&#8221;4.24.1&#8243; _module_preset=&#8221;default&#8221; header_2_font=&#8221;||||||||&#8221; header_2_text_color=&#8221;#637F50&#8243; header_2_font_size=&#8221;80px&#8221; header_2_font_size_tablet=&#8221;42px&#8221; header_2_font_size_phone=&#8221;26px&#8221; header_2_line_height_tablet=&#8221;&#8221; header_2_line_height_phone=&#8221;1.2em&#8221; header_2_line_height_last_edited=&#8221;on|phone&#8221; locked=&#8221;off&#8221; global_colors_info=&#8221;{}&#8221;]<\/p>\n<h2><span style=\"font-weight: 400;\">\u00bfPor qu\u00e9 elegirme?<\/span><\/h2>\n<p><span style=\"font-weight: 400;\">\u00bfPor qu\u00e9 considerarme tu planificador personal de viajes?<\/span><\/p>\n<ol>\n<li><span style=\"font-weight: 400;\"> <strong> Mi pol\u00edtica es la transparencia:<\/strong> No recibo sobornos ni comisiones, lo que garantiza que las recomendaciones que recibas sean honestas e imparciales, sin incentivos econ\u00f3micos de por medio.<\/span><\/li>\n<li><span style=\"font-weight: 400;\"> <strong> Profundos conocimientos de la regi\u00f3n:<\/strong> No planificar\u00e9 tu viaje si no conozco bien la zona.<br \/>\nCreo firmemente que cuando contratas a un planificador de viajes personal, te mereces consejos de alguien que conoce el destino \u00edntimamente.<br \/>\nTen la seguridad de que no me arriesgar\u00e9 a sugerirte trampas para turistas o experiencias inferiores.  <\/span><\/li>\n<li><span style=\"font-weight: 400;\"> <strong> Servicio igual para todos:<\/strong> Mis precios var\u00edan en funci\u00f3n de factores como la duraci\u00f3n de tu viaje o circunstancias \u00fanicas como grupos grandes o plazos ajustados.<br \/>\nNo cobro suplementos por servicios de primera calidad porque creo que la planificaci\u00f3n de viajes debe ser sencilla y accesible para todos. <\/span><\/li>\n<li><span style=\"font-weight: 400;\"> <strong> No necesitas aplicaciones ni software especiales:<\/strong> A diferencia de algunos planificadores personales de viajes que dependen de software propietario, yo utilizo productos de Google basados en la web, lo que te permite acceder sin problemas a tu itinerario sin necesidad de tener una cuenta de Google.<\/span><\/li>\n<li><span style=\"font-weight: 400;\"> <strong> Una viajera apasionada:<\/strong> Comparto una gran cantidad de consejos de viaje gratuitos a trav\u00e9s de mi blog porque me apasiona garantizar que todo el mundo tenga acceso a recomendaciones de viaje fiables y probadas personalmente.<br \/>\nS\u00f3lo recomiendo lo que yo elegir\u00eda personalmente para mis propios viajes. <\/span><\/li>\n<li><span style=\"font-weight: 400;\"> <strong> Un compromiso con los negocios locales:<\/strong> Tengo una fuerte inclinaci\u00f3n a apoyar la econom\u00eda local durante mis viajes, lo que significa que doy prioridad a los negocios locales frente a las cadenas siempre que es posible.<\/span><\/li>\n<li><span style=\"font-weight: 400;\"> <strong> Historial probado:<\/strong> Los antiguos clientes que han utilizado mis servicios de planificaci\u00f3n de viajes han quedado encantados con los resultados, y recibo constantemente mensajes positivos de personas que han seguido con \u00e9xito mis consejos de viaje al planificar sus propios viajes.<\/span><\/li>\n<\/ol>\n<p>[\/et_pb_text][\/et_pb_column][\/et_pb_row][\/et_pb_section][et_pb_section fb_built=&#8221;1&#8243; admin_label=&#8221;FAQ&#8221; _builder_version=&#8221;4.20.0&#8243; _module_preset=&#8221;default&#8221; background_color=&#8221;#BACBA9&#8243; global_colors_info=&#8221;{}&#8221;][et_pb_row _builder_version=&#8221;4.16&#8243; _module_preset=&#8221;default&#8221; locked=&#8221;off&#8221; global_colors_info=&#8221;{}&#8221;][et_pb_column type=&#8221;4_4&#8243; _builder_version=&#8221;4.16&#8243; _module_preset=&#8221;default&#8221; global_colors_info=&#8221;{}&#8221;][et_pb_text _builder_version=&#8221;4.20.0&#8243; _module_preset=&#8221;default&#8221; header_2_font=&#8221;Merriweather||||||||&#8221; header_2_text_color=&#8221;#FF6B59&#8243; header_2_font_size=&#8221;80px&#8221; text_orientation=&#8221;center&#8221; header_2_font_size_tablet=&#8221;42px&#8221; header_2_font_size_phone=&#8221;26px&#8221; header_2_line_height_tablet=&#8221;&#8221; header_2_line_height_phone=&#8221;1.2em&#8221; header_2_line_height_last_edited=&#8221;on|phone&#8221; locked=&#8221;off&#8221; global_colors_info=&#8221;{}&#8221;]<\/p>\n<h2>Preguntas m\u00e1s frecuentes<\/h2>\n<p>[\/et_pb_text][\/et_pb_column][\/et_pb_row][et_pb_row column_structure=&#8221;1_2,1_2&#8243; _builder_version=&#8221;4.16&#8243; _module_preset=&#8221;default&#8221; global_colors_info=&#8221;{}&#8221;][et_pb_column type=&#8221;1_2&#8243; _builder_version=&#8221;4.16&#8243; _module_preset=&#8221;default&#8221; global_colors_info=&#8221;{}&#8221;][et_pb_accordion _builder_version=&#8221;4.24.1&#8243; _module_preset=&#8221;4c2431f8-f3e3-4209-992d-caa60c7f621d&#8221; global_colors_info=&#8221;{}&#8221;][et_pb_accordion_item title=&#8221;\u00bfQu\u00e9 hace que tu servicio de planificaci\u00f3n de itinerarios sea diferente de los dem\u00e1s?&#8221; open=&#8221;on&#8221; _builder_version=&#8221;4.24.1&#8243; _module_preset=&#8221;default&#8221; global_colors_info=&#8221;{}&#8221;]<\/p>\n<p><span>Nuestro servicio de planificaci\u00f3n de itinerarios se distingue porque damos prioridad a la sostenibilidad, la autenticidad y las experiencias personalizadas.<br \/>\nComprendemos los retos que supone dise\u00f1ar viajes respetuosos con el medio ambiente y, al mismo tiempo, garantizar que se salgan de lo com\u00fan y sean culturalmente respetuosos.<br \/>\nNuestro compromiso de minimizar el impacto medioambiental y apoyar a las comunidades locales nos distingue.  <\/span><\/p>\n<p>[\/et_pb_accordion_item][et_pb_accordion_item title=&#8221;\u00bfC\u00f3mo garantizas la sostenibilidad de los viajes que planificas?&#8221; _builder_version=&#8221;4.24.1&#8243; _module_preset=&#8221;default&#8221; global_colors_info=&#8221;{}&#8221; open=&#8221;off&#8221;]<\/p>\n<p><span>Integramos la sostenibilidad en todos los aspectos de la planificaci\u00f3n del viaje, desde la selecci\u00f3n de alojamientos y opciones de transporte ecol\u00f3gicos hasta la promoci\u00f3n de actividades que respeten las culturas ind\u00edgenas y apoyen las econom\u00edas locales.<br \/>\nNuestro objetivo es dejar un impacto positivo en los destinos que visitamos al tiempo que proporcionamos a los viajeros experiencias enriquecedoras. <\/span><\/p>\n<p>[\/et_pb_accordion_item][et_pb_accordion_item title=&#8221;\u00bfQu\u00e9 puedo esperar del servicio Planificaci\u00f3n Completa del Itinerario?&#8221; _builder_version=&#8221;4.24.1&#8243; _module_preset=&#8221;default&#8221; global_colors_info=&#8221;{}&#8221; open=&#8221;off&#8221;]<\/p>\n<p><span>Tras rellenar nuestro cuestionario de planificaci\u00f3n del viaje, recibir\u00e1s un itinerario de viaje personalizado y adaptado a tus preferencias.<br \/>\nEsto incluye una selecci\u00f3n de opciones de alojamiento ecol\u00f3gicas, un itinerario detallado hora a hora, consejos sobre transporte, recomendaciones de actividades y sugerencias personalizadas.<br \/>\nTambi\u00e9n tendr\u00e1s la oportunidad de dos rondas de revisiones para asegurarte de que el viaje de tus sue\u00f1os cobra vida.  <\/span><\/p>\n<p>[\/et_pb_accordion_item][\/et_pb_accordion][\/et_pb_column][et_pb_column type=&#8221;1_2&#8243; _builder_version=&#8221;4.16&#8243; _module_preset=&#8221;default&#8221; global_colors_info=&#8221;{}&#8221;][et_pb_accordion db_closeable=&#8221;on&#8221; open_toggle_background_color=&#8221;#FFFFFF&#8221; closed_toggle_background_color=&#8221;#FFFFFF&#8221; _builder_version=&#8221;4.24.1&#8243; _module_preset=&#8221;4c2431f8-f3e3-4209-992d-caa60c7f621d&#8221; closed_toggle_font=&#8221;Merriweather||||||||&#8221; locked=&#8221;off&#8221; global_colors_info=&#8221;{}&#8221;][et_pb_accordion_item title=&#8221;\u00bfPuedo confiar en las recomendaciones de vuestro servicio?&#8221; open=&#8221;on&#8221; _builder_version=&#8221;4.24.1&#8243; _module_preset=&#8221;default&#8221; global_colors_info=&#8221;{}&#8221;]<\/p>\n<p><span>Absolutamente.<br \/>\nNuestra pol\u00edtica es la transparencia, y no aceptamos sobornos ni comisiones por nuestras recomendaciones.<br \/>\nNuestras sugerencias son honestas, imparciales y se basan en una profunda experiencia regional.<br \/>\nS\u00f3lo recomendamos experiencias y alojamientos que elegir\u00edamos personalmente para nuestros propios viajes.   <\/span><\/p>\n<p>[\/et_pb_accordion_item][et_pb_accordion_item title=&#8221;\u00bfC\u00f3mo apoyas a las empresas locales durante la planificaci\u00f3n del viaje?&#8221; _builder_version=&#8221;4.24.1&#8243; _module_preset=&#8221;default&#8221; global_colors_info=&#8221;{}&#8221; open=&#8221;off&#8221;]<\/p>\n<p><span>Tenemos el firme compromiso de apoyar la econom\u00eda local dando prioridad a los negocios locales frente a las cadenas siempre que sea posible.<br \/>\nIncorporamos experiencias aut\u00e9nticas que benefician directamente a las comunidades locales, garantizando que tus viajes tengan un impacto positivo en los destinos que visitas. <\/span><\/p>\n<p>[\/et_pb_accordion_item][et_pb_accordion_item title=&#8221;\u00bfC\u00f3mo determinas el coste de tus servicios?&#8221; _builder_version=&#8221;4.24.1&#8243; _module_preset=&#8221;default&#8221; global_colors_info=&#8221;{}&#8221; open=&#8221;off&#8221;]<\/p>\n<p><span>Nuestros precios se basan en factores como la duraci\u00f3n de tu viaje y cualquier circunstancia \u00fanica.<br \/>\nCreemos que debemos prestar el mismo servicio a todos los viajeros y no cobramos suplementos por servicios superiores.<br \/>\nNuestro objetivo es mantener la planificaci\u00f3n de viajes accesible y transparente para todos.  <\/span><\/p>\n<p>[\/et_pb_accordion_item][\/et_pb_accordion][\/et_pb_column][\/et_pb_row][\/et_pb_section][et_pb_section fb_built=&#8221;1&#8243; admin_label=&#8221;CTA&#8221; _builder_version=&#8221;4.20.0&#8243; _module_preset=&#8221;default&#8221; background_color=&#8221;#FFFFFF&#8221; overflow-x=&#8221;hidden&#8221; global_colors_info=&#8221;{}&#8221;][et_pb_row column_structure=&#8221;1_2,1_2&#8243; _builder_version=&#8221;4.16&#8243; _module_preset=&#8221;default&#8221; global_colors_info=&#8221;{}&#8221;][et_pb_column type=&#8221;1_2&#8243; _builder_version=&#8221;4.16&#8243; _module_preset=&#8221;default&#8221; global_colors_info=&#8221;{}&#8221;][et_pb_image src=&#8221;https:\/\/unique-universe.blog\/wp-content\/uploads\/2022\/10\/Chefchouen-25.jpg&#8221; alt=&#8221;paseando por Chefchouen, la ciudad azul de Marruecos&#8221; title_text=&#8221;Chefchouen-25&#8243; _builder_version=&#8221;4.23.4&#8243; _module_preset=&#8221;default&#8221; border_color_all=&#8221;#BACBA9&#8243; border_width_all_phone=&#8221;10px&#8221; border_width_all_last_edited=&#8221;off|desktop&#8221; locked=&#8221;off&#8221; global_colors_info=&#8221;{}&#8221;][\/et_pb_image][\/et_pb_column][et_pb_column type=&#8221;1_2&#8243; _builder_version=&#8221;4.16&#8243; _module_preset=&#8221;default&#8221; custom_padding=&#8221;0px||||false|false&#8221; custom_padding_tablet=&#8221;60px||||false|false&#8221; custom_padding_phone=&#8221;&#8221; custom_padding_last_edited=&#8221;on|tablet&#8221; global_colors_info=&#8221;{}&#8221;][et_pb_text _builder_version=&#8221;4.24.1&#8243; _module_preset=&#8221;default&#8221; header_2_font=&#8221;Merriweather||||||||&#8221; header_2_text_color=&#8221;#637F50&#8243; header_2_font_size=&#8221;80px&#8221; header_2_font_size_tablet=&#8221;42px&#8221; header_2_font_size_phone=&#8221;26px&#8221; header_2_line_height_tablet=&#8221;&#8221; header_2_line_height_phone=&#8221;1.2em&#8221; header_2_line_height_last_edited=&#8221;on|phone&#8221; locked=&#8221;off&#8221; global_colors_info=&#8221;{}&#8221;]<\/p>\n<h2 style=\"text-align: center;\">Ponte en contacto<\/h2>\n<p style=\"text-align: center;\">\u00a1Nos entusiasma hacer realidad tus planes de viaje!<\/p>\n<p>[\/et_pb_text][et_pb_button button_url=&#8221;mailto:dani@unique-universe.blog&#8221; button_text=&#8221;Env\u00edanos un correo electr\u00f3nico&#8221; button_alignment=&#8221;center&#8221; _builder_version=&#8221;4.24.1&#8243; _module_preset=&#8221;default&#8221; custom_button=&#8221;on&#8221; global_colors_info=&#8221;{}&#8221;][\/et_pb_button][\/et_pb_column][\/et_pb_row][\/et_pb_section]<\/p>\n","protected":false},"excerpt":{"rendered":"<p>Deja que planifiquemos tu viaje\u00bfTe apasiona viajar, pero detestas las horas que pasas navegando meticulosamente por las p\u00e1ginas web mientras intentas elaborar una excursi\u00f3n ecol\u00f3gicamente sostenible y fuera de lo com\u00fan? Como viajeros concienciados, comprendemos la creciente importancia de minimizar nuestra huella medioambiental y contribuir positivamente a los destinos que visitamos. Sin embargo, planificar un viaje sostenible puede ser una tarea compleja. Implica superar un sinf\u00edn de retos, desde seleccionar alojamientos y medios de transporte ecol\u00f3gicos hasta apoyar a las comunidades locales y respetar las culturas ind\u00edgenas. Nos dedicamos a curar viajes inolvidables que no s\u00f3lo encienden tu ansia de viajar, sino que tambi\u00e9n dejan un impacto positivo en el planeta. Creemos que viajar debe ser una experiencia enriquecedora, que respete el medio ambiente, apoye a las comunidades locales y descubra joyas ocultas fuera de los caminos trillados. Conoce a tu planificador de viajes Soy Dani, y mi prop\u00f3sito es ayudarte a descubrir los mejores encuentros de viajes sostenibles. Esto incluye desde alojamientos ecol\u00f3gicos hasta artesanos locales y aventuras excepcionales, como iniciativas de turismo comunitario. Como \u00e1vida viajera, me encanta la emoci\u00f3n de explorar lo desconocido. Tanto si se trata de buscar escapadas poco convencionales como de disfrutar de las [&hellip;]<\/p>\n","protected":false},"author":2,"featured_media":0,"parent":0,"menu_order":0,"comment_status":"closed","ping_status":"closed","template":"","meta":{"_et_pb_use_builder":"on","_et_pb_old_content":"","_et_gb_content_width":"","_monsterinsights_skip_tracking":false,"_monsterinsights_sitenote_active":false,"_monsterinsights_sitenote_note":"","_monsterinsights_sitenote_category":0,"footnotes":""},"class_list":["post-51167","page","type-page","status-publish","hentry"],"_links":{"self":[{"href":"https:\/\/unique-universe.blog\/es\/wp-json\/wp\/v2\/pages\/51167","targetHints":{"allow":["GET"]}}],"collection":[{"href":"https:\/\/unique-universe.blog\/es\/wp-json\/wp\/v2\/pages"}],"about":[{"href":"https:\/\/unique-universe.blog\/es\/wp-json\/wp\/v2\/types\/page"}],"author":[{"embeddable":true,"href":"https:\/\/unique-universe.blog\/es\/wp-json\/wp\/v2\/users\/2"}],"replies":[{"embeddable":true,"href":"https:\/\/unique-universe.blog\/es\/wp-json\/wp\/v2\/comments?post=51167"}],"version-history":[{"count":0,"href":"https:\/\/unique-universe.blog\/es\/wp-json\/wp\/v2\/pages\/51167\/revisions"}],"wp:attachment":[{"href":"https:\/\/unique-universe.blog\/es\/wp-json\/wp\/v2\/media?parent=51167"}],"curies":[{"name":"wp","href":"https:\/\/api.w.org\/{rel}","templated":true}]}}