{"id":51160,"date":"2024-03-12T14:25:41","date_gmt":"2024-03-12T13:25:41","guid":{"rendered":"https:\/\/unique-universe.blog\/trabaja-con-nosotros\/"},"modified":"2024-09-02T21:50:52","modified_gmt":"2024-09-02T19:50:52","slug":"trabaja-con-nosotros","status":"publish","type":"page","link":"https:\/\/unique-universe.blog\/es\/trabaja-con-nosotros\/","title":{"rendered":"Trabaja con nosotros"},"content":{"rendered":"<p>[et_pb_section fb_built=&#8221;1&#8243; admin_label=&#8221;Header&#8221; _builder_version=&#8221;4.20.0&#8243; _module_preset=&#8221;default&#8221; background_enable_image=&#8221;off&#8221; background_size=&#8221;contain&#8221; background_position=&#8221;top_left&#8221; custom_padding=&#8221;0px||||false|false&#8221; global_colors_info=&#8221;{}&#8221;][et_pb_row _builder_version=&#8221;4.16&#8243; _module_preset=&#8221;default&#8221; max_width=&#8221;700px&#8221; custom_margin=&#8221;5vw||||false|false&#8221; global_colors_info=&#8221;{}&#8221;][et_pb_column type=&#8221;4_4&#8243; _builder_version=&#8221;4.16&#8243; _module_preset=&#8221;default&#8221; global_colors_info=&#8221;{}&#8221;][et_pb_text _builder_version=&#8221;4.24.1&#8243; _module_preset=&#8221;default&#8221; header_font=&#8221;||||||||&#8221; header_font_size=&#8221;40px&#8221; header_2_font=&#8221;Merriweather||||||||&#8221; header_2_text_color=&#8221;#FF6B59&#8243; header_2_font_size=&#8221;80px&#8221; header_2_font_size_tablet=&#8221;42px&#8221; header_2_font_size_phone=&#8221;26px&#8221; header_2_line_height_tablet=&#8221;&#8221; header_2_line_height_phone=&#8221;1.2em&#8221; header_2_line_height_last_edited=&#8221;on|phone&#8221; locked=&#8221;off&#8221; global_colors_info=&#8221;{}&#8221;]<\/p>\n<h2 style=\"text-align: center;\">Trabaja con nosotros<\/h2>\n<p>[\/et_pb_text][et_pb_text _builder_version=&#8221;4.24.1&#8243; _module_preset=&#8221;default&#8221; text_font=&#8221;Karla||||||||&#8221; text_font_size=&#8221;30px&#8221; text_line_height=&#8221;1.5em&#8221; text_font_size_tablet=&#8221;24px&#8221; text_font_size_phone=&#8221;20px&#8221; text_font_size_last_edited=&#8221;on|phone&#8221; global_colors_info=&#8221;{}&#8221;]<\/p>\n<p style=\"text-align: center;\"><span style=\"font-weight: 400;\">Me llamo Daniela, y estoy encantada de invitarte a explorar las emocionantes posibilidades de asociarte conmigo.<br \/>\nCon mi amplia experiencia en marketing y relaciones p\u00fablicas dentro del sector tur\u00edstico, soy la colaboradora perfecta para ayudarte a conseguir tus objetivos. <\/span><\/p>\n<p>[\/et_pb_text][et_pb_text _builder_version=&#8221;4.24.1&#8243; _module_preset=&#8221;default&#8221; text_font=&#8221;Karla||||||||&#8221; text_line_height=&#8221;1.8em&#8221; text_font_size_tablet=&#8221;&#8221; text_font_size_phone=&#8221;14px&#8221; text_font_size_last_edited=&#8221;on|phone&#8221; locked=&#8221;off&#8221; global_colors_info=&#8221;{}&#8221;]<\/p>\n<p style=\"text-align: center;\"><span style=\"font-weight: 400;\">Nuestras colaboraciones dan prioridad a la sostenibilidad y la equidad trabajando con organizaciones responsables, patronatos de turismo, ONG, operadores tur\u00edsticos locales, alojamientos ecol\u00f3gicos y proyectos comunitarios, evitando al mismo tiempo el turismo de masas, los paquetes todo incluido, las pr\u00e1cticas poco \u00e9ticas y el turismo excesivo, todo ello con el objetivo de crear experiencias de viaje significativas y responsables para todas las partes interesadas.<\/span><\/p>\n<p>[\/et_pb_text][\/et_pb_column][\/et_pb_row][\/et_pb_section][et_pb_section fb_built=&#8221;1&#8243; admin_label=&#8221;Mission&#8221; _builder_version=&#8221;4.16&#8243; _module_preset=&#8221;default&#8221; background_image=&#8221;https:\/\/unique-universe.blog\/wp-content\/uploads\/2023\/03\/meditation-center-14.jpg&#8221; parallax=&#8221;on&#8221; custom_padding=&#8221;8vw||8vw||true|false&#8221; global_colors_info=&#8221;{}&#8221;][et_pb_row column_structure=&#8221;1_2,1_2&#8243; _builder_version=&#8221;4.16&#8243; _module_preset=&#8221;default&#8221; global_colors_info=&#8221;{}&#8221;][et_pb_column type=&#8221;1_2&#8243; _builder_version=&#8221;4.16&#8243; _module_preset=&#8221;default&#8221; custom_padding=&#8221;80px||||false|false&#8221; custom_padding_tablet=&#8221;0px||||false|false&#8221; custom_padding_phone=&#8221;&#8221; custom_padding_last_edited=&#8221;on|tablet&#8221; global_colors_info=&#8221;{}&#8221;][et_pb_text _builder_version=&#8221;4.24.1&#8243; _module_preset=&#8221;default&#8221; header_2_font=&#8221;||||||||&#8221; header_2_text_color=&#8221;#637F50&#8243; header_2_font_size=&#8221;80px&#8221; header_2_font_size_tablet=&#8221;42px&#8221; header_2_font_size_phone=&#8221;26px&#8221; header_2_line_height_tablet=&#8221;&#8221; header_2_line_height_phone=&#8221;1.2em&#8221; header_2_line_height_last_edited=&#8221;on|phone&#8221; locked=&#8221;off&#8221; global_colors_info=&#8221;{}&#8221;]<\/p>\n<h2><span style=\"font-weight: 400;\">\u00bfPor qu\u00e9 trabajar conmigo?  <\/span><\/h2>\n<p><span style=\"font-weight: 400;\">Como experta en marketing y relaciones p\u00fablicas en el sector tur\u00edstico, aporto una gran experiencia y conocimientos a cada colaboraci\u00f3n.<br \/>\nMi compromiso con la comprensi\u00f3n de tus necesidades \u00fanicas y mis amplios conocimientos de las pr\u00e1cticas SEO sientan las bases para un crecimiento y una exposici\u00f3n sin precedentes.   <\/span><\/p>\n<h3><strong>Esto es lo que aporto:<\/strong><\/h3>\n<p><span style=\"font-weight: 400;\">Creaci\u00f3n de contenidos: Mi fuerte es crear contenidos atractivos y cautivadores.<br \/>\nTanto si se trata de art\u00edculos de blog como de publicaciones en redes sociales, tengo el toque creativo para contar la historia de tu marca con eficacia. <\/span><\/p>\n<p><span style=\"font-weight: 400;\"><strong>Experiencia en SEO:<\/strong> Conozco bien el mundo en constante evoluci\u00f3n de la optimizaci\u00f3n para motores de b\u00fasqueda (SEO).<br \/>\nUtilizar\u00e9 las estrategias m\u00e1s recientes para garantizar que tu presencia en Internet ocupa un lugar destacado, atrayendo al p\u00fablico adecuado y aumentando tu visibilidad. <\/span><\/p>\n<p><span style=\"font-weight: 400;\"><strong>Conocimientos de marketing online:<\/strong> En la era digital actual, el marketing online eficaz es crucial.<br \/>\nAprovechar\u00e9 mi experiencia para crear y ejecutar campa\u00f1as de marketing que resuenen con tu p\u00fablico objetivo, impulsando el compromiso y las conversiones. <\/span><\/p>\n<p><span style=\"font-weight: 400;\"><strong>Perspectivas del sector tur\u00edstico:<\/strong> Con un profundo conocimiento de la industria tur\u00edstica, navegar\u00e9 por los entresijos de tu nicho, identificando tendencias y oportunidades que otros podr\u00edan pasar por alto.<br \/>\nEste conocimiento ser\u00e1 la piedra angular del \u00e9xito de nuestra asociaci\u00f3n. <\/span><\/p>\n<p><span style=\"font-weight: 400;\"><strong>Creaci\u00f3n de sitios web:<\/strong> \u00bfNecesitas un nuevo sitio web o mejorar el que ya tienes?<br \/>\nYo te cubro.<br \/>\nPuedo crear un sitio web f\u00e1cil de usar y visualmente atractivo que convierta a los visitantes en clientes fieles.  <\/span><\/p>\n<p><span style=\"font-weight: 400;\"><strong>Marketing para peque\u00f1as empresas:<\/strong> Tanto si eres un peque\u00f1o hotel boutique como un operador tur\u00edstico local, estoy especializada en elaborar estrategias de marketing adaptadas a tus necesidades espec\u00edficas.<br \/>\nHagamos crecer tu negocio juntos. <\/span><\/p>\n<p>&nbsp;<\/p>\n<p>[\/et_pb_text][\/et_pb_column][et_pb_column type=&#8221;1_2&#8243; _builder_version=&#8221;4.16&#8243; _module_preset=&#8221;default&#8221; global_colors_info=&#8221;{}&#8221;][et_pb_image src=&#8221;https:\/\/unique-universe.blog\/wp-content\/uploads\/2024\/02\/work-with-me.jpg&#8221; alt=&#8221;Playa de Nungwi, Sansibar Strand&#8221; title_text=&#8221;trabaja conmigo&#8221; _builder_version=&#8221;4.24.1&#8243; _module_preset=&#8221;default&#8221; custom_margin_last_edited=&#8221;off|desktop&#8221; border_width_all=&#8221;30px&#8221; border_color_all=&#8221;#ffffff&#8221; border_width_all_tablet=&#8221;&#8221; border_width_all_phone=&#8221;10px&#8221; border_width_all_last_edited=&#8221;on|phone&#8221; global_colors_info=&#8221;{}&#8221; custom_margin__hover_enabled=&#8221;off|hover&#8221;][\/et_pb_image][\/et_pb_column][\/et_pb_row][\/et_pb_section][et_pb_section fb_built=&#8221;1&#8243; admin_label=&#8221;FAQ&#8221; _builder_version=&#8221;4.20.0&#8243; _module_preset=&#8221;default&#8221; background_color=&#8221;#BACBA9&#8243; global_colors_info=&#8221;{}&#8221;][et_pb_row _builder_version=&#8221;4.16&#8243; _module_preset=&#8221;default&#8221; locked=&#8221;off&#8221; global_colors_info=&#8221;{}&#8221;][et_pb_column type=&#8221;4_4&#8243; _builder_version=&#8221;4.16&#8243; _module_preset=&#8221;default&#8221; global_colors_info=&#8221;{}&#8221;][et_pb_text _builder_version=&#8221;4.20.0&#8243; _module_preset=&#8221;default&#8221; header_2_font=&#8221;Merriweather||||||||&#8221; header_2_text_color=&#8221;#FF6B59&#8243; header_2_font_size=&#8221;80px&#8221; text_orientation=&#8221;center&#8221; header_2_font_size_tablet=&#8221;42px&#8221; header_2_font_size_phone=&#8221;26px&#8221; header_2_line_height_tablet=&#8221;&#8221; header_2_line_height_phone=&#8221;1.2em&#8221; header_2_line_height_last_edited=&#8221;on|phone&#8221; locked=&#8221;off&#8221; global_colors_info=&#8221;{}&#8221;]<\/p>\n<h2>Preguntas m\u00e1s frecuentes<\/h2>\n<p>[\/et_pb_text][\/et_pb_column][\/et_pb_row][et_pb_row column_structure=&#8221;1_2,1_2&#8243; _builder_version=&#8221;4.16&#8243; _module_preset=&#8221;default&#8221; global_colors_info=&#8221;{}&#8221;][et_pb_column type=&#8221;1_2&#8243; _builder_version=&#8221;4.16&#8243; _module_preset=&#8221;default&#8221; global_colors_info=&#8221;{}&#8221;][et_pb_accordion _builder_version=&#8221;4.24.2&#8243; _module_preset=&#8221;4c2431f8-f3e3-4209-992d-caa60c7f621d&#8221; hover_enabled=&#8221;0&#8243; global_colors_info=&#8221;{}&#8221; sticky_enabled=&#8221;0&#8243;][et_pb_accordion_item title=&#8221;\u00bfQu\u00e9 te diferencia de otros profesionales del marketing y las relaciones p\u00fablicas?&#8221; open=&#8221;on&#8221; _builder_version=&#8221;4.24.2&#8243; _module_preset=&#8221;default&#8221; hover_enabled=&#8221;0&#8243; global_colors_info=&#8221;{}&#8221; sticky_enabled=&#8221;0&#8243;]<\/p>\n<p>Con una formaci\u00f3n espec\u00edfica en <a href=\"jooble.org\/\" target=\"_blank\" rel=\"noopener\">marketing<\/a> tur\u00edstico <a href=\"jooble.org\/\" target=\"_blank\" rel=\"noopener\">y relaciones p\u00fablicas<\/a>, aporto una experiencia especializada.<br \/>\nMi amplia experiencia en este sector me permite comprender los retos y oportunidades \u00fanicos de esta industria, lo que me permite adaptar las estrategias de forma eficaz. <\/p>\n<p>[\/et_pb_accordion_item][et_pb_accordion_item title=&#8221;\u00bfC\u00f3mo se aseguran de que la historia de mi marca se comunique eficazmente?&#8221; _builder_version=&#8221;4.24.1&#8243; _module_preset=&#8221;default&#8221; global_colors_info=&#8221;{}&#8221; open=&#8221;off&#8221;]<\/p>\n<p>La elaboraci\u00f3n de contenidos atractivos y cautivadores es la esencia de mi trabajo.<br \/>\nYa sea a trav\u00e9s de art\u00edculos de blog, publicaciones en redes sociales u otros medios, tengo el toque creativo para transmitir la historia de tu marca de una forma convincente que resuene en tu audiencia. <\/p>\n<p>[\/et_pb_accordion_item][et_pb_accordion_item title=&#8221;\u00bfC\u00f3mo te mantienes actualizado con las \u00faltimas pr\u00e1cticas SEO?&#8221; _builder_version=&#8221;4.24.1&#8243; _module_preset=&#8221;default&#8221; global_colors_info=&#8221;{}&#8221; open=&#8221;off&#8221;]<\/p>\n<p>Estar al d\u00eda en el siempre cambiante mundo del SEO es crucial.<br \/>\nMe informo continuamente sobre las \u00faltimas tendencias y estrategias para asegurarme de que tu presencia en Internet ocupa un lugar destacado, atrayendo al p\u00fablico adecuado y aumentando la visibilidad de forma eficaz.<br \/>\nFormo parte de una comunidad de blogueros que se asegura de que siempre estemos al d\u00eda.  <\/p>\n<p>[\/et_pb_accordion_item][et_pb_accordion_item title=&#8221;\u00bfPuedes explicar tu enfoque del marketing online y su eficacia?&#8221; _builder_version=&#8221;4.24.1&#8243; _module_preset=&#8221;default&#8221; global_colors_info=&#8221;{}&#8221; open=&#8221;off&#8221;]<\/p>\n<p>Aprovechando mi experiencia en marketing online, creo y ejecuto campa\u00f1as adaptadas a tu p\u00fablico objetivo.<br \/>\nUtilizando diversos canales y estrategias digitales, impulso la participaci\u00f3n y las conversiones, y en \u00faltima instancia, obtengo resultados cuantificables para tu negocio. <\/p>\n<p>[\/et_pb_accordion_item][\/et_pb_accordion][\/et_pb_column][et_pb_column type=&#8221;1_2&#8243; _builder_version=&#8221;4.16&#8243; _module_preset=&#8221;default&#8221; global_colors_info=&#8221;{}&#8221;][et_pb_accordion db_closeable=&#8221;on&#8221; open_toggle_background_color=&#8221;#FFFFFF&#8221; closed_toggle_background_color=&#8221;#FFFFFF&#8221; _builder_version=&#8221;4.24.1&#8243; _module_preset=&#8221;4c2431f8-f3e3-4209-992d-caa60c7f621d&#8221; closed_toggle_font=&#8221;Merriweather||||||||&#8221; locked=&#8221;off&#8221; global_colors_info=&#8221;{}&#8221;][et_pb_accordion_item title=&#8221;\u00bfC\u00f3mo benefician a mi empresa tus conocimientos sobre el sector tur\u00edstico?&#8221; open=&#8221;on&#8221; _builder_version=&#8221;4.24.1&#8243; _module_preset=&#8221;default&#8221; global_colors_info=&#8221;{}&#8221;]<\/p>\n<p>Mi profundo conocimiento del sector tur\u00edstico me permite navegar por sus entresijos con eficacia.<br \/>\nAl identificar tendencias y oportunidades que otros podr\u00edan pasar por alto, puedo ayudar a posicionar tu marca para que tenga \u00e9xito dentro de tu nicho, impulsando en \u00faltima instancia el crecimiento y la rentabilidad. <\/p>\n<p>[\/et_pb_accordion_item][et_pb_accordion_item title=&#8221;\u00bfQu\u00e9 servicios ofrec\u00e9is en cuanto a creaci\u00f3n de sitios web?&#8221; _builder_version=&#8221;4.24.1&#8243; _module_preset=&#8221;default&#8221; global_colors_info=&#8221;{}&#8221; open=&#8221;off&#8221;]<\/p>\n<p>Tanto si necesitas un nuevo sitio web desde cero como si quieres mejorar el que ya tienes, te tengo cubierto.<br \/>\nMe especializo en crear sitios web f\u00e1ciles de usar y visualmente atractivos, optimizados para las conversiones, que ayuden a convertir a los visitantes en clientes fieles. <\/p>\n<p>[\/et_pb_accordion_item][et_pb_accordion_item title=&#8221;\u00bfC\u00f3mo adaptas tus estrategias de marketing a las peque\u00f1as empresas?&#8221; _builder_version=&#8221;4.24.1&#8243; _module_preset=&#8221;default&#8221; global_colors_info=&#8221;{}&#8221; open=&#8221;off&#8221;]<\/p>\n<p>Entiendo que las peque\u00f1as empresas, como los hoteles boutique o los operadores tur\u00edsticos locales, tienen necesidades y retos \u00fanicos.<br \/>\nPor eso me especializo en elaborar estrategias de marketing adaptadas espec\u00edficamente al tama\u00f1o, presupuesto y objetivos de tu empresa, garantizando la m\u00e1xima eficacia y rentabilidad. <\/p>\n<p>[\/et_pb_accordion_item][\/et_pb_accordion][\/et_pb_column][\/et_pb_row][\/et_pb_section][et_pb_section fb_built=&#8221;1&#8243; admin_label=&#8221;CTA&#8221; _builder_version=&#8221;4.20.0&#8243; _module_preset=&#8221;default&#8221; background_color=&#8221;#FFFFFF&#8221; overflow-x=&#8221;hidden&#8221; global_colors_info=&#8221;{}&#8221;][et_pb_row column_structure=&#8221;1_2,1_2&#8243; _builder_version=&#8221;4.16&#8243; _module_preset=&#8221;default&#8221; global_colors_info=&#8221;{}&#8221;][et_pb_column type=&#8221;1_2&#8243; _builder_version=&#8221;4.16&#8243; _module_preset=&#8221;default&#8221; global_colors_info=&#8221;{}&#8221;][et_pb_image src=&#8221;https:\/\/unique-universe.blog\/wp-content\/uploads\/2022\/10\/Chefchouen-25.jpg&#8221; alt=&#8221;paseando por Chefchouen, la ciudad azul de Marruecos&#8221; title_text=&#8221;Chefchouen-25&#8243; _builder_version=&#8221;4.23.4&#8243; _module_preset=&#8221;default&#8221; border_color_all=&#8221;#BACBA9&#8243; border_width_all_phone=&#8221;10px&#8221; border_width_all_last_edited=&#8221;off|desktop&#8221; locked=&#8221;off&#8221; global_colors_info=&#8221;{}&#8221;][\/et_pb_image][\/et_pb_column][et_pb_column type=&#8221;1_2&#8243; _builder_version=&#8221;4.16&#8243; _module_preset=&#8221;default&#8221; custom_padding=&#8221;0px||||false|false&#8221; custom_padding_tablet=&#8221;60px||||false|false&#8221; custom_padding_phone=&#8221;&#8221; custom_padding_last_edited=&#8221;on|tablet&#8221; global_colors_info=&#8221;{}&#8221;][et_pb_text _builder_version=&#8221;4.21.0&#8243; _module_preset=&#8221;default&#8221; header_2_font=&#8221;Merriweather||||||||&#8221; header_2_text_color=&#8221;#637F50&#8243; header_2_font_size=&#8221;80px&#8221; header_2_font_size_tablet=&#8221;42px&#8221; header_2_font_size_phone=&#8221;26px&#8221; header_2_line_height_tablet=&#8221;&#8221; header_2_line_height_phone=&#8221;1.2em&#8221; header_2_line_height_last_edited=&#8221;on|phone&#8221; locked=&#8221;off&#8221; global_colors_info=&#8221;{}&#8221;]<\/p>\n<h2 style=\"text-align: center;\">Ponte en contacto<\/h2>\n<p>[\/et_pb_text][et_pb_text _builder_version=&#8221;4.21.0&#8243; _module_preset=&#8221;default&#8221; text_font=&#8221;Loto Regular||||||||&#8221; text_font_size=&#8221;24px&#8221; text_line_height=&#8221;1.8em&#8221; text_font_size_tablet=&#8221;&#8221; text_font_size_phone=&#8221;14px&#8221; text_font_size_last_edited=&#8221;on|phone&#8221; locked=&#8221;off&#8221; global_colors_info=&#8221;{}&#8221;]<\/p>\n<p style=\"text-align: center;\">\u00bfTe has topado con un interesante proyecto de turismo sostenible, o est\u00e1s dirigiendo uno? H\u00e1zmelo saber. \u00a1Me encantar\u00eda saber m\u00e1s!<\/p>\n<p>[\/et_pb_text][et_pb_button button_url=&#8221;mailto:dani@unique-universe.blog&#8221; button_text=&#8221;Ponte en contacto&#8221; button_alignment=&#8221;center&#8221; _builder_version=&#8221;4.23.4&#8243; _module_preset=&#8221;default&#8221; custom_button=&#8221;on&#8221; global_colors_info=&#8221;{}&#8221;][\/et_pb_button][\/et_pb_column][\/et_pb_row][\/et_pb_section]<\/p>\n","protected":false},"excerpt":{"rendered":"<p>Gracias a mi amplia experiencia en marketing y relaciones p\u00fablicas dentro del sector tur\u00edstico, soy la colaboradora perfecta para ayudarte a conseguir tus objetivos.<\/p>\n","protected":false},"author":2,"featured_media":0,"parent":0,"menu_order":0,"comment_status":"closed","ping_status":"closed","template":"","meta":{"_et_pb_use_builder":"on","_et_pb_old_content":"","_et_gb_content_width":"","_monsterinsights_skip_tracking":false,"_monsterinsights_sitenote_active":false,"_monsterinsights_sitenote_note":"","_monsterinsights_sitenote_category":0,"footnotes":""},"class_list":["post-51160","page","type-page","status-publish","hentry"],"_links":{"self":[{"href":"https:\/\/unique-universe.blog\/es\/wp-json\/wp\/v2\/pages\/51160","targetHints":{"allow":["GET"]}}],"collection":[{"href":"https:\/\/unique-universe.blog\/es\/wp-json\/wp\/v2\/pages"}],"about":[{"href":"https:\/\/unique-universe.blog\/es\/wp-json\/wp\/v2\/types\/page"}],"author":[{"embeddable":true,"href":"https:\/\/unique-universe.blog\/es\/wp-json\/wp\/v2\/users\/2"}],"replies":[{"embeddable":true,"href":"https:\/\/unique-universe.blog\/es\/wp-json\/wp\/v2\/comments?post=51160"}],"version-history":[{"count":0,"href":"https:\/\/unique-universe.blog\/es\/wp-json\/wp\/v2\/pages\/51160\/revisions"}],"wp:attachment":[{"href":"https:\/\/unique-universe.blog\/es\/wp-json\/wp\/v2\/media?parent=51160"}],"curies":[{"name":"wp","href":"https:\/\/api.w.org\/{rel}","templated":true}]}}