{"id":49033,"date":"2024-02-15T18:16:54","date_gmt":"2024-02-15T17:16:54","guid":{"rendered":"https:\/\/unique-universe.blog\/consejos-para-viajar-de-forma-sostenible\/"},"modified":"2025-05-29T20:25:55","modified_gmt":"2025-05-29T18:25:55","slug":"consejos-para-viajar-de-forma-sostenible","status":"publish","type":"page","link":"https:\/\/unique-universe.blog\/es\/consejos-para-viajar-de-forma-sostenible\/","title":{"rendered":"Consejos para viajar de forma sostenible"},"content":{"rendered":"<p>[et_pb_section fb_built=&#8221;1&#8243; admin_label=&#8221;Header&#8221; _builder_version=&#8221;4.22.0&#8243; _module_preset=&#8221;default&#8221; custom_padding=&#8221;0px||0px||true|false&#8221; collapsed=&#8221;off&#8221; global_colors_info=&#8221;{}&#8221; theme_builder_area=&#8221;post_content&#8221;][et_pb_row column_structure=&#8221;1_2,1_2&#8243; make_equal=&#8221;on&#8221; _builder_version=&#8221;4.27.4&#8243; _module_preset=&#8221;default&#8221; background_enable_image=&#8221;off&#8221; background_size=&#8221;initial&#8221; width=&#8221;100%&#8221; max_width=&#8221;2000px&#8221; custom_padding=&#8221;0px||0px||true|false&#8221; hover_enabled=&#8221;0&#8243; global_colors_info=&#8221;{}&#8221; theme_builder_area=&#8221;post_content&#8221; sticky_enabled=&#8221;0&#8243;][et_pb_column type=&#8221;1_2&#8243; disabled_on=&#8221;on|on|off&#8221; _builder_version=&#8221;4.27.4&#8243; _module_preset=&#8221;default&#8221; background_image=&#8221;https:\/\/unique-universe.blog\/wp-content\/uploads\/2025\/05\/IMG_2296.jpeg&#8221; background_size=&#8221;initial&#8221; background_position=&#8221;top_left&#8221; background_vertical_offset=&#8221;0%&#8221; custom_padding_tablet=&#8221;&#8221; custom_padding_phone=&#8221;19vh||19vh||true|false&#8221; custom_padding_last_edited=&#8221;on|phone&#8221; hover_enabled=&#8221;0&#8243; global_colors_info=&#8221;{}&#8221; theme_builder_area=&#8221;post_content&#8221; alt=&#8221;me at long bay jamaica&#8221; title_text=&#8221;IMG_2296&#8243; sticky_enabled=&#8221;0&#8243;][et_pb_divider show_divider=&#8221;off&#8221; _builder_version=&#8221;4.22.0&#8243; _module_preset=&#8221;default&#8221; height_tablet=&#8221;40vw&#8221; height_phone=&#8221;40vw&#8221; height_last_edited=&#8221;on|desktop&#8221; global_colors_info=&#8221;{}&#8221; theme_builder_area=&#8221;post_content&#8221;][\/et_pb_divider][\/et_pb_column][et_pb_column type=&#8221;1_2&#8243; _builder_version=&#8221;4.27.4&#8243; _module_preset=&#8221;default&#8221; custom_padding=&#8221;5%|8%|5%||true|false&#8221; custom_padding_tablet=&#8221;|||8%|true|false&#8221; custom_padding_phone=&#8221;|||8%|true|false&#8221; custom_padding_last_edited=&#8221;on|tablet&#8221; hover_enabled=&#8221;0&#8243; global_colors_info=&#8221;{}&#8221; theme_builder_area=&#8221;post_content&#8221; sticky_enabled=&#8221;0&#8243;][et_pb_text _builder_version=&#8221;4.27.4&#8243; _module_preset=&#8221;_initial&#8221; header_font=&#8221;Rufina|700|||||||&#8221; header_font_size=&#8221;60px&#8221; header_line_height=&#8221;1.2em&#8221; custom_margin=&#8221;||10px||false|false&#8221; hover_enabled=&#8221;0&#8243; header_font_size_tablet=&#8221;40px&#8221; header_font_size_phone=&#8221;24px&#8221; header_font_size_last_edited=&#8221;on|desktop&#8221; global_colors_info=&#8221;{}&#8221; theme_builder_area=&#8221;post_content&#8221; sticky_enabled=&#8221;0&#8243;]<\/p>\n<h1>Viajes sostenibles<\/h1>\n<p>[\/et_pb_text][et_pb_text _builder_version=&#8221;4.27.4&#8243; _module_preset=&#8221;_initial&#8221; text_font=&#8221;||||||||&#8221; text_font_size=&#8221;18px&#8221; hover_enabled=&#8221;0&#8243; text_font_size_tablet=&#8221;16px&#8221; text_font_size_phone=&#8221;14px&#8221; text_font_size_last_edited=&#8221;on|desktop&#8221; global_colors_info=&#8221;{}&#8221; theme_builder_area=&#8221;post_content&#8221; sticky_enabled=&#8221;0&#8243;]<\/p>\n<blockquote>\n<p><strong><em>Viajar de forma respetuosa con el mundo<\/em><\/strong><\/p>\n<\/blockquote>\n<p>Me siento profundamente agradecida cada vez que cierro la cremallera de mi maleta y emprendo una nueva aventura, porque la libertad de explorar es un privilegio del que pocos disfrutan. Sin embargo, mientras algunos de nosotros vagamos, innumerables comunidades dan la bienvenida a visitantes cuyos d\u00f3lares impulsan sus econom\u00edas locales. En Universo \u00danico, nuestro principio rector es sencillo: <strong>\u201cviajar de forma amable con el mundo\u201d.<\/strong> He aqu\u00ed c\u00f3mo lo hacemos realidad:  <\/p>\n<ul>\n<li>\n<p><strong>Honra tu privilegio<\/strong><br \/>Reconoce que tu viaje es algo m\u00e1s que una escapada: es un sustento econ\u00f3mico para anfitriones, gu\u00edas y artesanos. Elige negocios que compartan beneficios con las comunidades locales y mant\u00e9n tu gasto dentro de los lugares que visitas. <\/p>\n<\/li>\n<li>\n<p><strong>Reduce tu huella<\/strong><br \/>Cambia los pl\u00e1sticos de un solo uso por botellas y bolsas rellenables, opta por el transporte p\u00fablico o las excursiones a tracci\u00f3n humana, y elige alojamientos que midan -y minimicen- su impacto medioambiental.<\/p>\n<\/li>\n<li>\n<p><strong>Invierte en cultura<\/strong><br \/>Busca experiencias aut\u00e9nticas -aprender oficios tradicionales, unirte a caminatas dirigidas por la comunidad o degustar comidas caseras- que respeten el patrimonio y canalicen los ingresos directamente a las familias locales.<\/p>\n<\/li>\n<li>\n<p><strong>Apoya el bienestar a largo plazo<\/strong><br \/>Respalda las iniciativas de conservaci\u00f3n, las empresas sociales y los programas de salarios justos que creen puestos de trabajo sostenibles y preserven los paisajes y las tradiciones que llegamos a admirar.<\/p>\n<\/li>\n<\/ul>\n<p>Si viajamos reflexivamente -conscientes de nuestros privilegios y del poder econ\u00f3mico de nuestras decisiones- podemos convertir cada viaje en una fuerza para el bien. Explora nuestras gu\u00edas, consejos e historias sinceras, y demostremos que la mejor forma de ver el mundo es dejarlo mejor de lo que lo encontramos. <\/p>\n<p>[\/et_pb_text][et_pb_button button_text=&#8221;\u00a1Los geht&apos;s!&#8221; module_id=&#8221;lets_go_button_home&#8221; _builder_version=&#8221;4.27.4&#8243; _module_preset=&#8221;_initial&#8221; custom_padding=&#8221;16px|40px|16px|40px|true|true&#8221; global_colors_info=&#8221;{}&#8221; theme_builder_area=&#8221;post_content&#8221;][\/et_pb_button][\/et_pb_column][\/et_pb_row][\/et_pb_section][et_pb_section fb_built=&#8221;1&#8243; fullwidth=&#8221;on&#8221; _builder_version=&#8221;4.25.2&#8243; _module_preset=&#8221;default&#8221; custom_margin=&#8221;0px||||false|false&#8221; custom_padding=&#8221;0px||||false|false&#8221; global_colors_info=&#8221;{}&#8221; theme_builder_area=&#8221;post_content&#8221;][et_pb_fullwidth_post_slider posts_number=&#8221;3&#8243; include_categories=&#8221;570&#8243; show_meta=&#8221;off&#8221; admin_label=&#8221;Fullwidth Post Slider&#8221; _builder_version=&#8221;4.27.4&#8243; _module_preset=&#8221;default&#8221; background_enable_image=&#8221;off&#8221; hover_enabled=&#8221;0&#8243; global_colors_info=&#8221;{}&#8221; theme_builder_area=&#8221;post_content&#8221; sticky_enabled=&#8221;0&#8243;][\/et_pb_fullwidth_post_slider][\/et_pb_section][et_pb_section fb_built=&#8221;1&#8243; _builder_version=&#8221;4.27.0&#8243; _module_preset=&#8221;default&#8221; global_colors_info=&#8221;{}&#8221; theme_builder_area=&#8221;post_content&#8221;][et_pb_row use_custom_gutter=&#8221;on&#8221; _builder_version=&#8221;4.27.4&#8243; _module_preset=&#8221;default&#8221; width=&#8221;90%&#8221; global_colors_info=&#8221;{}&#8221; theme_builder_area=&#8221;post_content&#8221;][et_pb_column type=&#8221;4_4&#8243; _builder_version=&#8221;4.27.4&#8243; _module_preset=&#8221;default&#8221; custom_padding=&#8221;2vh|2vh|2vh|2vh|true|true&#8221; global_colors_info=&#8221;{}&#8221; theme_builder_area=&#8221;post_content&#8221;][et_pb_blog posts_number=&#8221;9&#8243; include_categories=&#8221;570&#8243; _builder_version=&#8221;4.27.4&#8243; _module_preset=&#8221;default&#8221; hover_enabled=&#8221;0&#8243; dbdb_show_tags=&#8221;off&#8221; global_colors_info=&#8221;{}&#8221; theme_builder_area=&#8221;post_content&#8221; fullwidth=&#8221;off&#8221; sticky_enabled=&#8221;0&#8243;][\/et_pb_blog][\/et_pb_column][\/et_pb_row][\/et_pb_section]<\/p>\n","protected":false},"excerpt":{"rendered":"<p>Viajes sostenibles Viajar de forma respetuosa con el mundo Me siento profundamente agradecida cada vez que cierro la cremallera de mi maleta y emprendo una nueva aventura, porque la libertad de explorar es un privilegio del que pocos disfrutan. Sin embargo, mientras algunos de nosotros vagamos, innumerables comunidades dan la bienvenida a visitantes cuyos d\u00f3lares impulsan sus econom\u00edas locales. En Universo \u00danico, nuestro principio rector es sencillo: \u201cviajar de forma amable con el mundo\u201d. He aqu\u00ed c\u00f3mo lo hacemos realidad: Honra tu privilegioReconoce que tu viaje es algo m\u00e1s que una escapada: es un sustento econ\u00f3mico para anfitriones, gu\u00edas y artesanos. Elige negocios que compartan beneficios con las comunidades locales y mant\u00e9n tu gasto dentro de los lugares que visitas. Reduce tu huellaCambia los pl\u00e1sticos de un solo uso por botellas y bolsas rellenables, opta por el transporte p\u00fablico o las excursiones a tracci\u00f3n humana, y elige alojamientos que midan -y minimicen- su impacto medioambiental. Invierte en culturaBusca experiencias aut\u00e9nticas -aprender oficios tradicionales, unirte a caminatas dirigidas por la comunidad o degustar comidas caseras- que respeten el patrimonio y canalicen los ingresos directamente a las familias locales. Apoya el bienestar a largo plazoRespalda las iniciativas de conservaci\u00f3n, las empresas sociales [&hellip;]<\/p>\n","protected":false},"author":2,"featured_media":0,"parent":0,"menu_order":0,"comment_status":"closed","ping_status":"closed","template":"","meta":{"_et_pb_use_builder":"on","_et_pb_old_content":"","_et_gb_content_width":"","_monsterinsights_skip_tracking":false,"_monsterinsights_sitenote_active":false,"_monsterinsights_sitenote_note":"","_monsterinsights_sitenote_category":0,"footnotes":""},"class_list":["post-49033","page","type-page","status-publish","hentry"],"_links":{"self":[{"href":"https:\/\/unique-universe.blog\/es\/wp-json\/wp\/v2\/pages\/49033","targetHints":{"allow":["GET"]}}],"collection":[{"href":"https:\/\/unique-universe.blog\/es\/wp-json\/wp\/v2\/pages"}],"about":[{"href":"https:\/\/unique-universe.blog\/es\/wp-json\/wp\/v2\/types\/page"}],"author":[{"embeddable":true,"href":"https:\/\/unique-universe.blog\/es\/wp-json\/wp\/v2\/users\/2"}],"replies":[{"embeddable":true,"href":"https:\/\/unique-universe.blog\/es\/wp-json\/wp\/v2\/comments?post=49033"}],"version-history":[{"count":3,"href":"https:\/\/unique-universe.blog\/es\/wp-json\/wp\/v2\/pages\/49033\/revisions"}],"predecessor-version":[{"id":54771,"href":"https:\/\/unique-universe.blog\/es\/wp-json\/wp\/v2\/pages\/49033\/revisions\/54771"}],"wp:attachment":[{"href":"https:\/\/unique-universe.blog\/es\/wp-json\/wp\/v2\/media?parent=49033"}],"curies":[{"name":"wp","href":"https:\/\/api.w.org\/{rel}","templated":true}]}}