{"id":40814,"date":"2018-01-03T21:05:39","date_gmt":"2018-01-03T20:05:39","guid":{"rendered":"https:\/\/unique-universe.blog\/pie-de-imprenta\/"},"modified":"2023-06-12T21:17:23","modified_gmt":"2023-06-12T19:17:23","slug":"pie-de-imprenta","status":"publish","type":"page","link":"https:\/\/unique-universe.blog\/es\/pie-de-imprenta\/","title":{"rendered":"Pie de imprenta"},"content":{"rendered":"<h1 style=\"text-align: center;\"><\/h1>\n<p><strong>Blog Universo \u00danico<\/strong><\/p>\n<p>Daniela K\u00fcsters y Gilla Break<strong><br \/>\n<\/strong>Widenmayerstr. 50<br \/>\n<span style=\"font-weight: 400;\">80538 M\u00fcnchen<\/span><\/p>\n<p><span style=\"color: #4c9391;\"><a style=\"color: #4c9391;\" href=\"mailto:hello@anekdotique.com\">team@unique-universe.blog<\/a><\/span><\/p>\n<p><b>Responsabilidad de contenido, \u00a7 55 II RStV:<\/b><br \/>\nDaniela K\u00fcsters, Widenmayerstr. 50, <span style=\"font-weight: 400;\">80538 M\u00fcnchen, <\/span>dani@unique-universe.blog<\/p>\n<p>Copyright \u00a9 Universo \u00danico. Todos los derechos reservados. Los derechos de autor de los contenidos publicados por el autor en este sitio web est\u00e1n reservados. El uso s\u00f3lo se permite previa autorizaci\u00f3n.<\/p>\n<p><strong>Resoluci\u00f3n de litigios en l\u00ednea<\/strong><br \/>\nLa Comisi\u00f3n Europea ofrece una plataforma de resoluci\u00f3n de litigios en l\u00ednea en http:\/\/ec.europa.eu\/consumers\/odr\/, que t\u00fa, como consumidor, puedes utilizar para resolver un litigio y donde puedes encontrar m\u00e1s informaci\u00f3n sobre la resoluci\u00f3n de litigios.<\/p>\n<p><strong>Cr\u00e9ditos de la foto<br \/>\n<\/strong>Maps by Free Vector Maps: http:\/\/freevectormaps.com<\/p>\n","protected":false},"excerpt":{"rendered":"<p>Blog Universo \u00danico Daniela K\u00fcsters y Gilla Break Widenmayerstr. 50 80538 M\u00fcnchen team@unique-universe.blog Responsabilidad de contenido, \u00a7 55 II RStV: Daniela K\u00fcsters, Widenmayerstr. 50, 80538 M\u00fcnchen, dani@unique-universe.blog Copyright \u00a9 Universo \u00danico. Todos los derechos reservados. Los derechos de autor de los contenidos publicados por el autor en este sitio web est\u00e1n reservados. El uso s\u00f3lo [&hellip;]<\/p>\n","protected":false},"author":2,"featured_media":0,"parent":0,"menu_order":95,"comment_status":"closed","ping_status":"closed","template":"","meta":{"_et_pb_use_builder":"","_et_pb_old_content":"","_et_gb_content_width":"","_monsterinsights_skip_tracking":false,"_monsterinsights_sitenote_active":false,"_monsterinsights_sitenote_note":"","_monsterinsights_sitenote_category":0,"footnotes":""},"class_list":["post-40814","page","type-page","status-publish","hentry"],"_links":{"self":[{"href":"https:\/\/unique-universe.blog\/es\/wp-json\/wp\/v2\/pages\/40814","targetHints":{"allow":["GET"]}}],"collection":[{"href":"https:\/\/unique-universe.blog\/es\/wp-json\/wp\/v2\/pages"}],"about":[{"href":"https:\/\/unique-universe.blog\/es\/wp-json\/wp\/v2\/types\/page"}],"author":[{"embeddable":true,"href":"https:\/\/unique-universe.blog\/es\/wp-json\/wp\/v2\/users\/2"}],"replies":[{"embeddable":true,"href":"https:\/\/unique-universe.blog\/es\/wp-json\/wp\/v2\/comments?post=40814"}],"version-history":[{"count":0,"href":"https:\/\/unique-universe.blog\/es\/wp-json\/wp\/v2\/pages\/40814\/revisions"}],"wp:attachment":[{"href":"https:\/\/unique-universe.blog\/es\/wp-json\/wp\/v2\/media?parent=40814"}],"curies":[{"name":"wp","href":"https:\/\/api.w.org\/{rel}","templated":true}]}}