{"id":40792,"date":"2017-12-14T13:50:34","date_gmt":"2017-12-14T12:50:34","guid":{"rendered":"https:\/\/unique-universe.blog\/sobre-nosotros\/"},"modified":"2023-06-12T21:14:25","modified_gmt":"2023-06-12T19:14:25","slug":"sobre-nosotros","status":"publish","type":"page","link":"https:\/\/unique-universe.blog\/es\/sobre-nosotros\/","title":{"rendered":"Sobre nosotros"},"content":{"rendered":"<p>[et_pb_section fb_built=&#8221;1&#8243; admin_label=&#8221;Header&#8221; _builder_version=&#8221;4.20.0&#8243; _module_preset=&#8221;default&#8221; background_size=&#8221;contain&#8221; background_position=&#8221;top_left&#8221; custom_padding=&#8221;0px||||false|false&#8221; hover_enabled=&#8221;0&#8243; global_colors_info=&#8221;{}&#8221; background_enable_image=&#8221;off&#8221; sticky_enabled=&#8221;0&#8243;][et_pb_row _builder_version=&#8221;4.16&#8243; _module_preset=&#8221;default&#8221; max_width=&#8221;700px&#8221; custom_margin=&#8221;5vw||||false|false&#8221; global_colors_info=&#8221;{}&#8221;][et_pb_column type=&#8221;4_4&#8243; _builder_version=&#8221;4.16&#8243; _module_preset=&#8221;default&#8221; global_colors_info=&#8221;{}&#8221;][et_pb_text _builder_version=&#8221;4.20.0&#8243; _module_preset=&#8221;default&#8221; header_font=&#8221;Merriweather||||||||&#8221; header_2_font=&#8221;Merriweather||||||||&#8221; header_2_text_color=&#8221;#FF6B59&#8243; header_2_font_size=&#8221;80px&#8221; header_2_font_size_tablet=&#8221;42px&#8221; header_2_font_size_phone=&#8221;26px&#8221; header_2_font_size_last_edited=&#8221;on|phone&#8221; header_2_line_height_tablet=&#8221;&#8221; header_2_line_height_phone=&#8221;1.2em&#8221; header_2_line_height_last_edited=&#8221;on|phone&#8221; locked=&#8221;off&#8221; global_colors_info=&#8221;{}&#8221;]<\/p>\n<h2>Nuestra historia<\/h2>\n<p>[\/et_pb_text][et_pb_text _builder_version=&#8221;4.20.0&#8243; _module_preset=&#8221;default&#8221; text_font=&#8221;Karla||||||||&#8221; text_font_size=&#8221;30px&#8221; text_line_height=&#8221;1.5em&#8221; text_font_size_tablet=&#8221;24px&#8221; text_font_size_phone=&#8221;20px&#8221; text_font_size_last_edited=&#8221;on|phone&#8221; global_colors_info=&#8221;{}&#8221;]<\/p>\n<p>Somos Dani y Lauri, dos viajeros en un viaje para descubrir destinos tur\u00edsticos extraordinarios por todo el mundo, al tiempo que defendemos el turismo sostenible. Nuestra misi\u00f3n es inspirar a otros para que exploren el mundo con los ojos bien abiertos y el coraz\u00f3n lleno de amor, escuchen las historias de la gente, vivan con atenci\u00f3n y asuman la responsabilidad de sus actos en lo que se refiere al turismo.<\/p>\n<p>[\/et_pb_text][et_pb_text _builder_version=&#8221;4.20.0&#8243; _module_preset=&#8221;default&#8221; text_font=&#8221;Karla||||||||&#8221; text_line_height=&#8221;1.8em&#8221; text_font_size_tablet=&#8221;&#8221; text_font_size_phone=&#8221;14px&#8221; text_font_size_last_edited=&#8221;on|phone&#8221; locked=&#8221;off&#8221; global_colors_info=&#8221;{}&#8221;]<\/p>\n<p>Mediante la participaci\u00f3n en rituales y rutinas locales, compartimos historias significativas sobre personas \u00fanicas y lugares incre\u00edbles. Tambi\u00e9n te presentamos interesantes oportunidades de negocios sociales y turismo cultural a lo largo del camino, para que puedas experimentar las cosas desde una perspectiva diferente: una que d\u00e9 prioridad a la sostenibilidad y a los viajes responsables.<\/p>\n<p>[\/et_pb_text][\/et_pb_column][\/et_pb_row][\/et_pb_section][et_pb_section fb_built=&#8221;1&#8243; admin_label=&#8221;Mission&#8221; _builder_version=&#8221;4.16&#8243; _module_preset=&#8221;default&#8221; background_image=&#8221;https:\/\/unique-universe.blog\/wp-content\/uploads\/2023\/03\/meditation-center-14.jpg&#8221; parallax=&#8221;on&#8221; custom_padding=&#8221;8vw||8vw||true|false&#8221; global_colors_info=&#8221;{}&#8221;][et_pb_row column_structure=&#8221;1_2,1_2&#8243; _builder_version=&#8221;4.16&#8243; _module_preset=&#8221;default&#8221; global_colors_info=&#8221;{}&#8221;][et_pb_column type=&#8221;1_2&#8243; _builder_version=&#8221;4.16&#8243; _module_preset=&#8221;default&#8221; custom_padding=&#8221;80px||||false|false&#8221; custom_padding_tablet=&#8221;0px||||false|false&#8221; custom_padding_phone=&#8221;&#8221; custom_padding_last_edited=&#8221;on|tablet&#8221; global_colors_info=&#8221;{}&#8221;][et_pb_text _builder_version=&#8221;4.16&#8243; _module_preset=&#8221;default&#8221; header_2_font=&#8221;Crimson Text||||||||&#8221; header_2_text_color=&#8221;#a26737&#8243; header_2_font_size=&#8221;80px&#8221; header_2_font_size_tablet=&#8221;42px&#8221; header_2_font_size_phone=&#8221;26px&#8221; header_2_font_size_last_edited=&#8221;on|phone&#8221; header_2_line_height_tablet=&#8221;&#8221; header_2_line_height_phone=&#8221;1.2em&#8221; header_2_line_height_last_edited=&#8221;on|phone&#8221; locked=&#8221;off&#8221; global_colors_info=&#8221;{}&#8221;]<\/p>\n<h2>Nuestra misi\u00f3n<\/h2>\n<p>[\/et_pb_text][et_pb_text _builder_version=&#8221;4.20.0&#8243; _module_preset=&#8221;default&#8221; text_font=&#8221;Karla||||||||&#8221; text_line_height=&#8221;1.8em&#8221; text_font_size_tablet=&#8221;&#8221; text_font_size_phone=&#8221;14px&#8221; text_font_size_last_edited=&#8221;on|phone&#8221; locked=&#8221;off&#8221; global_colors_info=&#8221;{}&#8221;]<\/p>\n<p>Viajar puede ser una de las experiencias m\u00e1s gratificantes; descubrir nuevas culturas, paisajes y personas forma parte de un viaje. \u00bfPero a qu\u00e9 precio? Ahora que el turismo sigue creciendo a un ritmo sin precedentes, es hora de que los viajeros nos planteemos si nuestro af\u00e1n de descubrimiento nos lleva por un camino menos sostenible que podr\u00eda resultar m\u00e1s perjudicial que beneficioso.<\/p>\n<p>Universo \u00danico tiene la misi\u00f3n de preservar la belleza del planeta y asegurarse de que siga siendo leagroso para las generaciones futuras. Con nuestro Blog Universo \u00danico, cubrimos el turismo sostenible con consejos sobre viajes responsables, sugerencias para actividades ecol\u00f3gicas y relatos detallados sobre turismo comunitario. Nuestro objetivo es capacitarte para que salgas al mundo, te sientas conectado con la naturaleza y al mismo tiempo garantices su conservaci\u00f3n. As\u00ed que \u00fanete a nosotros y explora los diversos lugares, culturas y espacios que ofrece este magn\u00edfico planeta, permiti\u00e9ndonos legar un globo mejor a nuestras generaciones futuras.<\/p>\n<p>[\/et_pb_text][\/et_pb_column][et_pb_column type=&#8221;1_2&#8243; _builder_version=&#8221;4.16&#8243; _module_preset=&#8221;default&#8221; global_colors_info=&#8221;{}&#8221;][et_pb_image src=&#8221;https:\/\/unique-universe.blog\/wp-content\/uploads\/2018\/01\/Zanzibars-beaches-45.jpg&#8221; alt=&#8221;Playa de Nungwi, Sansibar Strand&#8221; title_text=&#8221;Playas de Zanz\u00edbar-45&#8243; _builder_version=&#8221;4.20.0&#8243; _module_preset=&#8221;default&#8221; custom_margin_last_edited=&#8221;off|desktop&#8221; border_width_all=&#8221;30px&#8221; border_color_all=&#8221;#ffffff&#8221; border_width_all_tablet=&#8221;&#8221; border_width_all_phone=&#8221;10px&#8221; border_width_all_last_edited=&#8221;on|phone&#8221; global_colors_info=&#8221;{}&#8221; custom_margin__hover_enabled=&#8221;off|hover&#8221;][\/et_pb_image][\/et_pb_column][\/et_pb_row][\/et_pb_section][et_pb_section fb_built=&#8221;1&#8243; admin_label=&#8221;FAQ&#8221; _builder_version=&#8221;4.20.0&#8243; _module_preset=&#8221;default&#8221; background_color=&#8221;#BACBA9&#8243; global_colors_info=&#8221;{}&#8221;][et_pb_row _builder_version=&#8221;4.16&#8243; _module_preset=&#8221;default&#8221; locked=&#8221;off&#8221; global_colors_info=&#8221;{}&#8221;][et_pb_column type=&#8221;4_4&#8243; _builder_version=&#8221;4.16&#8243; _module_preset=&#8221;default&#8221; global_colors_info=&#8221;{}&#8221;][et_pb_text _builder_version=&#8221;4.20.0&#8243; _module_preset=&#8221;default&#8221; header_2_font=&#8221;Merriweather||||||||&#8221; header_2_text_color=&#8221;#FF6B59&#8243; header_2_font_size=&#8221;80px&#8221; text_orientation=&#8221;center&#8221; header_2_font_size_tablet=&#8221;42px&#8221; header_2_font_size_phone=&#8221;26px&#8221; header_2_font_size_last_edited=&#8221;on|phone&#8221; header_2_line_height_tablet=&#8221;&#8221; header_2_line_height_phone=&#8221;1.2em&#8221; header_2_line_height_last_edited=&#8221;on|phone&#8221; locked=&#8221;off&#8221; global_colors_info=&#8221;{}&#8221;]<\/p>\n<h2>Preguntas frecuentes gratuitas<\/h2>\n<p>[\/et_pb_text][\/et_pb_column][\/et_pb_row][et_pb_row column_structure=&#8221;1_2,1_2&#8243; _builder_version=&#8221;4.16&#8243; _module_preset=&#8221;default&#8221; global_colors_info=&#8221;{}&#8221;][et_pb_column type=&#8221;1_2&#8243; _builder_version=&#8221;4.16&#8243; _module_preset=&#8221;default&#8221; global_colors_info=&#8221;{}&#8221;][et_pb_accordion _builder_version=&#8221;4.20.0&#8243; _module_preset=&#8221;4c2431f8-f3e3-4209-992d-caa60c7f621d&#8221; global_colors_info=&#8221;{}&#8221;][et_pb_accordion_item title=&#8221;\u00bfQu\u00e9 es el turismo comunitario?&#8221; open=&#8221;on&#8221; _builder_version=&#8221;4.20.0&#8243; _module_preset=&#8221;default&#8221; global_colors_info=&#8221;{}&#8221;]<\/p>\n<p>El turismo comunitario es una forma de viaje responsable y sostenible que saca a los viajeros de los caminos trillados y los introduce en las comunidades locales de todo el mundo, \u00a1creando experiencias significativas como ninguna otra! El turismo comunitario te permite conocer de cerca diferentes culturas al tiempo que apoyas a las comunidades locales.  <\/p>\n<p>[\/et_pb_accordion_item][et_pb_accordion_item title=&#8221;\u00bfHas visitado personalmente todos los pa\u00edses?&#8221; _builder_version=&#8221;4.20.0&#8243; _module_preset=&#8221;default&#8221; global_colors_info=&#8221;{}&#8221; open=&#8221;off&#8221;]<\/p>\n<p>S\u00ed. Hemos visitado todos los pa\u00edses, \u00a1y hemos comprobado las actividades y los mejores lugares para alojarte!<\/p>\n<p>[\/et_pb_accordion_item][\/et_pb_accordion][\/et_pb_column][et_pb_column type=&#8221;1_2&#8243; _builder_version=&#8221;4.16&#8243; _module_preset=&#8221;default&#8221; global_colors_info=&#8221;{}&#8221;][et_pb_accordion db_closeable=&#8221;on&#8221; open_toggle_background_color=&#8221;#FFFFFF&#8221; closed_toggle_background_color=&#8221;#FFFFFF&#8221; _builder_version=&#8221;4.20.0&#8243; _module_preset=&#8221;4c2431f8-f3e3-4209-992d-caa60c7f621d&#8221; closed_toggle_font=&#8221;Merriweather||||||||&#8221; locked=&#8221;off&#8221; global_colors_info=&#8221;{}&#8221;][et_pb_accordion_item title=&#8221;\u00bfQu\u00e9 es el turismo sostenible?&#8221; open=&#8221;on&#8221; _builder_version=&#8221;4.20.0&#8243; _module_preset=&#8221;default&#8221; global_colors_info=&#8221;{}&#8221;]<\/p>\n<p>Los viajeros tienden a pensar que la sostenibilidad y la comodidad est\u00e1n re\u00f1idas, pero no es necesariamente as\u00ed. En realidad, podemos combinar nuestro amor por la aventura y la exploraci\u00f3n con pr\u00e1cticas de viaje sostenibles para que todos podamos cosechar los beneficios. El turismo sostenible es algo m\u00e1s que ser respetuoso con el medio ambiente: se trata de garantizar que las comunidades locales sigan prosperando de un modo que respete verdaderamente su cultura y su estilo de vida. No siempre es obvio ni c\u00f3modo, pero su impacto tanto en los habitantes como en los visitantes puede sentirse mucho m\u00e1s all\u00e1 de lo que se ve a simple vista.<\/p>\n<p>[\/et_pb_accordion_item][et_pb_accordion_item title=&#8221;\u00bfSiempre viaj\u00e1is juntos?&#8221; _builder_version=&#8221;4.20.0&#8243; _module_preset=&#8221;default&#8221; global_colors_info=&#8221;{}&#8221; open=&#8221;off&#8221;]<\/p>\n<p>No. \u00a1A los dos nos gusta demasiado viajar solos! \u00bfPor qu\u00e9? Viajar en solitario nos empuja a salir de nuestra zona de confort y es mucho m\u00e1s envolvente.<\/p>\n<p>[\/et_pb_accordion_item][et_pb_accordion_item title=&#8221;\u00bfPor qu\u00e9 siempre est\u00e1s %22de mochilero%22?&#8221; _builder_version=&#8221;4.20.0&#8243; _module_preset=&#8221;default&#8221; global_colors_info=&#8221;{}&#8221; open=&#8221;off&#8221;]<\/p>\n<p>Llevar una mochila en lugar de una maleta nos permite ser mucho m\u00e1s independientes y flexibles. Las mochilas son mucho m\u00e1s f\u00e1ciles de llevar a las casas de los \u00e1rboles, a las caba\u00f1as de la playa, etc.  <\/p>\n<p>[\/et_pb_accordion_item][\/et_pb_accordion][\/et_pb_column][\/et_pb_row][\/et_pb_section][et_pb_section fb_built=&#8221;1&#8243; admin_label=&#8221;CTA&#8221; _builder_version=&#8221;4.20.0&#8243; _module_preset=&#8221;default&#8221; background_color=&#8221;#FFFFFF&#8221; overflow-x=&#8221;hidden&#8221; global_colors_info=&#8221;{}&#8221;][et_pb_row column_structure=&#8221;1_2,1_2&#8243; _builder_version=&#8221;4.16&#8243; _module_preset=&#8221;default&#8221; global_colors_info=&#8221;{}&#8221;][et_pb_column type=&#8221;1_2&#8243; _builder_version=&#8221;4.16&#8243; _module_preset=&#8221;default&#8221; global_colors_info=&#8221;{}&#8221;][et_pb_image src=&#8221;https:\/\/unique-universe.blog\/wp-content\/uploads\/2023\/03\/Dani-19-1.jpg&#8221; title_text=&#8221;Dani-19 (1)&#8221; _builder_version=&#8221;4.20.0&#8243; _module_preset=&#8221;default&#8221; border_width_all=&#8221;10px&#8221; border_color_all=&#8221;#BACBA9&#8243; border_width_all_phone=&#8221;10px&#8221; border_width_all_last_edited=&#8221;off|desktop&#8221; locked=&#8221;off&#8221; global_colors_info=&#8221;{}&#8221;][\/et_pb_image][\/et_pb_column][et_pb_column type=&#8221;1_2&#8243; _builder_version=&#8221;4.16&#8243; _module_preset=&#8221;default&#8221; custom_padding=&#8221;0px||||false|false&#8221; custom_padding_tablet=&#8221;60px||||false|false&#8221; custom_padding_phone=&#8221;&#8221; custom_padding_last_edited=&#8221;on|tablet&#8221; global_colors_info=&#8221;{}&#8221;][et_pb_text _builder_version=&#8221;4.20.0&#8243; _module_preset=&#8221;default&#8221; header_2_font=&#8221;Merriweather||||||||&#8221; header_2_text_color=&#8221;#637F50&#8243; header_2_font_size=&#8221;80px&#8221; header_2_font_size_tablet=&#8221;42px&#8221; header_2_font_size_phone=&#8221;26px&#8221; header_2_font_size_last_edited=&#8221;on|phone&#8221; header_2_line_height_tablet=&#8221;&#8221; header_2_line_height_phone=&#8221;1.2em&#8221; header_2_line_height_last_edited=&#8221;on|phone&#8221; locked=&#8221;off&#8221; global_colors_info=&#8221;{}&#8221;]<\/p>\n<h2>Ponte en contacto<\/h2>\n<p>[\/et_pb_text][et_pb_text _builder_version=&#8221;4.20.0&#8243; _module_preset=&#8221;default&#8221; text_font=&#8221;Loto Regular||||||||&#8221; text_font_size=&#8221;24px&#8221; text_line_height=&#8221;1.8em&#8221; text_font_size_tablet=&#8221;&#8221; text_font_size_phone=&#8221;14px&#8221; text_font_size_last_edited=&#8221;on|phone&#8221; locked=&#8221;off&#8221; global_colors_info=&#8221;{}&#8221;]<\/p>\n<p>\u00bfTe has topado con un interesante proyecto de turismo sostenible, o est\u00e1s dirigiendo uno? H\u00e1zmelo saber. \u00a1Me encantar\u00eda saber m\u00e1s!<\/p>\n<p>[\/et_pb_text][\/et_pb_column][\/et_pb_row][\/et_pb_section]<\/p>\n","protected":false},"excerpt":{"rendered":"<p>Nuestra historiaSomos Dani y Lauri, dos viajeros en un viaje para descubrir destinos tur\u00edsticos extraordinarios por todo el mundo, al tiempo que defendemos el turismo sostenible. Nuestra misi\u00f3n es inspirar a otros para que exploren el mundo con los ojos bien abiertos y el coraz\u00f3n lleno de amor, escuchen las historias de la gente, vivan con atenci\u00f3n y asuman la responsabilidad de sus actos en lo que se refiere al turismo.Mediante la participaci\u00f3n en rituales y rutinas locales, compartimos historias significativas sobre personas \u00fanicas y lugares incre\u00edbles. Tambi\u00e9n te presentamos interesantes oportunidades de negocios sociales y turismo cultural a lo largo del camino, para que puedas experimentar las cosas desde una perspectiva diferente: una que d\u00e9 prioridad a la sostenibilidad y a los viajes responsables.Nuestra misi\u00f3nViajar puede ser una de las experiencias m\u00e1s gratificantes; descubrir nuevas culturas, paisajes y personas forma parte de un viaje. \u00bfPero a qu\u00e9 precio? Ahora que el turismo sigue creciendo a un ritmo sin precedentes, es hora de que los viajeros nos planteemos si nuestro af\u00e1n de descubrimiento nos lleva por un camino menos sostenible que podr\u00eda resultar m\u00e1s perjudicial que beneficioso. Universo \u00danico tiene la misi\u00f3n de preservar la belleza del planeta y asegurarse [&hellip;]<\/p>\n","protected":false},"author":2,"featured_media":26642,"parent":0,"menu_order":90,"comment_status":"closed","ping_status":"closed","template":"","meta":{"_et_pb_use_builder":"on","_et_pb_old_content":"","_et_gb_content_width":"","_monsterinsights_skip_tracking":false,"_monsterinsights_sitenote_active":false,"_monsterinsights_sitenote_note":"","_monsterinsights_sitenote_category":0,"footnotes":""},"class_list":["post-40792","page","type-page","status-publish","has-post-thumbnail","hentry"],"_links":{"self":[{"href":"https:\/\/unique-universe.blog\/es\/wp-json\/wp\/v2\/pages\/40792","targetHints":{"allow":["GET"]}}],"collection":[{"href":"https:\/\/unique-universe.blog\/es\/wp-json\/wp\/v2\/pages"}],"about":[{"href":"https:\/\/unique-universe.blog\/es\/wp-json\/wp\/v2\/types\/page"}],"author":[{"embeddable":true,"href":"https:\/\/unique-universe.blog\/es\/wp-json\/wp\/v2\/users\/2"}],"replies":[{"embeddable":true,"href":"https:\/\/unique-universe.blog\/es\/wp-json\/wp\/v2\/comments?post=40792"}],"version-history":[{"count":0,"href":"https:\/\/unique-universe.blog\/es\/wp-json\/wp\/v2\/pages\/40792\/revisions"}],"wp:featuredmedia":[{"embeddable":true,"href":"https:\/\/unique-universe.blog\/es\/wp-json\/wp\/v2\/media\/26642"}],"wp:attachment":[{"href":"https:\/\/unique-universe.blog\/es\/wp-json\/wp\/v2\/media?parent=40792"}],"curies":[{"name":"wp","href":"https:\/\/api.w.org\/{rel}","templated":true}]}}