{"id":54915,"date":"2025-05-31T17:56:02","date_gmt":"2025-05-31T15:56:02","guid":{"rendered":"https:\/\/unique-universe.blog\/reisehinweise\/"},"modified":"2025-05-31T19:01:15","modified_gmt":"2025-05-31T17:01:15","slug":"reisehinweise","status":"publish","type":"page","link":"https:\/\/unique-universe.blog\/de\/reisehinweise\/","title":{"rendered":"Reisehinweise"},"content":{"rendered":"<p>[et_pb_section fb_built=&#8221;1&#8243; admin_label=&#8221;Header&#8221; _builder_version=&#8221;4.22.0&#8243; _module_preset=&#8221;default&#8221; custom_padding=&#8221;0px||0px||true|false&#8221; collapsed=&#8221;off&#8221; global_colors_info=&#8221;{}&#8221;][et_pb_row column_structure=&#8221;1_2,1_2&#8243; make_equal=&#8221;on&#8221; _builder_version=&#8221;4.27.4&#8243; _module_preset=&#8221;default&#8221; background_enable_image=&#8221;off&#8221; background_size=&#8221;initial&#8221; width=&#8221;100%&#8221; max_width=&#8221;2000px&#8221; custom_padding=&#8221;0px||0px||true|false&#8221; global_colors_info=&#8221;{}&#8221;][et_pb_column type=&#8221;1_2&#8243; disabled_on=&#8221;on|on|off&#8221; _builder_version=&#8221;4.27.4&#8243; _module_preset=&#8221;default&#8221; background_image=&#8221;https:\/\/unique-universe.blog\/wp-content\/uploads\/2023\/07\/Lebanon2.jpeg&#8221; background_size=&#8221;initial&#8221; background_position=&#8221;top_left&#8221; background_vertical_offset=&#8221;0%&#8221; custom_padding_tablet=&#8221;&#8221; custom_padding_phone=&#8221;19vh||19vh||true|false&#8221; custom_padding_last_edited=&#8221;on|phone&#8221; global_colors_info=&#8221;{}&#8221;][et_pb_divider show_divider=&#8221;off&#8221; _builder_version=&#8221;4.22.0&#8243; _module_preset=&#8221;default&#8221; height_tablet=&#8221;40vw&#8221; height_phone=&#8221;40vw&#8221; height_last_edited=&#8221;on|desktop&#8221; global_colors_info=&#8221;{}&#8221;][\/et_pb_divider][\/et_pb_column][et_pb_column type=&#8221;1_2&#8243; _builder_version=&#8221;4.27.4&#8243; _module_preset=&#8221;default&#8221; custom_padding=&#8221;5%|8%|5%||true|false&#8221; custom_padding_tablet=&#8221;|||8%|true|false&#8221; custom_padding_phone=&#8221;|||8%|true|false&#8221; custom_padding_last_edited=&#8221;on|tablet&#8221; global_colors_info=&#8221;{}&#8221;][et_pb_text _builder_version=&#8221;4.27.4&#8243; _module_preset=&#8221;_initial&#8221; header_font=&#8221;Rufina|700|||||||&#8221; header_font_size=&#8221;60px&#8221; header_line_height=&#8221;1.2em&#8221; custom_margin=&#8221;||10px||false|false&#8221; header_font_size_tablet=&#8221;40px&#8221; header_font_size_phone=&#8221;24px&#8221; header_font_size_last_edited=&#8221;on|desktop&#8221; global_colors_info=&#8221;{}&#8221;]<\/p>\n<h1>Reisehinweise <\/h1>\n<p>[\/et_pb_text][et_pb_text _builder_version=&#8221;4.27.4&#8243; _module_preset=&#8221;_initial&#8221; text_font=&#8221;||||||||&#8221; text_font_size=&#8221;18px&#8221; text_font_size_tablet=&#8221;16px&#8221; text_font_size_phone=&#8221;14px&#8221; text_font_size_last_edited=&#8221;on|desktop&#8221; global_colors_info=&#8221;{}&#8221;]<\/p>\n<blockquote>\n<p><strong>Reisen bedeutet nicht nur, Orte von einer Liste abzuhaken; es geht darum, Verbindungen zu kn\u00fcpfen, neugierig zu bleiben und f\u00fcreinander da zu sein &#8211; ganz gleich, wo man sich befindet.<\/strong><\/p>\n<\/blockquote>\n<p data-start=\"0\" data-end=\"374\">In den Jahren meiner Wanderungen von gesch\u00e4ftigen Basaren bis hin zu abgelegenen Bergd\u00f6rfern habe ich gelernt, dass eine reibungslose Reise nicht nur vom Ziel abh\u00e4ngt, sondern von den Menschen, denen man begegnet, den Vorsichtsma\u00dfnahmen, die man trifft, und den kleinen Tricks, die das Leben unterwegs einfacher und lohnender gestalten.<\/p>\n<p data-start=\"542\" data-end=\"560\">Hier finden Sie:<\/p>\n<ul data-start=\"561\" data-end=\"1018\">\n<li data-start=\"561\" data-end=\"682\">\n<p data-start=\"563\" data-end=\"682\"><strong data-start=\"563\" data-end=\"579\">Insider-Tipps<\/strong>, wie man Gespr\u00e4che mit Einheimischen und anderen Reisenden beginnt, sodass man immer eine Geschichte zu erz\u00e4hlen hat.<\/p>\n<\/li>\n<li data-start=\"683\" data-end=\"810\">\n<p data-start=\"685\" data-end=\"810\"><strong data-start=\"685\" data-end=\"706\">Sicherheitsstrategien<\/strong>, die Sie selbstsicher und vorbereitet halten, sei es bei der Navigation durch \u00fcberf\u00fcllte Flugh\u00e4fen oder beim Schutz Ihres Eigentums.<\/p>\n<\/li>\n<li data-start=\"811\" data-end=\"910\">\n<p data-start=\"813\" data-end=\"910\"><strong data-start=\"813\" data-end=\"830\">Fluggesellschafts-Hacks<\/strong>, die Ihnen helfen, Geb\u00fchren zu vermeiden, Upgrades zu erhalten und Langstreckenfl\u00fcge optimal zu nutzen.<\/p>\n<\/li>\n<li data-start=\"911\" data-end=\"1018\">\n<p data-start=\"913\" data-end=\"1018\"><strong data-start=\"913\" data-end=\"938\">Alles dazwischen<\/strong>, vom leichten Packen bis zur Beherrschung \u00f6ffentlicher Verkehrsmittel in einer unbekannten Stadt.<\/p>\n<\/li>\n<\/ul>\n<p data-start=\"1020\" data-end=\"1234\" data-is-last-node=\"\" data-is-only-node=\"\">Ob erfahrener Entdecker oder Neuling auf dem Weg zum ersten Abenteuer, diese praktischen Tipps sollen Ihnen helfen, intelligenter zu reisen, sicher zu bleiben und bedeutungsvolle Erfahrungen zu sammeln &#8211; ganz gleich, wohin Sie der Weg f\u00fchrt.<\/p>\n<p>[\/et_pb_text][et_pb_button button_text=&#8221;Los geht&apos;s!&#8221; module_id=&#8221;lets_go_button_home&#8221; _builder_version=&#8221;4.27.4&#8243; _module_preset=&#8221;_initial&#8221; custom_padding=&#8221;16px|40px|16px|40px|true|true&#8221; global_colors_info=&#8221;{}&#8221;][\/et_pb_button][\/et_pb_column][\/et_pb_row][\/et_pb_section][et_pb_section fb_built=&#8221;1&#8243; fullwidth=&#8221;on&#8221; _builder_version=&#8221;4.25.2&#8243; _module_preset=&#8221;default&#8221; custom_margin=&#8221;0px||||false|false&#8221; custom_padding=&#8221;0px||||false|false&#8221; global_colors_info=&#8221;{}&#8221;][et_pb_fullwidth_post_slider posts_number=&#8221;3&#8243; include_categories=&#8221;570,518&#8243; show_meta=&#8221;off&#8221; admin_label=&#8221;Fullwidth Post Slider&#8221; _builder_version=&#8221;4.27.4&#8243; _module_preset=&#8221;default&#8221; background_enable_image=&#8221;off&#8221; global_colors_info=&#8221;{}&#8221;][\/et_pb_fullwidth_post_slider][\/et_pb_section][et_pb_section fb_built=&#8221;1&#8243; _builder_version=&#8221;4.27.0&#8243; _module_preset=&#8221;default&#8221; global_colors_info=&#8221;{}&#8221;][et_pb_row use_custom_gutter=&#8221;on&#8221; _builder_version=&#8221;4.27.4&#8243; _module_preset=&#8221;default&#8221; width=&#8221;90%&#8221; global_colors_info=&#8221;{}&#8221;][et_pb_column type=&#8221;4_4&#8243; _builder_version=&#8221;4.27.4&#8243; _module_preset=&#8221;default&#8221; custom_padding=&#8221;2vh|2vh|2vh|2vh|true|true&#8221; global_colors_info=&#8221;{}&#8221;][et_pb_blog fullwidth=&#8221;off&#8221; posts_number=&#8221;15&#8243; include_categories=&#8221;569&#8243; _builder_version=&#8221;4.27.4&#8243; _module_preset=&#8221;default&#8221; hover_enabled=&#8221;0&#8243; dbdb_show_tags=&#8221;off&#8221; global_colors_info=&#8221;{}&#8221; sticky_enabled=&#8221;0&#8243;][\/et_pb_blog][\/et_pb_column][\/et_pb_row][\/et_pb_section]<\/p>\n","protected":false},"excerpt":{"rendered":"<p>Reisehinweise Reisen bedeutet nicht nur, Orte von einer Liste abzuhaken; es geht darum, Verbindungen zu kn\u00fcpfen, neugierig zu bleiben und f\u00fcreinander da zu sein &#8211; ganz gleich, wo man sich befindet. In den Jahren meiner Wanderungen von gesch\u00e4ftigen Basaren bis hin zu abgelegenen Bergd\u00f6rfern habe ich gelernt, dass eine reibungslose Reise nicht nur vom Ziel abh\u00e4ngt, sondern von den Menschen, denen man begegnet, den Vorsichtsma\u00dfnahmen, die man trifft, und den kleinen Tricks, die das Leben unterwegs einfacher und lohnender gestalten. Hier finden Sie: Insider-Tipps, wie man Gespr\u00e4che mit Einheimischen und anderen Reisenden beginnt, sodass man immer eine Geschichte zu erz\u00e4hlen hat. Sicherheitsstrategien, die Sie selbstsicher und vorbereitet halten, sei es bei der Navigation durch \u00fcberf\u00fcllte Flugh\u00e4fen oder beim Schutz Ihres Eigentums. Fluggesellschafts-Hacks, die Ihnen helfen, Geb\u00fchren zu vermeiden, Upgrades zu erhalten und Langstreckenfl\u00fcge optimal zu nutzen. Alles dazwischen, vom leichten Packen bis zur Beherrschung \u00f6ffentlicher Verkehrsmittel in einer unbekannten Stadt. Ob erfahrener Entdecker oder Neuling auf dem Weg zum ersten Abenteuer, diese praktischen Tipps sollen Ihnen helfen, intelligenter zu reisen, sicher zu bleiben und bedeutungsvolle Erfahrungen zu sammeln &#8211; ganz gleich, wohin Sie der Weg f\u00fchrt.<\/p>\n","protected":false},"author":2,"featured_media":0,"parent":0,"menu_order":0,"comment_status":"closed","ping_status":"closed","template":"","meta":{"_et_pb_use_builder":"on","_et_pb_old_content":"","_et_gb_content_width":"","_monsterinsights_skip_tracking":false,"_monsterinsights_sitenote_active":false,"_monsterinsights_sitenote_note":"","_monsterinsights_sitenote_category":0,"footnotes":""},"class_list":["post-54915","page","type-page","status-publish","hentry"],"_links":{"self":[{"href":"https:\/\/unique-universe.blog\/de\/wp-json\/wp\/v2\/pages\/54915","targetHints":{"allow":["GET"]}}],"collection":[{"href":"https:\/\/unique-universe.blog\/de\/wp-json\/wp\/v2\/pages"}],"about":[{"href":"https:\/\/unique-universe.blog\/de\/wp-json\/wp\/v2\/types\/page"}],"author":[{"embeddable":true,"href":"https:\/\/unique-universe.blog\/de\/wp-json\/wp\/v2\/users\/2"}],"replies":[{"embeddable":true,"href":"https:\/\/unique-universe.blog\/de\/wp-json\/wp\/v2\/comments?post=54915"}],"version-history":[{"count":2,"href":"https:\/\/unique-universe.blog\/de\/wp-json\/wp\/v2\/pages\/54915\/revisions"}],"predecessor-version":[{"id":54917,"href":"https:\/\/unique-universe.blog\/de\/wp-json\/wp\/v2\/pages\/54915\/revisions\/54917"}],"wp:attachment":[{"href":"https:\/\/unique-universe.blog\/de\/wp-json\/wp\/v2\/media?parent=54915"}],"curies":[{"name":"wp","href":"https:\/\/api.w.org\/{rel}","templated":true}]}}