{"id":54910,"date":"2025-05-31T17:28:08","date_gmt":"2025-05-31T15:28:08","guid":{"rendered":"https:\/\/unique-universe.blog\/gepaeck-und-packtipps\/"},"modified":"2025-05-31T19:01:12","modified_gmt":"2025-05-31T17:01:12","slug":"gepaeck-und-packtipps","status":"publish","type":"page","link":"https:\/\/unique-universe.blog\/de\/gepaeck-und-packtipps\/","title":{"rendered":"Gep\u00e4ck- und Packtipps"},"content":{"rendered":"<p>[et_pb_section fb_built=&#8221;1&#8243; admin_label=&#8221;Header&#8221; _builder_version=&#8221;4.22.0&#8243; _module_preset=&#8221;default&#8221; custom_padding=&#8221;0px||0px||true|false&#8221; collapsed=&#8221;off&#8221; global_colors_info=&#8221;{}&#8221;][et_pb_row column_structure=&#8221;1_2,1_2&#8243; make_equal=&#8221;on&#8221; _builder_version=&#8221;4.27.4&#8243; _module_preset=&#8221;default&#8221; background_enable_image=&#8221;off&#8221; background_size=&#8221;initial&#8221; width=&#8221;100%&#8221; max_width=&#8221;2000px&#8221; custom_padding=&#8221;0px||0px||true|false&#8221; global_colors_info=&#8221;{}&#8221;][et_pb_column type=&#8221;1_2&#8243; disabled_on=&#8221;on|on|off&#8221; _builder_version=&#8221;4.27.4&#8243; _module_preset=&#8221;default&#8221; background_image=&#8221;https:\/\/unique-universe.blog\/wp-content\/uploads\/2024\/02\/IMG_7847.jpg&#8221; background_size=&#8221;initial&#8221; background_position=&#8221;top_left&#8221; background_vertical_offset=&#8221;0%&#8221; custom_padding_tablet=&#8221;&#8221; custom_padding_phone=&#8221;19vh||19vh||true|false&#8221; custom_padding_last_edited=&#8221;on|phone&#8221; global_colors_info=&#8221;{}&#8221;][et_pb_divider show_divider=&#8221;off&#8221; _builder_version=&#8221;4.22.0&#8243; _module_preset=&#8221;default&#8221; height_tablet=&#8221;40vw&#8221; height_phone=&#8221;40vw&#8221; height_last_edited=&#8221;on|desktop&#8221; global_colors_info=&#8221;{}&#8221;][\/et_pb_divider][\/et_pb_column][et_pb_column type=&#8221;1_2&#8243; _builder_version=&#8221;4.27.4&#8243; _module_preset=&#8221;default&#8221; custom_padding=&#8221;5%|8%|5%||true|false&#8221; custom_padding_tablet=&#8221;|||8%|true|false&#8221; custom_padding_phone=&#8221;|||8%|true|false&#8221; custom_padding_last_edited=&#8221;on|tablet&#8221; global_colors_info=&#8221;{}&#8221;][et_pb_text _builder_version=&#8221;4.27.4&#8243; _module_preset=&#8221;_initial&#8221; header_font=&#8221;Rufina|700|||||||&#8221; header_font_size=&#8221;60px&#8221; header_line_height=&#8221;1.2em&#8221; custom_margin=&#8221;||10px||false|false&#8221; header_font_size_tablet=&#8221;40px&#8221; header_font_size_phone=&#8221;24px&#8221; header_font_size_last_edited=&#8221;on|desktop&#8221; global_colors_info=&#8221;{}&#8221;]<\/p>\n<h1>Gep\u00e4ck- und Packtipps<\/h1>\n<p>[\/et_pb_text][et_pb_text _builder_version=&#8221;4.27.4&#8243; _module_preset=&#8221;_initial&#8221; text_font=&#8221;||||||||&#8221; text_font_size=&#8221;18px&#8221; text_font_size_tablet=&#8221;16px&#8221; text_font_size_phone=&#8221;14px&#8221; text_font_size_last_edited=&#8221;on|desktop&#8221; global_colors_info=&#8221;{}&#8221;]<\/p>\n<blockquote>\n<p><strong>Im Laufe der Jahre habe ich gelernt, dass die Wahl des richtigen Gep\u00e4cks nicht nur eine Frage der Kapazit\u00e4t oder Haltbarkeit ist, sondern vielmehr darum geht, einen Reisebegleiter zu finden, der Ihren Reisestil widerspiegelt.<\/strong><\/p>\n<\/blockquote>\n<p>Ob ich von Boot zu Boot springe oder mich durch belebte Stadtm\u00e4rkte schl\u00e4ngele, die Ausr\u00fcstung, die ich bei mir trage, wird zu einem Teil meiner Reise.<\/p>\n<ul>\n<li>\n<p data-start=\"1187\" data-end=\"1232\">Was Sie in diesen Gep\u00e4ckbewertungen erwarten k\u00f6nnen:<\/p>\n<ul data-start=\"1233\" data-end=\"1648\">\n<li data-start=\"1233\" data-end=\"1365\">\n<p data-start=\"1235\" data-end=\"1365\"><strong data-start=\"1235\" data-end=\"1257\">Praktische Einblicke<\/strong> in Gewicht, Man\u00f6vrierf\u00e4higkeit und Stauraum \u2013 damit Sie sich nie wieder \u00fcber das Einpassen in enge Gep\u00e4ckf\u00e4cher \u00e4rgern m\u00fcssen.<\/p>\n<\/li>\n<li data-start=\"1366\" data-end=\"1500\">\n<p data-start=\"1368\" data-end=\"1500\"><strong data-start=\"1368\" data-end=\"1394\">Ethische \u00dcberlegungen<\/strong>, die Marken hervorheben, die sich nachhaltigen Materialien, fairen Arbeitspraktiken und abfallarmer Produktion verschrieben haben.<\/p>\n<\/li>\n<li data-start=\"1501\" data-end=\"1648\">\n<p data-start=\"1503\" data-end=\"1648\"><strong data-start=\"1503\" data-end=\"1525\">Praxistests<\/strong> von Kopfsteinpflasterstra\u00dfen in Lissabon bis zu staubigen Pfaden in Patagonien, um sicherzustellen, dass jede Empfehlung gr\u00fcndlich gepr\u00fcft ist.<\/p>\n<\/li>\n<\/ul>\n<p data-start=\"1650\" data-end=\"1912\" data-is-last-node=\"\" data-is-only-node=\"\">Mein Ziel ist einfach: Ihnen zu helfen, eine fundierte Entscheidung zu treffen, damit sich Ihr Gep\u00e4ck wie ein vertrauensw\u00fcrdiger Freund anf\u00fchlt und nicht wie eine l\u00e4stige Notwendigkeit. Tauchen Sie ein, erkunden Sie die Bewertungen, und lassen Sie uns den Reisebegleiter finden, der Sie auf Ihrem n\u00e4chsten unvergesslichen Abenteuer begleiten wird. <\/p>\n<\/li>\n<\/ul>\n<p>[\/et_pb_text][et_pb_button button_text=&#8221;Los geht&apos;s!&#8221; module_id=&#8221;lets_go_button_home&#8221; _builder_version=&#8221;4.27.4&#8243; _module_preset=&#8221;_initial&#8221; custom_padding=&#8221;16px|40px|16px|40px|true|true&#8221; global_colors_info=&#8221;{}&#8221;][\/et_pb_button][\/et_pb_column][\/et_pb_row][\/et_pb_section][et_pb_section fb_built=&#8221;1&#8243; fullwidth=&#8221;on&#8221; _builder_version=&#8221;4.25.2&#8243; _module_preset=&#8221;default&#8221; custom_margin=&#8221;0px||||false|false&#8221; custom_padding=&#8221;0px||||false|false&#8221; global_colors_info=&#8221;{}&#8221;][et_pb_fullwidth_post_slider posts_number=&#8221;3&#8243; include_categories=&#8221;570,568,569,579&#8243; show_meta=&#8221;off&#8221; admin_label=&#8221;Fullwidth Post Slider&#8221; _builder_version=&#8221;4.27.4&#8243; _module_preset=&#8221;default&#8221; background_enable_image=&#8221;off&#8221; global_colors_info=&#8221;{}&#8221;][\/et_pb_fullwidth_post_slider][\/et_pb_section][et_pb_section fb_built=&#8221;1&#8243; _builder_version=&#8221;4.27.0&#8243; _module_preset=&#8221;default&#8221; global_colors_info=&#8221;{}&#8221;][et_pb_row column_structure=&#8221;1_3,1_3,1_3&#8243; use_custom_gutter=&#8221;on&#8221; _builder_version=&#8221;4.27.4&#8243; _module_preset=&#8221;default&#8221; width=&#8221;90%&#8221; global_colors_info=&#8221;{}&#8221;][et_pb_column type=&#8221;1_3&#8243; _builder_version=&#8221;4.27.4&#8243; _module_preset=&#8221;default&#8221; custom_padding=&#8221;2vh|2vh|2vh|2vh|true|true&#8221; global_colors_info=&#8221;{}&#8221;][et_pb_text module_id=&#8221;check-in&#8221; _builder_version=&#8221;4.27.4&#8243; _module_preset=&#8221;default&#8221; global_colors_info=&#8221;{}&#8221;]<\/p>\n<h2>Aufgegebenes Gep\u00e4ck<\/h2>\n<p>[\/et_pb_text][et_pb_blog fullwidth=&#8221;off&#8221; posts_number=&#8221;9&#8243; include_categories=&#8221;569&#8243; _builder_version=&#8221;4.27.4&#8243; _module_preset=&#8221;default&#8221; dbdb_show_tags=&#8221;off&#8221; global_colors_info=&#8221;{}&#8221;][\/et_pb_blog][\/et_pb_column][et_pb_column type=&#8221;1_3&#8243; _builder_version=&#8221;4.27.4&#8243; _module_preset=&#8221;default&#8221; custom_padding=&#8221;2vh|2vh|2vh|2vh|true|true&#8221; global_colors_info=&#8221;{}&#8221;][et_pb_text _builder_version=&#8221;4.27.4&#8243; _module_preset=&#8221;default&#8221; hover_enabled=&#8221;0&#8243; global_colors_info=&#8221;{}&#8221; module_id=&#8221;carry-on&#8221; sticky_enabled=&#8221;0&#8243;]<\/p>\n<h2>Handgep\u00e4ck<\/h2>\n<p>[\/et_pb_text][et_pb_blog fullwidth=&#8221;off&#8221; posts_number=&#8221;4&#8243; include_categories=&#8221;570,568&#8243; _builder_version=&#8221;4.27.4&#8243; _module_preset=&#8221;default&#8221; hover_enabled=&#8221;0&#8243; dbdb_show_tags=&#8221;off&#8221; global_colors_info=&#8221;{}&#8221; sticky_enabled=&#8221;0&#8243;][\/et_pb_blog][\/et_pb_column][et_pb_column type=&#8221;1_3&#8243; _builder_version=&#8221;4.27.4&#8243; _module_preset=&#8221;default&#8221; custom_padding=&#8221;2vh|2vh|2vh|2vh|true|true&#8221; global_colors_info=&#8221;{}&#8221;][et_pb_text _builder_version=&#8221;4.27.4&#8243; _module_preset=&#8221;default&#8221; hover_enabled=&#8221;0&#8243; global_colors_info=&#8221;{}&#8221; module_id=&#8221;packing&#8221; sticky_enabled=&#8221;0&#8243;]<\/p>\n<h2>Packtipps<\/h2>\n<p>[\/et_pb_text][et_pb_blog fullwidth=&#8221;off&#8221; posts_number=&#8221;9&#8243; include_categories=&#8221;567&#8243; _builder_version=&#8221;4.27.4&#8243; _module_preset=&#8221;default&#8221; dbdb_show_tags=&#8221;off&#8221; global_colors_info=&#8221;{}&#8221;][\/et_pb_blog][\/et_pb_column][\/et_pb_row][\/et_pb_section]<\/p>\n","protected":false},"excerpt":{"rendered":"<p>Gep\u00e4ck- und Packtipps Im Laufe der Jahre habe ich gelernt, dass die Wahl des richtigen Gep\u00e4cks nicht nur eine Frage der Kapazit\u00e4t oder Haltbarkeit ist, sondern vielmehr darum geht, einen Reisebegleiter zu finden, der Ihren Reisestil widerspiegelt. Ob ich von Boot zu Boot springe oder mich durch belebte Stadtm\u00e4rkte schl\u00e4ngele, die Ausr\u00fcstung, die ich bei mir trage, wird zu einem Teil meiner Reise. Was Sie in diesen Gep\u00e4ckbewertungen erwarten k\u00f6nnen: Praktische Einblicke in Gewicht, Man\u00f6vrierf\u00e4higkeit und Stauraum \u2013 damit Sie sich nie wieder \u00fcber das Einpassen in enge Gep\u00e4ckf\u00e4cher \u00e4rgern m\u00fcssen. Ethische \u00dcberlegungen, die Marken hervorheben, die sich nachhaltigen Materialien, fairen Arbeitspraktiken und abfallarmer Produktion verschrieben haben. Praxistests von Kopfsteinpflasterstra\u00dfen in Lissabon bis zu staubigen Pfaden in Patagonien, um sicherzustellen, dass jede Empfehlung gr\u00fcndlich gepr\u00fcft ist. Mein Ziel ist einfach: Ihnen zu helfen, eine fundierte Entscheidung zu treffen, damit sich Ihr Gep\u00e4ck wie ein vertrauensw\u00fcrdiger Freund anf\u00fchlt und nicht wie eine l\u00e4stige Notwendigkeit. Tauchen Sie ein, erkunden Sie die Bewertungen, und lassen Sie uns den Reisebegleiter finden, der Sie auf Ihrem n\u00e4chsten unvergesslichen Abenteuer begleiten wird. Aufgegebenes Gep\u00e4ckHandgep\u00e4ckPacktipps<\/p>\n","protected":false},"author":2,"featured_media":0,"parent":0,"menu_order":0,"comment_status":"closed","ping_status":"closed","template":"","meta":{"_et_pb_use_builder":"on","_et_pb_old_content":"","_et_gb_content_width":"","_monsterinsights_skip_tracking":false,"_monsterinsights_sitenote_active":false,"_monsterinsights_sitenote_note":"","_monsterinsights_sitenote_category":0,"footnotes":""},"class_list":["post-54910","page","type-page","status-publish","hentry"],"_links":{"self":[{"href":"https:\/\/unique-universe.blog\/de\/wp-json\/wp\/v2\/pages\/54910","targetHints":{"allow":["GET"]}}],"collection":[{"href":"https:\/\/unique-universe.blog\/de\/wp-json\/wp\/v2\/pages"}],"about":[{"href":"https:\/\/unique-universe.blog\/de\/wp-json\/wp\/v2\/types\/page"}],"author":[{"embeddable":true,"href":"https:\/\/unique-universe.blog\/de\/wp-json\/wp\/v2\/users\/2"}],"replies":[{"embeddable":true,"href":"https:\/\/unique-universe.blog\/de\/wp-json\/wp\/v2\/comments?post=54910"}],"version-history":[{"count":2,"href":"https:\/\/unique-universe.blog\/de\/wp-json\/wp\/v2\/pages\/54910\/revisions"}],"predecessor-version":[{"id":54914,"href":"https:\/\/unique-universe.blog\/de\/wp-json\/wp\/v2\/pages\/54910\/revisions\/54914"}],"wp:attachment":[{"href":"https:\/\/unique-universe.blog\/de\/wp-json\/wp\/v2\/media?parent=54910"}],"curies":[{"name":"wp","href":"https:\/\/api.w.org\/{rel}","templated":true}]}}