{"id":51166,"date":"2024-03-21T08:15:11","date_gmt":"2024-03-21T07:15:11","guid":{"rendered":"https:\/\/unique-universe.blog\/reiseplanungsservice-lass-uns-deine-nachhaltige-reise-planen\/"},"modified":"2024-09-02T21:51:01","modified_gmt":"2024-09-02T19:51:01","slug":"reiseplanungsservice-lass-uns-deine-nachhaltige-reise-planen","status":"publish","type":"page","link":"https:\/\/unique-universe.blog\/de\/reiseplanungsservice-lass-uns-deine-nachhaltige-reise-planen\/","title":{"rendered":"Reiseplanungsservice | Lass uns deine nachhaltige Reise planen"},"content":{"rendered":"<p>[et_pb_section fb_built=&#8221;1&#8243; admin_label=&#8221;Header&#8221; _builder_version=&#8221;4.20.0&#8243; _module_preset=&#8221;default&#8221; background_enable_image=&#8221;off&#8221; background_size=&#8221;contain&#8221; background_position=&#8221;top_left&#8221; custom_padding=&#8221;0px||||false|false&#8221; global_colors_info=&#8221;{}&#8221;][et_pb_row _builder_version=&#8221;4.16&#8243; _module_preset=&#8221;default&#8221; max_width=&#8221;700px&#8221; custom_margin=&#8221;5vw||||false|false&#8221; global_colors_info=&#8221;{}&#8221;][et_pb_column type=&#8221;4_4&#8243; _builder_version=&#8221;4.16&#8243; _module_preset=&#8221;default&#8221; global_colors_info=&#8221;{}&#8221;][et_pb_text _builder_version=&#8221;4.24.1&#8243; _module_preset=&#8221;default&#8221; header_font=&#8221;||||||||&#8221; header_font_size=&#8221;40px&#8221; header_2_font=&#8221;Merriweather||||||||&#8221; header_2_text_color=&#8221;#FF6B59&#8243; header_2_font_size=&#8221;80px&#8221; header_2_font_size_tablet=&#8221;42px&#8221; header_2_font_size_phone=&#8221;26px&#8221; header_2_line_height_tablet=&#8221;&#8221; header_2_line_height_phone=&#8221;1.2em&#8221; header_2_line_height_last_edited=&#8221;on|phone&#8221; locked=&#8221;off&#8221; global_colors_info=&#8221;{}&#8221;]<\/p>\n<h2 style=\"text-align: center;\">Lass uns deine Reise planen<\/h2>\n<p>[\/et_pb_text][et_pb_text _builder_version=&#8221;4.24.1&#8243; _module_preset=&#8221;default&#8221; text_font=&#8221;Karla||||||||&#8221; text_font_size=&#8221;30px&#8221; text_line_height=&#8221;1.5em&#8221; text_font_size_tablet=&#8221;24px&#8221; text_font_size_phone=&#8221;20px&#8221; text_font_size_last_edited=&#8221;on|phone&#8221; global_colors_info=&#8221;{}&#8221;]<\/p>\n<p style=\"text-align: center;\"><span style=\"font-weight: 400;\">Du reist leidenschaftlich gerne, hasst aber das stundenlange Durchst\u00f6bern von Websites, um einen umweltvertr\u00e4glichen Ausflug abseits der \u00fcblichen Touristenpfade zu planen?  <\/span><\/p>\n<p>[\/et_pb_text][et_pb_text _builder_version=&#8221;4.24.1&#8243; _module_preset=&#8221;default&#8221; text_font=&#8221;Karla||||||||&#8221; text_line_height=&#8221;1.8em&#8221; text_font_size_tablet=&#8221;&#8221; text_font_size_phone=&#8221;14px&#8221; text_font_size_last_edited=&#8221;on|phone&#8221; locked=&#8221;off&#8221; global_colors_info=&#8221;{}&#8221;]<\/p>\n<p style=\"text-align: center;\"><span style=\"font-weight: 400;\">Als verantwortungsbewusste Reisende wissen wir, dass es immer wichtiger wird, unseren \u00f6kologischen Fu\u00dfabdruck zu minimieren und einen positiven Beitrag zu den Reisezielen zu leisten, die wir besuchen.<\/span><\/p>\n<p style=\"text-align: center;\"><span style=\"font-weight: 400;\">Die Planung einer nachhaltigen Reise kann jedoch ein komplexes Unterfangen sein.<br \/>\nDabei gilt es, eine Vielzahl von Herausforderungen zu meistern, von der Auswahl umweltfreundlicher Unterk\u00fcnfte und Transportm\u00f6glichkeiten bis hin zur Unterst\u00fctzung lokaler Gemeinschaften und dem Respekt vor indigenen Kulturen.   <\/span><\/p>\n<p style=\"text-align: center;\"><span style=\"font-weight: 400;\">Wir haben es uns zur Aufgabe gemacht, unvergessliche Reisen zusammenzustellen, die nicht nur dein Fernweh wecken, sondern auch einen positiven Einfluss auf unseren Planeten haben.<br \/>\nWir glauben, dass Reisen eine bereichernde Erfahrung sein sollte, die die Umwelt respektiert, lokale Gemeinschaften unterst\u00fctzt und verborgene Sch\u00e4tze abseits der ausgetretenen Pfade entdeckt. <\/span><\/p>\n<p>[\/et_pb_text][\/et_pb_column][\/et_pb_row][\/et_pb_section][et_pb_section fb_built=&#8221;1&#8243; admin_label=&#8221;Mission&#8221; _builder_version=&#8221;4.16&#8243; _module_preset=&#8221;default&#8221; background_image=&#8221;https:\/\/unique-universe.blog\/wp-content\/uploads\/2023\/03\/meditation-center-14.jpg&#8221; parallax=&#8221;on&#8221; custom_padding=&#8221;8vw||8vw||true|false&#8221; global_colors_info=&#8221;{}&#8221;][et_pb_row column_structure=&#8221;1_2,1_2&#8243; _builder_version=&#8221;4.16&#8243; _module_preset=&#8221;default&#8221; global_colors_info=&#8221;{}&#8221;][et_pb_column type=&#8221;1_2&#8243; _builder_version=&#8221;4.16&#8243; _module_preset=&#8221;default&#8221; custom_padding=&#8221;80px||||false|false&#8221; custom_padding_tablet=&#8221;0px||||false|false&#8221; custom_padding_phone=&#8221;&#8221; custom_padding_last_edited=&#8221;on|tablet&#8221; global_colors_info=&#8221;{}&#8221;][et_pb_text _builder_version=&#8221;4.24.1&#8243; _module_preset=&#8221;default&#8221; header_2_font=&#8221;||||||||&#8221; header_2_text_color=&#8221;#637F50&#8243; header_2_font_size=&#8221;80px&#8221; header_2_font_size_tablet=&#8221;42px&#8221; header_2_font_size_phone=&#8221;26px&#8221; header_2_line_height_tablet=&#8221;&#8221; header_2_line_height_phone=&#8221;1.2em&#8221; header_2_line_height_last_edited=&#8221;on|phone&#8221; locked=&#8221;off&#8221; global_colors_info=&#8221;{}&#8221;]<\/p>\n<h2><span style=\"font-weight: 400;\">Triff deinen Reiseplaner  <\/span><\/h2>\n<p><span style=\"font-weight: 400;\">Ich bin Dani, und meine Aufgabe ist es, dir dabei zu helfen, die besten nachhaltigen Reiseerlebnisse zu entdecken.<br \/>\nDazu geh\u00f6rt alles, von umweltfreundlichen Unterk\u00fcnften \u00fcber lokale Handwerker bis hin zu au\u00dfergew\u00f6hnlichen Abenteuern wie gemeindebasierte Tourismusinitiativen. <\/span><\/p>\n<p><span style=\"font-weight: 400;\">Ich bin selbst eine begeisterte Reisende und liebe es, das Unbekannte zu erkunden.<br \/>\nEgal, ob es darum geht, unkonventionelle Eskapaden zu unternehmen oder das vielf\u00e4ltige kulturelle Angebot einer Stadt zu genie\u00dfen &#8211; ich bin immer f\u00fcr ein Abenteuer zu haben. <\/span><\/p>\n<p><span style=\"font-weight: 400;\">Mit meinem Hintergrund als Tourismusprofi bin ich gut ger\u00fcstet, um deine Reise genau auf deine W\u00fcnsche zuzuschneiden, egal ob du ein luxuri\u00f6ses Erlebnis oder ein intensiveres lokales Abenteuer suchst.<\/span><\/p>\n<p><span style=\"font-weight: 400;\">Wie kann ich dir helfen?<\/span><\/p>\n<ol>\n<li style=\"font-weight: 400;\" aria-level=\"1\"><span style=\"font-weight: 400;\">Telefonische Beratung:  <\/span><\/li>\n<li style=\"font-weight: 400;\" aria-level=\"1\"><span style=\"font-weight: 400;\">Kompletter Reiseplanungs-Service<\/span><\/li>\n<\/ol>\n<p>[\/et_pb_text][\/et_pb_column][et_pb_column type=&#8221;1_2&#8243; _builder_version=&#8221;4.16&#8243; _module_preset=&#8221;default&#8221; global_colors_info=&#8221;{}&#8221;][et_pb_image src=&#8221;https:\/\/unique-universe.blog\/wp-content\/uploads\/2024\/02\/work-with-me.jpg&#8221; alt=&#8221;Nungwi Strand, Sansibar Strand&#8221; title_text=&#8221;mit mir arbeiten&#8221; _builder_version=&#8221;4.24.1&#8243; _module_preset=&#8221;default&#8221; custom_margin_last_edited=&#8221;off|desktop&#8221; border_width_all=&#8221;30px&#8221; border_color_all=&#8221;#ffffff&#8221; border_width_all_tablet=&#8221;&#8221; border_width_all_phone=&#8221;10px&#8221; border_width_all_last_edited=&#8221;on|phone&#8221; global_colors_info=&#8221;{}&#8221; custom_margin__hover_enabled=&#8221;off|hover&#8221;][\/et_pb_image][\/et_pb_column][\/et_pb_row][\/et_pb_section][et_pb_section fb_built=&#8221;1&#8243; fullwidth=&#8221;on&#8221; _builder_version=&#8221;4.24.1&#8243; _module_preset=&#8221;default&#8221; global_colors_info=&#8221;{}&#8221;][et_pb_fullwidth_header title=&#8221;Was du bekommst&#8221; _builder_version=&#8221;4.24.1&#8243; _module_preset=&#8221;default&#8221; content_line_height=&#8221;1.8em&#8221; background_color=&#8221;#637F50&#8243; global_colors_info=&#8221;{}&#8221;]<\/p>\n<p><strong>Wenn du unseren Fragebogen zur Reiseplanung ausgef\u00fcllt hast, erstelle ich eine ma\u00dfgeschneiderte Reiseroute, die Folgendes beinhaltet:<\/strong><\/p>\n<p><span style=\"font-weight: 400;\">&#8211; Eine Auswahl von mindestens drei Unterkunftsm\u00f6glichkeiten.<\/span><\/p>\n<p><span style=\"font-weight: 400;\">&#8211; Ein detaillierter Reiseplan von Stunde zu Stunde.<\/span><\/p>\n<p><span style=\"font-weight: 400;\">&#8211; Klare Wegbeschreibung und praktische Tipps zum Transport.<\/span><\/p>\n<p><span style=\"font-weight: 400;\">&#8211; Bequeme Links f\u00fcr die Buchung und den Zugang zu Informationen.<\/span><\/p>\n<p><span style=\"font-weight: 400;\">&#8211; Wichtige Informationen \u00fcber jede Aktivit\u00e4t.<\/span><\/p>\n<p><span style=\"font-weight: 400;\">&#8211; Pers\u00f6nliche Empfehlungen, die genau auf dich zugeschnitten sind.<\/span><\/p>\n<p><span style=\"font-weight: 400;\">&#8211; Zwei \u00dcberarbeitungsrunden, um sicherzustellen, dass deine Traumreise Gestalt annimmt.<\/span><\/p>\n<p><span style=\"font-weight: 400;\">&#8211; Visuelle Darstellung auf einer Google Map zur einfachen Orientierung.<\/span><\/p>\n<p><span style=\"font-weight: 400;\">&#8211; Eine Liste mit zus\u00e4tzlichen Empfehlungen, die du nach eigenem Ermessen einbauen kannst.<\/span><\/p>\n<p>[\/et_pb_fullwidth_header][\/et_pb_section][et_pb_section fb_built=&#8221;1&#8243; _builder_version=&#8221;4.24.1&#8243; _module_preset=&#8221;default&#8221; global_colors_info=&#8221;{}&#8221;][et_pb_row column_structure=&#8221;1_2,1_2&#8243; _builder_version=&#8221;4.16&#8243; _module_preset=&#8221;default&#8221; global_colors_info=&#8221;{}&#8221;][et_pb_column type=&#8221;1_2&#8243; _builder_version=&#8221;4.16&#8243; _module_preset=&#8221;default&#8221; custom_padding=&#8221;80px||||false|false&#8221; custom_padding_tablet=&#8221;0px||||false|false&#8221; custom_padding_phone=&#8221;&#8221; custom_padding_last_edited=&#8221;on|tablet&#8221; global_colors_info=&#8221;{}&#8221;][et_pb_image src=&#8221;https:\/\/unique-universe.blog\/wp-content\/uploads\/2023\/10\/IMG_3437.jpg&#8221; alt=&#8221;Ich auf einem Tagesausflug von Beirut&#8221; title_text=&#8221;Beirut&#8221; _builder_version=&#8221;4.24.1&#8243; _module_preset=&#8221;default&#8221; custom_margin_last_edited=&#8221;off|desktop&#8221; border_width_all=&#8221;30px&#8221; border_color_all=&#8221;#ffffff&#8221; border_width_all_tablet=&#8221;&#8221; border_width_all_phone=&#8221;10px&#8221; border_width_all_last_edited=&#8221;on|phone&#8221; global_colors_info=&#8221;{}&#8221; custom_margin__hover_enabled=&#8221;off|hover&#8221;][\/et_pb_image][\/et_pb_column][et_pb_column type=&#8221;1_2&#8243; _builder_version=&#8221;4.16&#8243; _module_preset=&#8221;default&#8221; global_colors_info=&#8221;{}&#8221;][et_pb_text _builder_version=&#8221;4.24.1&#8243; _module_preset=&#8221;default&#8221; header_2_font=&#8221;||||||||&#8221; header_2_text_color=&#8221;#637F50&#8243; header_2_font_size=&#8221;80px&#8221; header_2_font_size_tablet=&#8221;42px&#8221; header_2_font_size_phone=&#8221;26px&#8221; header_2_line_height_tablet=&#8221;&#8221; header_2_line_height_phone=&#8221;1.2em&#8221; header_2_line_height_last_edited=&#8221;on|phone&#8221; locked=&#8221;off&#8221; global_colors_info=&#8221;{}&#8221;]<\/p>\n<h2><span style=\"font-weight: 400;\">Warum mich w\u00e4hlen?<\/span><\/h2>\n<p><span style=\"font-weight: 400;\">Warum sollte ich dein pers\u00f6nlicher Reiseplaner sein?<\/span><\/p>\n<ol>\n<li><span style=\"font-weight: 400;\"> <strong> Transparenz ist mein Grundsatz:<\/strong> Ich erhalte keine Schmiergelder oder Provisionen, um sicherzustellen, dass die Empfehlungen, die du erh\u00e4ltst, ehrlich und unvoreingenommen sind und keine finanziellen Anreize beinhalten.<\/span><\/li>\n<li><span style=\"font-weight: 400;\"> <strong> Umfassende regionale Kenntnisse:<\/strong> Ich werde deine Reise nicht planen, wenn ich mich in der Region nicht gut auskenne.<br \/>\nIch bin der festen \u00dcberzeugung, dass du, wenn du einen pers\u00f6nlichen Reiseplaner engagierst, Insidertipps von jemandem verdienst, der das Reiseziel genau kennt.<br \/>\nDu kannst dir sicher sein, dass ich dir keine Touristenfallen oder minderwertige Erlebnisse vorschlagen werde.  <\/span><\/li>\n<li><span style=\"font-weight: 400;\"> <strong> Gleicher Service f\u00fcr alle:<\/strong> Meine Preise richten sich nach Faktoren wie der Dauer deiner Reise oder besonderen Umst\u00e4nden wie gr\u00f6\u00dferen Gruppen oder engen Zeitpl\u00e4nen.<br \/>\nIch berechne keine Extrakosten f\u00fcr Premiumleistungen, weil ich daran glaube, dass die Reiseplanung einfach und f\u00fcr alle zug\u00e4nglich sein sollte. <\/span><\/li>\n<li><span style=\"font-weight: 400;\"> <strong> Du brauchst keine speziellen Apps oder Software:<\/strong> Im Gegensatz zu anderen pers\u00f6nlichen Reiseplanern, die sich auf propriet\u00e4re Software verlassen, verwende ich webbasierte Google-Produkte, so dass du problemlos auf deine Reiseroute zugreifen kannst, ohne ein Google-Konto zu ben\u00f6tigen.<\/span><\/li>\n<li><span style=\"font-weight: 400;\"> <strong> Ein leidenschaftlicher Reisender:<\/strong> Ich teile in meinem Blog eine F\u00fclle von kostenlosen Reisetipps, weil es mir ein echtes Anliegen ist, dass jeder Zugang zu zuverl\u00e4ssigen und pers\u00f6nlich getesteten Reiseempfehlungen hat.<br \/>\nIch empfehle nur, was ich selbst f\u00fcr meine eigenen Reisen w\u00e4hlen w\u00fcrde. <\/span><\/li>\n<li><span style=\"font-weight: 400;\"> <strong> Ein Engagement f\u00fcr lokale Unternehmen:<\/strong> Ich neige dazu, auf meinen Reisen die lokale Wirtschaft zu unterst\u00fctzen. Das bedeutet, dass ich, wann immer es m\u00f6glich ist, lokale Gesch\u00e4fte den Ketten vorziehe.<\/span><\/li>\n<li><span style=\"font-weight: 400;\"> <strong> Bew\u00e4hrte Erfolgsbilanz:<\/strong> Fr\u00fchere Kunden, die meinen Reiseplanungsservice in Anspruch genommen haben, waren mit den Ergebnissen sehr zufrieden, und ich erhalte immer wieder positive Nachrichten von Menschen, die meine Reisetipps bei der Planung ihrer eigenen Reisen erfolgreich befolgt haben.<\/span><\/li>\n<\/ol>\n<p>[\/et_pb_text][\/et_pb_column][\/et_pb_row][\/et_pb_section][et_pb_section fb_built=&#8221;1&#8243; admin_label=&#8221;FAQ&#8221; _builder_version=&#8221;4.20.0&#8243; _module_preset=&#8221;default&#8221; background_color=&#8221;#BACBA9&#8243; global_colors_info=&#8221;{}&#8221;][et_pb_row _builder_version=&#8221;4.16&#8243; _module_preset=&#8221;default&#8221; locked=&#8221;off&#8221; global_colors_info=&#8221;{}&#8221;][et_pb_column type=&#8221;4_4&#8243; _builder_version=&#8221;4.16&#8243; _module_preset=&#8221;default&#8221; global_colors_info=&#8221;{}&#8221;][et_pb_text _builder_version=&#8221;4.20.0&#8243; _module_preset=&#8221;default&#8221; header_2_font=&#8221;Merriweather||||||||&#8221; header_2_text_color=&#8221;#FF6B59&#8243; header_2_font_size=&#8221;80px&#8221; text_orientation=&#8221;center&#8221; header_2_font_size_tablet=&#8221;42px&#8221; header_2_font_size_phone=&#8221;26px&#8221; header_2_line_height_tablet=&#8221;&#8221; header_2_line_height_phone=&#8221;1.2em&#8221; header_2_line_height_last_edited=&#8221;on|phone&#8221; locked=&#8221;off&#8221; global_colors_info=&#8221;{}&#8221;]<\/p>\n<h2>H\u00e4ufig gestellte Fragen<\/h2>\n<p>[\/et_pb_text][\/et_pb_column][\/et_pb_row][et_pb_row column_structure=&#8221;1_2,1_2&#8243; _builder_version=&#8221;4.16&#8243; _module_preset=&#8221;default&#8221; global_colors_info=&#8221;{}&#8221;][et_pb_column type=&#8221;1_2&#8243; _builder_version=&#8221;4.16&#8243; _module_preset=&#8221;default&#8221; global_colors_info=&#8221;{}&#8221;][et_pb_accordion _builder_version=&#8221;4.24.1&#8243; _module_preset=&#8221;4c2431f8-f3e3-4209-992d-caa60c7f621d&#8221; global_colors_info=&#8221;{}&#8221;][et_pb_accordion_item title=&#8221;Was unterscheidet deinen Reiseroutenplanungsdienst von anderen?&#8221; open=&#8221;on&#8221; _builder_version=&#8221;4.24.1&#8243; _module_preset=&#8221;default&#8221; global_colors_info=&#8221;{}&#8221;]<\/p>\n<p><span>Unser Reiseroutenplanungsservice zeichnet sich dadurch aus, dass wir Nachhaltigkeit, Authentizit\u00e4t und pers\u00f6nliche Erlebnisse in den Vordergrund stellen.<br \/>\nWir wissen, wie schwierig es ist, umweltbewusste Reisen zu gestalten und gleichzeitig sicherzustellen, dass sie abseits der ausgetretenen Pfade liegen und die Kultur respektieren.<br \/>\nUnser Engagement f\u00fcr die Minimierung von Umweltbelastungen und die Unterst\u00fctzung lokaler Gemeinschaften zeichnet uns aus.  <\/span><\/p>\n<p>[\/et_pb_accordion_item][et_pb_accordion_item title=&#8221;Wie stellst du die Nachhaltigkeit der von dir geplanten Reisen sicher?&#8221; _builder_version=&#8221;4.24.1&#8243; _module_preset=&#8221;default&#8221; global_colors_info=&#8221;{}&#8221; open=&#8221;off&#8221;]<\/p>\n<p><span>Wir integrieren Nachhaltigkeit in jeden Aspekt der Reiseplanung, von der Auswahl umweltfreundlicher Unterk\u00fcnfte und Transportm\u00f6glichkeiten bis zur F\u00f6rderung von Aktivit\u00e4ten, die indigene Kulturen respektieren und die lokale Wirtschaft unterst\u00fctzen.<br \/>\nUnser Ziel ist es, einen positiven Einfluss auf die von uns besuchten Reiseziele zu haben und den Reisenden bereichernde Erfahrungen zu bieten. <\/span><\/p>\n<p>[\/et_pb_accordion_item][et_pb_accordion_item title=&#8221;Was kann ich von dem Service der vollst\u00e4ndigen Reiseplanung erwarten?&#8221; _builder_version=&#8221;4.24.1&#8243; _module_preset=&#8221;default&#8221; global_colors_info=&#8221;{}&#8221; open=&#8221;off&#8221;]<\/p>\n<p><span>Wenn du unseren Fragebogen zur Reiseplanung ausf\u00fcllst, erh\u00e4ltst du einen individuellen Reiseplan, der auf deine W\u00fcnsche zugeschnitten ist.<br \/>\nDazu geh\u00f6ren eine Auswahl an umweltfreundlichen Unterk\u00fcnften, ein detaillierter Reiseplan f\u00fcr jede Stunde, Transporttipps, Empfehlungen f\u00fcr Aktivit\u00e4ten und pers\u00f6nliche Vorschl\u00e4ge.<br \/>\nDu hast au\u00dferdem die M\u00f6glichkeit, deine Reise in zwei Runden zu \u00fcberarbeiten, um sicherzustellen, dass deine Traumreise Wirklichkeit wird.  <\/span><\/p>\n<p>[\/et_pb_accordion_item][\/et_pb_accordion][\/et_pb_column][et_pb_column type=&#8221;1_2&#8243; _builder_version=&#8221;4.16&#8243; _module_preset=&#8221;default&#8221; global_colors_info=&#8221;{}&#8221;][et_pb_accordion db_closeable=&#8221;on&#8221; open_toggle_background_color=&#8221;#FFFFFF&#8221; closed_toggle_background_color=&#8221;#FFFFFF&#8221; _builder_version=&#8221;4.24.1&#8243; _module_preset=&#8221;4c2431f8-f3e3-4209-992d-caa60c7f621d&#8221; closed_toggle_font=&#8221;Merriweather||||||||&#8221; locked=&#8221;off&#8221; global_colors_info=&#8221;{}&#8221;][et_pb_accordion_item title=&#8221;Kann ich den Empfehlungen deines Dienstes vertrauen?&#8221; open=&#8221;on&#8221; _builder_version=&#8221;4.24.1&#8243; _module_preset=&#8221;default&#8221; global_colors_info=&#8221;{}&#8221;]<\/p>\n<p><span>Auf jeden Fall.<br \/>\nTransparenz ist unser Grundsatz und wir nehmen keine Schmiergelder oder Provisionen f\u00fcr Empfehlungen an.<br \/>\nUnsere Empfehlungen sind ehrlich, unvoreingenommen und basieren auf fundierten regionalen Kenntnissen.<br \/>\nWir empfehlen nur Erlebnisse und Unterk\u00fcnfte, die wir auch f\u00fcr unsere eigenen Reisen w\u00e4hlen w\u00fcrden.   <\/span><\/p>\n<p>[\/et_pb_accordion_item][et_pb_accordion_item title=&#8221;Wie unterst\u00fctzt du lokale Unternehmen bei der Reiseplanung?&#8221; _builder_version=&#8221;4.24.1&#8243; _module_preset=&#8221;default&#8221; global_colors_info=&#8221;{}&#8221; open=&#8221;off&#8221;]<\/p>\n<p><span>Wir setzen uns stark f\u00fcr die Unterst\u00fctzung der lokalen Wirtschaft ein, indem wir, wann immer es m\u00f6glich ist, lokale Unternehmen gegen\u00fcber Ketten bevorzugen.<br \/>\nWir bieten authentische Erlebnisse, die den lokalen Gemeinden direkt zugutekommen, und stellen so sicher, dass deine Reisen einen positiven Einfluss auf die Ziele haben, die du besuchst. <\/span><\/p>\n<p>[\/et_pb_accordion_item][et_pb_accordion_item title=&#8221;Wie bestimmt ihr die Kosten f\u00fcr eure Dienstleistungen?&#8221; _builder_version=&#8221;4.24.1&#8243; _module_preset=&#8221;default&#8221; global_colors_info=&#8221;{}&#8221; open=&#8221;off&#8221;]<\/p>\n<p><span>Unsere Preise richten sich nach Faktoren wie der Dauer deiner Reise und besonderen Umst\u00e4nden.<br \/>\nWir sind der Meinung, dass wir allen Reisenden den gleichen Service bieten und berechnen keine Extrakosten f\u00fcr Premiumleistungen.<br \/>\nUnser Ziel ist es, die Reiseplanung f\u00fcr alle zug\u00e4nglich und transparent zu machen.  <\/span><\/p>\n<p>[\/et_pb_accordion_item][\/et_pb_accordion][\/et_pb_column][\/et_pb_row][\/et_pb_section][et_pb_section fb_built=&#8221;1&#8243; admin_label=&#8221;CTA&#8221; _builder_version=&#8221;4.20.0&#8243; _module_preset=&#8221;default&#8221; background_color=&#8221;#FFFFFF&#8221; overflow-x=&#8221;hidden&#8221; global_colors_info=&#8221;{}&#8221;][et_pb_row column_structure=&#8221;1_2,1_2&#8243; _builder_version=&#8221;4.16&#8243; _module_preset=&#8221;default&#8221; global_colors_info=&#8221;{}&#8221;][et_pb_column type=&#8221;1_2&#8243; _builder_version=&#8221;4.16&#8243; _module_preset=&#8221;default&#8221; global_colors_info=&#8221;{}&#8221;][et_pb_image src=&#8221;https:\/\/unique-universe.blog\/wp-content\/uploads\/2022\/10\/Chefchouen-25.jpg&#8221; alt=&#8221;Wir spazieren in Chefchouen, der blauen Stadt in Marokko&#8221; title_text=&#8221;Chefchouen-25&#8243; _builder_version=&#8221;4.23.4&#8243; _module_preset=&#8221;default&#8221; border_color_all=&#8221;#BACBA9&#8243; border_width_all_phone=&#8221;10px&#8221; border_width_all_last_edited=&#8221;off|desktop&#8221; locked=&#8221;off&#8221; global_colors_info=&#8221;{}&#8221;][\/et_pb_image][\/et_pb_column][et_pb_column type=&#8221;1_2&#8243; _builder_version=&#8221;4.16&#8243; _module_preset=&#8221;default&#8221; custom_padding=&#8221;0px||||false|false&#8221; custom_padding_tablet=&#8221;60px||||false|false&#8221; custom_padding_phone=&#8221;&#8221; custom_padding_last_edited=&#8221;on|tablet&#8221; global_colors_info=&#8221;{}&#8221;][et_pb_text _builder_version=&#8221;4.24.1&#8243; _module_preset=&#8221;default&#8221; header_2_font=&#8221;Merriweather||||||||&#8221; header_2_text_color=&#8221;#637F50&#8243; header_2_font_size=&#8221;80px&#8221; header_2_font_size_tablet=&#8221;42px&#8221; header_2_font_size_phone=&#8221;26px&#8221; header_2_line_height_tablet=&#8221;&#8221; header_2_line_height_phone=&#8221;1.2em&#8221; header_2_line_height_last_edited=&#8221;on|phone&#8221; locked=&#8221;off&#8221; global_colors_info=&#8221;{}&#8221;]<\/p>\n<h2 style=\"text-align: center;\">Kontakt aufnehmen<\/h2>\n<p style=\"text-align: center;\">Wir freuen uns darauf, deine Reisepl\u00e4ne wahr werden zu lassen!<\/p>\n<p>[\/et_pb_text][et_pb_button button_url=&#8221;mailto:dani@unique-universe.blog&#8221; button_text=&#8221;Mailen Sie uns&#8221; button_alignment=&#8221;center&#8221; _builder_version=&#8221;4.24.1&#8243; _module_preset=&#8221;default&#8221; custom_button=&#8221;on&#8221; global_colors_info=&#8221;{}&#8221;][\/et_pb_button][\/et_pb_column][\/et_pb_row][\/et_pb_section]<\/p>\n","protected":false},"excerpt":{"rendered":"<p>Lass uns deine Reise planenDu reist leidenschaftlich gerne, hasst aber das stundenlange Durchst\u00f6bern von Websites, um einen umweltvertr\u00e4glichen Ausflug abseits der \u00fcblichen Touristenpfade zu planen? Als verantwortungsbewusste Reisende wissen wir, dass es immer wichtiger wird, unseren \u00f6kologischen Fu\u00dfabdruck zu minimieren und einen positiven Beitrag zu den Reisezielen zu leisten, die wir besuchen. Die Planung einer nachhaltigen Reise kann jedoch ein komplexes Unterfangen sein. Dabei gilt es, eine Vielzahl von Herausforderungen zu meistern, von der Auswahl umweltfreundlicher Unterk\u00fcnfte und Transportm\u00f6glichkeiten bis hin zur Unterst\u00fctzung lokaler Gemeinschaften und dem Respekt vor indigenen Kulturen. Wir haben es uns zur Aufgabe gemacht, unvergessliche Reisen zusammenzustellen, die nicht nur dein Fernweh wecken, sondern auch einen positiven Einfluss auf unseren Planeten haben. Wir glauben, dass Reisen eine bereichernde Erfahrung sein sollte, die die Umwelt respektiert, lokale Gemeinschaften unterst\u00fctzt und verborgene Sch\u00e4tze abseits der ausgetretenen Pfade entdeckt. Triff deinen Reiseplaner Ich bin Dani, und meine Aufgabe ist es, dir dabei zu helfen, die besten nachhaltigen Reiseerlebnisse zu entdecken. Dazu geh\u00f6rt alles, von umweltfreundlichen Unterk\u00fcnften \u00fcber lokale Handwerker bis hin zu au\u00dfergew\u00f6hnlichen Abenteuern wie gemeindebasierte Tourismusinitiativen. Ich bin selbst eine begeisterte Reisende und liebe es, das Unbekannte zu erkunden. Egal, ob es darum geht, unkonventionelle Eskapaden zu unternehmen [&hellip;]<\/p>\n","protected":false},"author":2,"featured_media":0,"parent":0,"menu_order":0,"comment_status":"closed","ping_status":"closed","template":"","meta":{"_et_pb_use_builder":"on","_et_pb_old_content":"","_et_gb_content_width":"","_monsterinsights_skip_tracking":false,"_monsterinsights_sitenote_active":false,"_monsterinsights_sitenote_note":"","_monsterinsights_sitenote_category":0,"footnotes":""},"class_list":["post-51166","page","type-page","status-publish","hentry"],"_links":{"self":[{"href":"https:\/\/unique-universe.blog\/de\/wp-json\/wp\/v2\/pages\/51166","targetHints":{"allow":["GET"]}}],"collection":[{"href":"https:\/\/unique-universe.blog\/de\/wp-json\/wp\/v2\/pages"}],"about":[{"href":"https:\/\/unique-universe.blog\/de\/wp-json\/wp\/v2\/types\/page"}],"author":[{"embeddable":true,"href":"https:\/\/unique-universe.blog\/de\/wp-json\/wp\/v2\/users\/2"}],"replies":[{"embeddable":true,"href":"https:\/\/unique-universe.blog\/de\/wp-json\/wp\/v2\/comments?post=51166"}],"version-history":[{"count":0,"href":"https:\/\/unique-universe.blog\/de\/wp-json\/wp\/v2\/pages\/51166\/revisions"}],"wp:attachment":[{"href":"https:\/\/unique-universe.blog\/de\/wp-json\/wp\/v2\/media?parent=51166"}],"curies":[{"name":"wp","href":"https:\/\/api.w.org\/{rel}","templated":true}]}}