{"id":51163,"date":"2024-03-12T14:25:41","date_gmt":"2024-03-12T13:25:41","guid":{"rendered":"https:\/\/unique-universe.blog\/mit-uns-arbeiten\/"},"modified":"2024-09-02T21:50:57","modified_gmt":"2024-09-02T19:50:57","slug":"mit-uns-arbeiten","status":"publish","type":"page","link":"https:\/\/unique-universe.blog\/de\/mit-uns-arbeiten\/","title":{"rendered":"Mit uns arbeiten"},"content":{"rendered":"<p>[et_pb_section fb_built=&#8221;1&#8243; admin_label=&#8221;Header&#8221; _builder_version=&#8221;4.20.0&#8243; _module_preset=&#8221;default&#8221; background_enable_image=&#8221;off&#8221; background_size=&#8221;contain&#8221; background_position=&#8221;top_left&#8221; custom_padding=&#8221;0px||||false|false&#8221; global_colors_info=&#8221;{}&#8221;][et_pb_row _builder_version=&#8221;4.16&#8243; _module_preset=&#8221;default&#8221; max_width=&#8221;700px&#8221; custom_margin=&#8221;5vw||||false|false&#8221; global_colors_info=&#8221;{}&#8221;][et_pb_column type=&#8221;4_4&#8243; _builder_version=&#8221;4.16&#8243; _module_preset=&#8221;default&#8221; global_colors_info=&#8221;{}&#8221;][et_pb_text _builder_version=&#8221;4.24.1&#8243; _module_preset=&#8221;default&#8221; header_font=&#8221;||||||||&#8221; header_font_size=&#8221;40px&#8221; header_2_font=&#8221;Merriweather||||||||&#8221; header_2_text_color=&#8221;#FF6B59&#8243; header_2_font_size=&#8221;80px&#8221; header_2_font_size_tablet=&#8221;42px&#8221; header_2_font_size_phone=&#8221;26px&#8221; header_2_line_height_tablet=&#8221;&#8221; header_2_line_height_phone=&#8221;1.2em&#8221; header_2_line_height_last_edited=&#8221;on|phone&#8221; locked=&#8221;off&#8221; global_colors_info=&#8221;{}&#8221;]<\/p>\n<h2 style=\"text-align: center;\">Mit uns arbeiten<\/h2>\n<p>[\/et_pb_text][et_pb_text _builder_version=&#8221;4.24.1&#8243; _module_preset=&#8221;default&#8221; text_font=&#8221;Karla||||||||&#8221; text_font_size=&#8221;30px&#8221; text_line_height=&#8221;1.5em&#8221; text_font_size_tablet=&#8221;24px&#8221; text_font_size_phone=&#8221;20px&#8221; text_font_size_last_edited=&#8221;on|phone&#8221; global_colors_info=&#8221;{}&#8221;]<\/p>\n<p style=\"text-align: center;\"><span style=\"font-weight: 400;\">Mein Name ist Daniela, und ich freue mich, dich einzuladen, die spannenden M\u00f6glichkeiten einer Zusammenarbeit mit mir zu erkunden.<br \/>\nMit meiner langj\u00e4hrigen Erfahrung in Marketing und PR in der Tourismusbranche bin ich die perfekte Partnerin, um deine Ziele zu erreichen. <\/span><\/p>\n<p>[\/et_pb_text][et_pb_text _builder_version=&#8221;4.24.1&#8243; _module_preset=&#8221;default&#8221; text_font=&#8221;Karla||||||||&#8221; text_line_height=&#8221;1.8em&#8221; text_font_size_tablet=&#8221;&#8221; text_font_size_phone=&#8221;14px&#8221; text_font_size_last_edited=&#8221;on|phone&#8221; locked=&#8221;off&#8221; global_colors_info=&#8221;{}&#8221;]<\/p>\n<p style=\"text-align: center;\"><span style=\"font-weight: 400;\">Unsere Kooperationen legen den Schwerpunkt auf Nachhaltigkeit und Fairness, indem wir mit verantwortungsbewussten Organisationen, Tourismusverb\u00e4nden, Nichtregierungsorganisationen, lokalen Reiseveranstaltern, umweltfreundlichen Unterk\u00fcnften und Gemeindeprojekten zusammenarbeiten und gleichzeitig Massentourismus, All-inclusive-Pakete, unethische Praktiken und \u00dcbertourismus vermeiden, um sinnvolle und verantwortungsvolle Reiseerlebnisse f\u00fcr alle Beteiligten zu schaffen.<\/span><\/p>\n<p>[\/et_pb_text][\/et_pb_column][\/et_pb_row][\/et_pb_section][et_pb_section fb_built=&#8221;1&#8243; admin_label=&#8221;Mission&#8221; _builder_version=&#8221;4.16&#8243; _module_preset=&#8221;default&#8221; background_image=&#8221;https:\/\/unique-universe.blog\/wp-content\/uploads\/2023\/03\/meditation-center-14.jpg&#8221; parallax=&#8221;on&#8221; custom_padding=&#8221;8vw||8vw||true|false&#8221; global_colors_info=&#8221;{}&#8221;][et_pb_row column_structure=&#8221;1_2,1_2&#8243; _builder_version=&#8221;4.16&#8243; _module_preset=&#8221;default&#8221; global_colors_info=&#8221;{}&#8221;][et_pb_column type=&#8221;1_2&#8243; _builder_version=&#8221;4.16&#8243; _module_preset=&#8221;default&#8221; custom_padding=&#8221;80px||||false|false&#8221; custom_padding_tablet=&#8221;0px||||false|false&#8221; custom_padding_phone=&#8221;&#8221; custom_padding_last_edited=&#8221;on|tablet&#8221; global_colors_info=&#8221;{}&#8221;][et_pb_text _builder_version=&#8221;4.24.1&#8243; _module_preset=&#8221;default&#8221; header_2_font=&#8221;||||||||&#8221; header_2_text_color=&#8221;#637F50&#8243; header_2_font_size=&#8221;80px&#8221; header_2_font_size_tablet=&#8221;42px&#8221; header_2_font_size_phone=&#8221;26px&#8221; header_2_line_height_tablet=&#8221;&#8221; header_2_line_height_phone=&#8221;1.2em&#8221; header_2_line_height_last_edited=&#8221;on|phone&#8221; locked=&#8221;off&#8221; global_colors_info=&#8221;{}&#8221;]<\/p>\n<h2><span style=\"font-weight: 400;\">Warum mit mir arbeiten?  <\/span><\/h2>\n<p><span style=\"font-weight: 400;\">Als jemand, der nachweislich \u00fcber Erfahrungen im Bereich Marketing und PR im Tourismussektor verf\u00fcgt, bringe ich eine F\u00fclle von Erfahrungen und Fachwissen in jede Partnerschaft ein.<br \/>\nMein Engagement, deine einzigartigen Bed\u00fcrfnisse zu verstehen, und mein umfangreiches Wissen \u00fcber SEO-Praktiken schaffen die Voraussetzungen f\u00fcr unvergleichliches Wachstum und Bekanntheit.   <\/span><\/p>\n<h3><strong>Hier ist, was ich mitbringe:<\/strong><\/h3>\n<p><span style=\"font-weight: 400;\">Erstellung von Inhalten: Die Erstellung von ansprechenden und fesselnden Inhalten ist meine St\u00e4rke.<br \/>\nOb Blogartikel oder Social-Media-Posts &#8211; ich habe das kreative H\u00e4ndchen, um die Geschichte deiner Marke wirkungsvoll zu erz\u00e4hlen. <\/span><\/p>\n<p><span style=\"font-weight: 400;\"><strong>SEO-Fachwissen:<\/strong> Ich kenne mich in der sich st\u00e4ndig weiterentwickelnden Welt der Suchmaschinenoptimierung (SEO) bestens aus.<br \/>\nIch wende die neuesten Strategien an, um sicherzustellen, dass deine Online-Pr\u00e4senz gut platziert ist, die richtige Zielgruppe anspricht und deine Sichtbarkeit erh\u00f6ht. <\/span><\/p>\n<p><span style=\"font-weight: 400;\"><strong>Online-Marketing-Know-how:<\/strong> Im heutigen digitalen Zeitalter ist ein effektives Online-Marketing entscheidend.<br \/>\nIch setze mein Fachwissen ein, um Marketingkampagnen zu entwickeln und durchzuf\u00fchren, die deine Zielgruppe ansprechen und f\u00fcr mehr Engagement und Umsatz sorgen. <\/span><\/p>\n<p><span style=\"font-weight: 400;\"><strong>Einblicke in die Tourismusbranche:<\/strong> Mit meinem fundierten Wissen \u00fcber die Tourismusbranche kenne ich die Feinheiten deiner Nische und erkenne Trends und Chancen, die andere vielleicht \u00fcbersehen.<br \/>\nDieses Wissen wird der Grundstein f\u00fcr unsere erfolgreiche Partnerschaft sein. <\/span><\/p>\n<p><span style=\"font-weight: 400;\"><strong>Website-Erstellung:<\/strong> Brauchst du eine neue Website oder Verbesserungen an deiner bestehenden?<br \/>\nIch habe das Richtige f\u00fcr dich.<br \/>\nIch kann eine benutzerfreundliche, optisch ansprechende Website erstellen, die Besucher in treue Kunden verwandelt.  <\/span><\/p>\n<p><span style=\"font-weight: 400;\"><strong>Marketing f\u00fcr kleine Unternehmen:<\/strong> Egal, ob du ein kleines Boutique-Hotel oder ein lokaler Reiseveranstalter bist, ich bin darauf spezialisiert, Marketingstrategien zu entwickeln, die auf deine individuellen Bed\u00fcrfnisse zugeschnitten sind.<br \/>\nLass uns gemeinsam dein Gesch\u00e4ft ausbauen. <\/span><\/p>\n<p>&nbsp;<\/p>\n<p>[\/et_pb_text][\/et_pb_column][et_pb_column type=&#8221;1_2&#8243; _builder_version=&#8221;4.16&#8243; _module_preset=&#8221;default&#8221; global_colors_info=&#8221;{}&#8221;][et_pb_image src=&#8221;https:\/\/unique-universe.blog\/wp-content\/uploads\/2024\/02\/work-with-me.jpg&#8221; alt=&#8221;Nungwi Strand, Sansibar Strand&#8221; title_text=&#8221;mit mir arbeiten&#8221; _builder_version=&#8221;4.24.1&#8243; _module_preset=&#8221;default&#8221; custom_margin_last_edited=&#8221;off|desktop&#8221; border_width_all=&#8221;30px&#8221; border_color_all=&#8221;#ffffff&#8221; border_width_all_tablet=&#8221;&#8221; border_width_all_phone=&#8221;10px&#8221; border_width_all_last_edited=&#8221;on|phone&#8221; global_colors_info=&#8221;{}&#8221; custom_margin__hover_enabled=&#8221;off|hover&#8221;][\/et_pb_image][\/et_pb_column][\/et_pb_row][\/et_pb_section][et_pb_section fb_built=&#8221;1&#8243; admin_label=&#8221;FAQ&#8221; _builder_version=&#8221;4.20.0&#8243; _module_preset=&#8221;default&#8221; background_color=&#8221;#BACBA9&#8243; global_colors_info=&#8221;{}&#8221;][et_pb_row _builder_version=&#8221;4.16&#8243; _module_preset=&#8221;default&#8221; locked=&#8221;off&#8221; global_colors_info=&#8221;{}&#8221;][et_pb_column type=&#8221;4_4&#8243; _builder_version=&#8221;4.16&#8243; _module_preset=&#8221;default&#8221; global_colors_info=&#8221;{}&#8221;][et_pb_text _builder_version=&#8221;4.20.0&#8243; _module_preset=&#8221;default&#8221; header_2_font=&#8221;Merriweather||||||||&#8221; header_2_text_color=&#8221;#FF6B59&#8243; header_2_font_size=&#8221;80px&#8221; text_orientation=&#8221;center&#8221; header_2_font_size_tablet=&#8221;42px&#8221; header_2_font_size_phone=&#8221;26px&#8221; header_2_line_height_tablet=&#8221;&#8221; header_2_line_height_phone=&#8221;1.2em&#8221; header_2_line_height_last_edited=&#8221;on|phone&#8221; locked=&#8221;off&#8221; global_colors_info=&#8221;{}&#8221;]<\/p>\n<h2>H\u00e4ufig gestellte Fragen<\/h2>\n<p>[\/et_pb_text][\/et_pb_column][\/et_pb_row][et_pb_row column_structure=&#8221;1_2,1_2&#8243; _builder_version=&#8221;4.16&#8243; _module_preset=&#8221;default&#8221; global_colors_info=&#8221;{}&#8221;][et_pb_column type=&#8221;1_2&#8243; _builder_version=&#8221;4.16&#8243; _module_preset=&#8221;default&#8221; global_colors_info=&#8221;{}&#8221;][et_pb_accordion _builder_version=&#8221;4.24.2&#8243; _module_preset=&#8221;4c2431f8-f3e3-4209-992d-caa60c7f621d&#8221; hover_enabled=&#8221;0&#8243; global_colors_info=&#8221;{}&#8221; sticky_enabled=&#8221;0&#8243;][et_pb_accordion_item title=&#8221;Was unterscheidet dich von anderen Marketing- und PR-Fachleuten?&#8221; open=&#8221;on&#8221; _builder_version=&#8221;4.24.2&#8243; _module_preset=&#8221;default&#8221; hover_enabled=&#8221;0&#8243; global_colors_info=&#8221;{}&#8221; sticky_enabled=&#8221;0&#8243;]<\/p>\n<p>Mit meinem Hintergrund in den Bereichen <a href=\"jooble.org\/\" target=\"_blank\" rel=\"noopener\">Tourismusmarketing und PR<\/a> bringe ich eine besondere Expertise mit.<br \/>\nDank meiner umfangreichen Erfahrung in diesem Sektor kenne ich die einzigartigen Herausforderungen und M\u00f6glichkeiten der Branche und kann so Strategien effektiv anpassen. <\/p>\n<p>[\/et_pb_accordion_item][et_pb_accordion_item title=&#8221;Wie stellt ihr sicher, dass die Geschichte meiner Marke effektiv kommuniziert wird?&#8221; _builder_version=&#8221;4.24.1&#8243; _module_preset=&#8221;default&#8221; global_colors_info=&#8221;{}&#8221; open=&#8221;off&#8221;]<\/p>\n<p>Das Verfassen von ansprechenden und fesselnden Inhalten ist das Herzst\u00fcck meiner Arbeit.<br \/>\nOb in Blogartikeln, Social-Media-Posts oder anderen Medien &#8211; ich habe das kreative Gesp\u00fcr, um die Geschichte deiner Marke auf eine fesselnde Art und Weise zu vermitteln, die bei deinem Publikum ankommt. <\/p>\n<p>[\/et_pb_accordion_item][et_pb_accordion_item title=&#8221;Wie bleibst du auf dem neuesten Stand der SEO-Praktiken?&#8221; _builder_version=&#8221;4.24.1&#8243; _module_preset=&#8221;default&#8221; global_colors_info=&#8221;{}&#8221; open=&#8221;off&#8221;]<\/p>\n<p>Es ist wichtig, in der sich st\u00e4ndig weiterentwickelnden Welt der Suchmaschinenoptimierung auf dem Laufenden zu bleiben.<br \/>\nIch bilde mich st\u00e4ndig \u00fcber die neuesten Trends und Strategien fort, um sicherzustellen, dass deine Online-Pr\u00e4senz gut platziert ist, die richtige Zielgruppe anspricht und deine Sichtbarkeit effektiv erh\u00f6ht.<br \/>\nIch bin Teil einer Blogger-Community, die sicherstellt, dass wir immer auf dem neuesten Stand sind.  <\/p>\n<p>[\/et_pb_accordion_item][et_pb_accordion_item title=&#8221;Kannst du deinen Ansatz f\u00fcr das Online-Marketing und seine Wirksamkeit erkl\u00e4ren?&#8221; _builder_version=&#8221;4.24.1&#8243; _module_preset=&#8221;default&#8221; global_colors_info=&#8221;{}&#8221; open=&#8221;off&#8221;]<\/p>\n<p>Mit meinem Fachwissen im Online-Marketing erstelle und f\u00fchre ich Kampagnen durch, die auf deine Zielgruppe zugeschnitten sind.<br \/>\nIndem ich verschiedene digitale Kan\u00e4le und Strategien nutze, f\u00f6rdere ich Engagement und Konversionen und liefere so messbare Ergebnisse f\u00fcr dein Unternehmen. <\/p>\n<p>[\/et_pb_accordion_item][\/et_pb_accordion][\/et_pb_column][et_pb_column type=&#8221;1_2&#8243; _builder_version=&#8221;4.16&#8243; _module_preset=&#8221;default&#8221; global_colors_info=&#8221;{}&#8221;][et_pb_accordion db_closeable=&#8221;on&#8221; open_toggle_background_color=&#8221;#FFFFFF&#8221; closed_toggle_background_color=&#8221;#FFFFFF&#8221; _builder_version=&#8221;4.24.1&#8243; _module_preset=&#8221;4c2431f8-f3e3-4209-992d-caa60c7f621d&#8221; closed_toggle_font=&#8221;Merriweather||||||||&#8221; locked=&#8221;off&#8221; global_colors_info=&#8221;{}&#8221;][et_pb_accordion_item title=&#8221;Wie k\u00f6nnen deine Einblicke in die Tourismusbranche meinem Unternehmen n\u00fctzen?&#8221; open=&#8221;on&#8221; _builder_version=&#8221;4.24.1&#8243; _module_preset=&#8221;default&#8221; global_colors_info=&#8221;{}&#8221;]<\/p>\n<p>Mein tiefes Verst\u00e4ndnis der Tourismusbranche erm\u00f6glicht es mir, die Feinheiten der Branche zu durchschauen.<br \/>\nIndem ich Trends und Chancen erkenne, die andere vielleicht \u00fcbersehen, kann ich deine Marke in deiner Nische erfolgreich positionieren und so f\u00fcr Wachstum und Rentabilit\u00e4t sorgen. <\/p>\n<p>[\/et_pb_accordion_item][et_pb_accordion_item title=&#8221;Welche Dienstleistungen bieten Sie in Bezug auf die Erstellung von Websites an?&#8221; _builder_version=&#8221;4.24.1&#8243; _module_preset=&#8221;default&#8221; global_colors_info=&#8221;{}&#8221; open=&#8221;off&#8221;]<\/p>\n<p>Egal, ob du eine neue Website von Grund auf brauchst oder deine bestehende Website verbessern willst, ich bin f\u00fcr dich da.<br \/>\nIch habe mich darauf spezialisiert, benutzerfreundliche, optisch ansprechende und konversionsoptimierte Websites zu erstellen, damit aus Besuchern treue Kunden werden. <\/p>\n<p>[\/et_pb_accordion_item][et_pb_accordion_item title=&#8221;Wie schneidest du deine Marketingstrategien f\u00fcr kleine Unternehmen zu?&#8221; _builder_version=&#8221;4.24.1&#8243; _module_preset=&#8221;default&#8221; global_colors_info=&#8221;{}&#8221; open=&#8221;off&#8221;]<\/p>\n<p>Ich wei\u00df, dass kleine Unternehmen wie Boutique-Hotels oder lokale Reiseveranstalter besondere Bed\u00fcrfnisse und Herausforderungen haben.<br \/>\nDeshalb habe ich mich darauf spezialisiert, Marketingstrategien zu entwickeln, die speziell auf die Gr\u00f6\u00dfe, das Budget und die Ziele deines Unternehmens zugeschnitten sind, um maximale Effektivit\u00e4t und Rentabilit\u00e4t zu gew\u00e4hrleisten. <\/p>\n<p>[\/et_pb_accordion_item][\/et_pb_accordion][\/et_pb_column][\/et_pb_row][\/et_pb_section][et_pb_section fb_built=&#8221;1&#8243; admin_label=&#8221;CTA&#8221; _builder_version=&#8221;4.20.0&#8243; _module_preset=&#8221;default&#8221; background_color=&#8221;#FFFFFF&#8221; overflow-x=&#8221;hidden&#8221; global_colors_info=&#8221;{}&#8221;][et_pb_row column_structure=&#8221;1_2,1_2&#8243; _builder_version=&#8221;4.16&#8243; _module_preset=&#8221;default&#8221; global_colors_info=&#8221;{}&#8221;][et_pb_column type=&#8221;1_2&#8243; _builder_version=&#8221;4.16&#8243; _module_preset=&#8221;default&#8221; global_colors_info=&#8221;{}&#8221;][et_pb_image src=&#8221;https:\/\/unique-universe.blog\/wp-content\/uploads\/2022\/10\/Chefchouen-25.jpg&#8221; alt=&#8221;Wir spazieren in Chefchouen, der blauen Stadt in Marokko&#8221; title_text=&#8221;Chefchouen-25&#8243; _builder_version=&#8221;4.23.4&#8243; _module_preset=&#8221;default&#8221; border_color_all=&#8221;#BACBA9&#8243; border_width_all_phone=&#8221;10px&#8221; border_width_all_last_edited=&#8221;off|desktop&#8221; locked=&#8221;off&#8221; global_colors_info=&#8221;{}&#8221;][\/et_pb_image][\/et_pb_column][et_pb_column type=&#8221;1_2&#8243; _builder_version=&#8221;4.16&#8243; _module_preset=&#8221;default&#8221; custom_padding=&#8221;0px||||false|false&#8221; custom_padding_tablet=&#8221;60px||||false|false&#8221; custom_padding_phone=&#8221;&#8221; custom_padding_last_edited=&#8221;on|tablet&#8221; global_colors_info=&#8221;{}&#8221;][et_pb_text _builder_version=&#8221;4.21.0&#8243; _module_preset=&#8221;default&#8221; header_2_font=&#8221;Merriweather||||||||&#8221; header_2_text_color=&#8221;#637F50&#8243; header_2_font_size=&#8221;80px&#8221; header_2_font_size_tablet=&#8221;42px&#8221; header_2_font_size_phone=&#8221;26px&#8221; header_2_line_height_tablet=&#8221;&#8221; header_2_line_height_phone=&#8221;1.2em&#8221; header_2_line_height_last_edited=&#8221;on|phone&#8221; locked=&#8221;off&#8221; global_colors_info=&#8221;{}&#8221;]<\/p>\n<h2 style=\"text-align: center;\">Kontakt aufnehmen<\/h2>\n<p>[\/et_pb_text][et_pb_text _builder_version=&#8221;4.21.0&#8243; _module_preset=&#8221;default&#8221; text_font=&#8221;Loto Regular||||||||&#8221; text_font_size=&#8221;24px&#8221; text_line_height=&#8221;1.8em&#8221; text_font_size_tablet=&#8221;&#8221; text_font_size_phone=&#8221;14px&#8221; text_font_size_last_edited=&#8221;on|phone&#8221; locked=&#8221;off&#8221; global_colors_info=&#8221;{}&#8221;]<\/p>\n<p style=\"text-align: center;\">Bist du \u00fcber ein spannendes nachhaltiges Tourismusprojekt gestolpert oder leitest du eines? Sag mir Bescheid! Ich w\u00fcrde gerne mehr wissen!<\/p>\n<p>[\/et_pb_text][et_pb_button button_url=&#8221;mailto:dani@unique-universe.blog&#8221; button_text=&#8221;Kontakt aufnehmen&#8221; button_alignment=&#8221;center&#8221; _builder_version=&#8221;4.23.4&#8243; _module_preset=&#8221;default&#8221; custom_button=&#8221;on&#8221; global_colors_info=&#8221;{}&#8221;][\/et_pb_button][\/et_pb_column][\/et_pb_row][\/et_pb_section]<\/p>\n","protected":false},"excerpt":{"rendered":"<p>Mit meinem umfangreichen Hintergrund in Marketing und PR in der Tourismusbranche bin ich die perfekte Mitarbeiterin, um dir zu helfen, deine Ziele zu erreichen.<\/p>\n","protected":false},"author":2,"featured_media":0,"parent":0,"menu_order":0,"comment_status":"closed","ping_status":"closed","template":"","meta":{"_et_pb_use_builder":"on","_et_pb_old_content":"","_et_gb_content_width":"","_monsterinsights_skip_tracking":false,"_monsterinsights_sitenote_active":false,"_monsterinsights_sitenote_note":"","_monsterinsights_sitenote_category":0,"footnotes":""},"class_list":["post-51163","page","type-page","status-publish","hentry"],"_links":{"self":[{"href":"https:\/\/unique-universe.blog\/de\/wp-json\/wp\/v2\/pages\/51163","targetHints":{"allow":["GET"]}}],"collection":[{"href":"https:\/\/unique-universe.blog\/de\/wp-json\/wp\/v2\/pages"}],"about":[{"href":"https:\/\/unique-universe.blog\/de\/wp-json\/wp\/v2\/types\/page"}],"author":[{"embeddable":true,"href":"https:\/\/unique-universe.blog\/de\/wp-json\/wp\/v2\/users\/2"}],"replies":[{"embeddable":true,"href":"https:\/\/unique-universe.blog\/de\/wp-json\/wp\/v2\/comments?post=51163"}],"version-history":[{"count":0,"href":"https:\/\/unique-universe.blog\/de\/wp-json\/wp\/v2\/pages\/51163\/revisions"}],"wp:attachment":[{"href":"https:\/\/unique-universe.blog\/de\/wp-json\/wp\/v2\/media?parent=51163"}],"curies":[{"name":"wp","href":"https:\/\/api.w.org\/{rel}","templated":true}]}}