{"id":49032,"date":"2024-02-15T18:16:54","date_gmt":"2024-02-15T17:16:54","guid":{"rendered":"https:\/\/unique-universe.blog\/nachhaltige-reisetipps\/"},"modified":"2025-05-31T12:24:38","modified_gmt":"2025-05-31T10:24:38","slug":"nachhaltige-reisetipps","status":"publish","type":"page","link":"https:\/\/unique-universe.blog\/de\/nachhaltige-reisetipps\/","title":{"rendered":"Nachhaltige Reisetipps"},"content":{"rendered":"<p>[et_pb_section fb_built=&#8221;1&#8243; admin_label=&#8221;Header&#8221; _builder_version=&#8221;4.22.0&#8243; _module_preset=&#8221;default&#8221; custom_padding=&#8221;0px||0px||true|false&#8221; collapsed=&#8221;off&#8221; global_colors_info=&#8221;{}&#8221;][et_pb_row column_structure=&#8221;1_2,1_2&#8243; make_equal=&#8221;on&#8221; _builder_version=&#8221;4.27.4&#8243; _module_preset=&#8221;default&#8221; background_enable_image=&#8221;off&#8221; background_size=&#8221;initial&#8221; width=&#8221;100%&#8221; max_width=&#8221;2000px&#8221; custom_padding=&#8221;0px||0px||true|false&#8221; global_colors_info=&#8221;{}&#8221;][et_pb_column type=&#8221;1_2&#8243; disabled_on=&#8221;on|on|off&#8221; _builder_version=&#8221;4.27.4&#8243; _module_preset=&#8221;default&#8221; background_image=&#8221;https:\/\/unique-universe.blog\/wp-content\/uploads\/2025\/05\/IMG_2296.jpeg&#8221; background_size=&#8221;initial&#8221; background_position=&#8221;top_left&#8221; background_vertical_offset=&#8221;0%&#8221; custom_padding_tablet=&#8221;&#8221; custom_padding_phone=&#8221;19vh||19vh||true|false&#8221; custom_padding_last_edited=&#8221;on|phone&#8221; global_colors_info=&#8221;{}&#8221;][et_pb_divider show_divider=&#8221;off&#8221; _builder_version=&#8221;4.22.0&#8243; _module_preset=&#8221;default&#8221; height_tablet=&#8221;40vw&#8221; height_phone=&#8221;40vw&#8221; height_last_edited=&#8221;on|desktop&#8221; global_colors_info=&#8221;{}&#8221;][\/et_pb_divider][\/et_pb_column][et_pb_column type=&#8221;1_2&#8243; _builder_version=&#8221;4.27.4&#8243; _module_preset=&#8221;default&#8221; custom_padding=&#8221;5%|8%|5%||true|false&#8221; custom_padding_tablet=&#8221;|||8%|true|false&#8221; custom_padding_phone=&#8221;|||8%|true|false&#8221; custom_padding_last_edited=&#8221;on|tablet&#8221; global_colors_info=&#8221;{}&#8221;][et_pb_text _builder_version=&#8221;4.27.4&#8243; _module_preset=&#8221;_initial&#8221; header_font=&#8221;Rufina|700|||||||&#8221; header_font_size=&#8221;60px&#8221; header_line_height=&#8221;1.2em&#8221; custom_margin=&#8221;||10px||false|false&#8221; header_font_size_tablet=&#8221;40px&#8221; header_font_size_phone=&#8221;24px&#8221; header_font_size_last_edited=&#8221;on|desktop&#8221; global_colors_info=&#8221;{}&#8221;]<\/p>\n<h1>Nachhaltiges Reisen<\/h1>\n<p>[\/et_pb_text][et_pb_text _builder_version=&#8221;4.27.4&#8243; _module_preset=&#8221;_initial&#8221; text_font=&#8221;||||||||&#8221; text_font_size=&#8221;18px&#8221; text_font_size_tablet=&#8221;16px&#8221; text_font_size_phone=&#8221;14px&#8221; text_font_size_last_edited=&#8221;on|desktop&#8221; global_colors_info=&#8221;{}&#8221;]<\/p>\n<blockquote>\n<p><strong><em>Reisen Sie auf eine Art und Weise, die der Welt gegen\u00fcber freundlich ist<\/em><\/strong><\/p>\n<\/blockquote>\n<p>Jedes Mal, wenn ich meinen Koffer packe und zu einem neuen Abenteuer aufbreche, empfinde ich tiefe Dankbarkeit &#8211; denn die Freiheit zu entdecken ist ein Privileg, das nur wenige genie\u00dfen. Doch w\u00e4hrend einige von uns umherwandern, hei\u00dfen zahllose Gemeinden Besucher willkommen, die mit ihrem Geld die lokale Wirtschaft st\u00e4rken. Bei Unique Universe ist unser Leitsatz einfach: <strong>\u201eReisen auf eine Art und Weise, die gut f\u00fcr die Welt ist\u201c.<\/strong> Hier ist, wie wir das in die Tat umsetzen:  <\/p>\n<ul>\n<li>\n<p><strong>Ehre dein Privileg<\/strong><br \/>Erkenne an, dass deine Reise mehr als nur ein Kurzurlaub ist &#8211; sie ist eine wirtschaftliche Lebensader f\u00fcr Gastgeber, Reiseleiter und Handwerker. Entscheide dich f\u00fcr Unternehmen, die ihre Gewinne mit den lokalen Gemeinden teilen, und halte deine Ausgaben in den Orten, die du besuchst. <\/p>\n<\/li>\n<li>\n<p><strong>Reduziere deinen Fu\u00dfabdruck<\/strong><br \/>Tausche Einwegplastik gegen wiederbef\u00fcllbare Flaschen und Beh\u00e4lter, entscheide dich f\u00fcr \u00f6ffentliche Verkehrsmittel oder von Menschen betriebene Touren und w\u00e4hle Unterk\u00fcnfte, die ihre Umweltauswirkungen messen und minimieren.<\/p>\n<\/li>\n<li>\n<p><strong>Investiere in Kultur<\/strong><br \/>Suche nach authentischen Erlebnissen &#8211; wie das Erlernen von traditionellem Handwerk, von der Gemeinde gef\u00fchrte Wanderungen oder hausgemachte Mahlzeiten &#8211; die das Erbe respektieren und das Einkommen direkt an die lokalen Familien weitergeben.<\/p>\n<\/li>\n<li>\n<p><strong>Langfristiges Wohlergehen unterst\u00fctzen<\/strong><br \/>Unterst\u00fctzt Naturschutzinitiativen, Sozialunternehmen und Programme f\u00fcr faire L\u00f6hne, die nachhaltige Arbeitspl\u00e4tze schaffen und die Landschaften und Traditionen bewahren, die wir bewundern.<\/p>\n<\/li>\n<\/ul>\n<p>Wenn wir mit Bedacht reisen und uns unserer Privilegien und der wirtschaftlichen Macht unserer Entscheidungen bewusst sind, k\u00f6nnen wir jede Reise in eine Kraft f\u00fcr das Gute verwandeln. Entdecke unsere Reisef\u00fchrer, Tipps und Geschichten mit Herz und lass uns beweisen, dass die beste Art, die Welt zu sehen, darin besteht, sie besser zu verlassen, als wir sie vorgefunden haben. <\/p>\n<p>[\/et_pb_text][et_pb_button button_text=&#8221;Los geht&apos;s!&#8221; module_id=&#8221;lets_go_button_home&#8221; _builder_version=&#8221;4.27.4&#8243; _module_preset=&#8221;_initial&#8221; custom_padding=&#8221;16px|40px|16px|40px|true|true&#8221; global_colors_info=&#8221;{}&#8221;][\/et_pb_button][\/et_pb_column][\/et_pb_row][\/et_pb_section][et_pb_section fb_built=&#8221;1&#8243; fullwidth=&#8221;on&#8221; _builder_version=&#8221;4.25.2&#8243; _module_preset=&#8221;default&#8221; custom_margin=&#8221;0px||||false|false&#8221; custom_padding=&#8221;0px||||false|false&#8221; global_colors_info=&#8221;{}&#8221;][et_pb_fullwidth_post_slider posts_number=&#8221;3&#8243; include_categories=&#8221;519&#8243; show_meta=&#8221;off&#8221; admin_label=&#8221;Fullwidth Post Slider&#8221; _builder_version=&#8221;4.27.4&#8243; _module_preset=&#8221;default&#8221; background_enable_image=&#8221;off&#8221; hover_enabled=&#8221;0&#8243; global_colors_info=&#8221;{}&#8221; sticky_enabled=&#8221;0&#8243;][\/et_pb_fullwidth_post_slider][\/et_pb_section][et_pb_section fb_built=&#8221;1&#8243; _builder_version=&#8221;4.27.0&#8243; _module_preset=&#8221;default&#8221; global_colors_info=&#8221;{}&#8221;][et_pb_row use_custom_gutter=&#8221;on&#8221; _builder_version=&#8221;4.27.4&#8243; _module_preset=&#8221;default&#8221; width=&#8221;90%&#8221; global_colors_info=&#8221;{}&#8221;][et_pb_column type=&#8221;4_4&#8243; _builder_version=&#8221;4.27.4&#8243; _module_preset=&#8221;default&#8221; custom_padding=&#8221;2vh|2vh|2vh|2vh|true|true&#8221; global_colors_info=&#8221;{}&#8221;][et_pb_blog fullwidth=&#8221;off&#8221; posts_number=&#8221;9&#8243; include_categories=&#8221;570&#8243; _builder_version=&#8221;4.27.4&#8243; _module_preset=&#8221;default&#8221; dbdb_show_tags=&#8221;off&#8221; global_colors_info=&#8221;{}&#8221;][\/et_pb_blog][\/et_pb_column][\/et_pb_row][\/et_pb_section]<\/p>\n","protected":false},"excerpt":{"rendered":"<p>Nachhaltiges Reisen Reisen Sie auf eine Art und Weise, die der Welt gegen\u00fcber freundlich ist Jedes Mal, wenn ich meinen Koffer packe und zu einem neuen Abenteuer aufbreche, empfinde ich tiefe Dankbarkeit &#8211; denn die Freiheit zu entdecken ist ein Privileg, das nur wenige genie\u00dfen. Doch w\u00e4hrend einige von uns umherwandern, hei\u00dfen zahllose Gemeinden Besucher willkommen, die mit ihrem Geld die lokale Wirtschaft st\u00e4rken. Bei Unique Universe ist unser Leitsatz einfach: \u201eReisen auf eine Art und Weise, die gut f\u00fcr die Welt ist\u201c. Hier ist, wie wir das in die Tat umsetzen: Ehre dein PrivilegErkenne an, dass deine Reise mehr als nur ein Kurzurlaub ist &#8211; sie ist eine wirtschaftliche Lebensader f\u00fcr Gastgeber, Reiseleiter und Handwerker. Entscheide dich f\u00fcr Unternehmen, die ihre Gewinne mit den lokalen Gemeinden teilen, und halte deine Ausgaben in den Orten, die du besuchst. Reduziere deinen Fu\u00dfabdruckTausche Einwegplastik gegen wiederbef\u00fcllbare Flaschen und Beh\u00e4lter, entscheide dich f\u00fcr \u00f6ffentliche Verkehrsmittel oder von Menschen betriebene Touren und w\u00e4hle Unterk\u00fcnfte, die ihre Umweltauswirkungen messen und minimieren. Investiere in KulturSuche nach authentischen Erlebnissen &#8211; wie das Erlernen von traditionellem Handwerk, von der Gemeinde gef\u00fchrte Wanderungen oder hausgemachte Mahlzeiten &#8211; die das Erbe respektieren und das Einkommen direkt an die lokalen Familien [&hellip;]<\/p>\n","protected":false},"author":2,"featured_media":0,"parent":0,"menu_order":0,"comment_status":"closed","ping_status":"closed","template":"","meta":{"_et_pb_use_builder":"on","_et_pb_old_content":"","_et_gb_content_width":"","_monsterinsights_skip_tracking":false,"_monsterinsights_sitenote_active":false,"_monsterinsights_sitenote_note":"","_monsterinsights_sitenote_category":0,"footnotes":""},"class_list":["post-49032","page","type-page","status-publish","hentry"],"_links":{"self":[{"href":"https:\/\/unique-universe.blog\/de\/wp-json\/wp\/v2\/pages\/49032","targetHints":{"allow":["GET"]}}],"collection":[{"href":"https:\/\/unique-universe.blog\/de\/wp-json\/wp\/v2\/pages"}],"about":[{"href":"https:\/\/unique-universe.blog\/de\/wp-json\/wp\/v2\/types\/page"}],"author":[{"embeddable":true,"href":"https:\/\/unique-universe.blog\/de\/wp-json\/wp\/v2\/users\/2"}],"replies":[{"embeddable":true,"href":"https:\/\/unique-universe.blog\/de\/wp-json\/wp\/v2\/comments?post=49032"}],"version-history":[{"count":4,"href":"https:\/\/unique-universe.blog\/de\/wp-json\/wp\/v2\/pages\/49032\/revisions"}],"predecessor-version":[{"id":54885,"href":"https:\/\/unique-universe.blog\/de\/wp-json\/wp\/v2\/pages\/49032\/revisions\/54885"}],"wp:attachment":[{"href":"https:\/\/unique-universe.blog\/de\/wp-json\/wp\/v2\/media?parent=49032"}],"curies":[{"name":"wp","href":"https:\/\/api.w.org\/{rel}","templated":true}]}}