{"id":36112,"date":"2022-09-01T21:25:54","date_gmt":"2022-09-01T19:25:54","guid":{"rendered":"https:\/\/unique-universe.blog\/homepage_unique-universe-blog\/"},"modified":"2025-04-02T12:28:41","modified_gmt":"2025-04-02T10:28:41","slug":"homepage_unique-universe-blog","status":"publish","type":"page","link":"https:\/\/unique-universe.blog\/de\/","title":{"rendered":"Homepage_Unique Universe Blog"},"content":{"rendered":"<p>[et_pb_section fb_built=&#8221;1&#8243; admin_label=&#8221;Header&#8221; _builder_version=&#8221;4.22.0&#8243; _module_preset=&#8221;default&#8221; custom_padding=&#8221;0px||0px||true|false&#8221; collapsed=&#8221;off&#8221; global_colors_info=&#8221;{}&#8221;][et_pb_row column_structure=&#8221;1_2,1_2&#8243; make_equal=&#8221;on&#8221; _builder_version=&#8221;4.27.4&#8243; _module_preset=&#8221;default&#8221; background_enable_image=&#8221;off&#8221; background_size=&#8221;initial&#8221; width=&#8221;100%&#8221; max_width=&#8221;2000px&#8221; custom_padding=&#8221;0px||0px||true|false&#8221; global_colors_info=&#8221;{}&#8221;][et_pb_column type=&#8221;1_2&#8243; disabled_on=&#8221;on|on|off&#8221; _builder_version=&#8221;4.27.4&#8243; _module_preset=&#8221;default&#8221; background_image=&#8221;https:\/\/unique-universe.blog\/wp-content\/uploads\/2025\/02\/Capurgana_5.webp&#8221; background_size=&#8221;initial&#8221; background_position=&#8221;top_left&#8221; background_vertical_offset=&#8221;0%&#8221; custom_padding_tablet=&#8221;&#8221; custom_padding_phone=&#8221;19vh||19vh||true|false&#8221; custom_padding_last_edited=&#8221;on|phone&#8221; global_colors_info=&#8221;{}&#8221;][et_pb_divider show_divider=&#8221;off&#8221; _builder_version=&#8221;4.22.0&#8243; _module_preset=&#8221;default&#8221; height_tablet=&#8221;40vw&#8221; height_phone=&#8221;40vw&#8221; height_last_edited=&#8221;on|desktop&#8221; global_colors_info=&#8221;{}&#8221;][\/et_pb_divider][\/et_pb_column][et_pb_column type=&#8221;1_2&#8243; _builder_version=&#8221;4.27.4&#8243; _module_preset=&#8221;default&#8221; custom_padding=&#8221;18%|8%|18%||true|false&#8221; custom_padding_tablet=&#8221;|||8%|true|false&#8221; custom_padding_phone=&#8221;|||8%|true|false&#8221; custom_padding_last_edited=&#8221;on|tablet&#8221; global_colors_info=&#8221;{}&#8221;][et_pb_text _builder_version=&#8221;4.27.4&#8243; _module_preset=&#8221;_initial&#8221; header_font=&#8221;Rufina|700|||||||&#8221; header_font_size=&#8221;60px&#8221; header_line_height=&#8221;1.2em&#8221; custom_margin=&#8221;||10px||false|false&#8221; header_font_size_tablet=&#8221;40px&#8221; header_font_size_phone=&#8221;24px&#8221; header_font_size_last_edited=&#8221;on|desktop&#8221; global_colors_info=&#8221;{}&#8221;]<\/p>\n<h1>Willkommen!<\/h1>\n<p>[\/et_pb_text][et_pb_text _builder_version=&#8221;4.27.4&#8243; _module_preset=&#8221;_initial&#8221; text_font=&#8221;||||||||&#8221; text_font_size=&#8221;18px&#8221; hover_enabled=&#8221;0&#8243; text_font_size_tablet=&#8221;16px&#8221; text_font_size_phone=&#8221;14px&#8221; text_font_size_last_edited=&#8221;on|desktop&#8221; global_colors_info=&#8221;{}&#8221; sticky_enabled=&#8221;0&#8243;]<\/p>\n<blockquote>\n<p><strong><em>Bist du auf der Suche nach einem Reiseerlebnis, das \u00fcber das Gew\u00f6hnliche hinausgeht?<\/em><\/strong><\/p>\n<\/blockquote>\n<p>Folge uns, um Reiseziele abseits des Touristenradars zu entdecken, die Ruhe und authentische Begegnungen mit der lokalen Kultur und Umwelt bieten. Hier findest du alles, von praktischen Reisetipps bis hin zu Hinweisen zu fairen und nachhaltigen Tourismuspraktiken.<\/p>\n<p>Lass uns die Welt auf eine freundlichere, achtsamere Weise erkunden.<\/p>\n<p>[\/et_pb_text][et_pb_button button_text=&#8221;Los geht&#039;s!&#8221; module_id=&#8221;lets_go_button_home&#8221; _builder_version=&#8221;4.27.4&#8243; _module_preset=&#8221;_initial&#8221; custom_padding=&#8221;16px|40px|16px|40px|true|true&#8221; global_colors_info=&#8221;{}&#8221;][\/et_pb_button][\/et_pb_column][\/et_pb_row][\/et_pb_section][et_pb_section fb_built=&#8221;1&#8243; fullwidth=&#8221;on&#8221; _builder_version=&#8221;4.25.2&#8243; _module_preset=&#8221;default&#8221; custom_margin=&#8221;0px||||false|false&#8221; custom_padding=&#8221;0px||||false|false&#8221; global_colors_info=&#8221;{}&#8221;][et_pb_fullwidth_post_slider posts_number=&#8221;3&#8243; include_categories=&#8221;all&#8221; show_meta=&#8221;off&#8221; admin_label=&#8221;Fullwidth Post Slider&#8221; _builder_version=&#8221;4.27.4&#8243; _module_preset=&#8221;default&#8221; background_enable_image=&#8221;off&#8221; global_colors_info=&#8221;{}&#8221;][\/et_pb_fullwidth_post_slider][\/et_pb_section][et_pb_section fb_built=&#8221;1&#8243; _builder_version=&#8221;4.27.0&#8243; _module_preset=&#8221;default&#8221; global_colors_info=&#8221;{}&#8221;][et_pb_row column_structure=&#8221;1_4,1_2,1_4&#8243; use_custom_gutter=&#8221;on&#8221; _builder_version=&#8221;4.27.4&#8243; _module_preset=&#8221;default&#8221; width=&#8221;90%&#8221; global_colors_info=&#8221;{}&#8221;][et_pb_column type=&#8221;1_4&#8243; _builder_version=&#8221;4.27.4&#8243; _module_preset=&#8221;default&#8221; custom_padding=&#8221;2vh|2vh|2vh|2vh|true|true&#8221; global_colors_info=&#8221;{}&#8221;][et_pb_text _builder_version=&#8221;4.27.4&#8243; _module_preset=&#8221;default&#8221; global_colors_info=&#8221;{}&#8221;]<\/p>\n<h2 style=\"text-align: center;\">Reisetipps<\/h2>\n<p>[\/et_pb_text][et_pb_blog posts_number=&#8221;3&#8243; include_categories=&#8221;518&#8243; _builder_version=&#8221;4.27.4&#8243; _module_preset=&#8221;default&#8221; dbdb_show_tags=&#8221;off&#8221; global_colors_info=&#8221;{}&#8221;][\/et_pb_blog][\/et_pb_column][et_pb_column type=&#8221;1_2&#8243; _builder_version=&#8221;4.27.0&#8243; _module_preset=&#8221;default&#8221; global_colors_info=&#8221;{}&#8221;][et_pb_text _builder_version=&#8221;4.27.4&#8243; _module_preset=&#8221;default&#8221; global_colors_info=&#8221;{}&#8221;]<\/p>\n<h2 style=\"text-align: center;\">Reise-Inspiration<\/h2>\n<p>[\/et_pb_text][et_pb_blog posts_number=&#8221;3&#8243; include_categories=&#8221;330,385,332,333,308,231,232,546,230,235,229,477,234,240,389,386,237&#8243; _builder_version=&#8221;4.27.4&#8243; _module_preset=&#8221;default&#8221; dbdb_show_tags=&#8221;off&#8221; global_colors_info=&#8221;{}&#8221;][\/et_pb_blog][\/et_pb_column][et_pb_column type=&#8221;1_4&#8243; _builder_version=&#8221;4.27.4&#8243; _module_preset=&#8221;default&#8221; custom_padding=&#8221;2vh|2vh|2vh|2vh|true|true&#8221; global_colors_info=&#8221;{}&#8221;][et_pb_text _builder_version=&#8221;4.27.4&#8243; _module_preset=&#8221;default&#8221; global_colors_info=&#8221;{}&#8221;]<\/p>\n<h2 style=\"text-align: center;\">Faires Reisen<\/h2>\n<p>[\/et_pb_text][et_pb_blog post_type=&#8221;sustainable_travel&#8221; posts_number=&#8221;4&#8243; excerpt_length=&#8221;120&#8243; module_class=&#8221;side-post&#8221; _builder_version=&#8221;4.27.4&#8243; _module_preset=&#8221;default&#8221; dbdb_show_tags=&#8221;off&#8221; locked=&#8221;off&#8221; global_colors_info=&#8221;{}&#8221; read_more_text_color__hover_enabled=&#8221;off|desktop&#8221; read_more_text_color__hover=&#8221;#4D5057&#8243;][\/et_pb_blog][\/et_pb_column][\/et_pb_row][\/et_pb_section][et_pb_section fb_built=&#8221;1&#8243; _builder_version=&#8221;4.27.0&#8243; _module_preset=&#8221;default&#8221; background_color=&#8221;#BACBA9&#8243; custom_padding=&#8221;5vh||10vh||false|false&#8221; global_colors_info=&#8221;{}&#8221;][et_pb_row column_structure=&#8221;3_5,2_5&#8243; make_equal=&#8221;on&#8221; _builder_version=&#8221;4.17.4&#8243; _module_preset=&#8221;default&#8221; custom_css_main_element=&#8221;align-items: center;&#8221; global_colors_info=&#8221;{}&#8221;][et_pb_column type=&#8221;3_5&#8243; _builder_version=&#8221;4.17.4&#8243; _module_preset=&#8221;default&#8221; global_colors_info=&#8221;{}&#8221;][et_pb_image src=&#8221;https:\/\/unique-universe.blog\/wp-content\/uploads\/2022\/06\/tanzania-travel-Lake-Natron-4.stop-8-1024&#215;4232-1.webp&#8221; title_text=&#8221;tanzania-travel-Lake-Natron-4.stop-8-1024&#215;4232&#8243; _builder_version=&#8221;4.17.4&#8243; _module_preset=&#8221;default&#8221; global_colors_info=&#8221;{}&#8221;][\/et_pb_image][\/et_pb_column][et_pb_column type=&#8221;2_5&#8243; _builder_version=&#8221;4.17.4&#8243; _module_preset=&#8221;default&#8221; global_colors_info=&#8221;{}&#8221;][et_pb_text _builder_version=&#8221;4.17.4&#8243; _module_preset=&#8221;default&#8221; text_orientation=&#8221;center&#8221; width_tablet=&#8221;100%&#8221; width_phone=&#8221;100%&#8221; width_last_edited=&#8221;off|tablet&#8221; module_alignment=&#8221;center&#8221; animation_style=&#8221;slide&#8221; animation_intensity_slide=&#8221;10%&#8221; animation_starting_opacity=&#8221;100%&#8221; global_colors_info=&#8221;{}&#8221;]<\/p>\n<h2>Einzigartiges Universum<\/h2>\n<p><span style=\"font-size: 16px;\">Die Welt mit unseren Rucks\u00e4cken zu entdecken, ist unsere Quelle des Gl\u00fccks. Wir f\u00fchren dich abseits der ausgetretenen Pfade und stellen dir die einzigartigen Reiseziele, ihre Menschen und Esskultur vor.<\/span><\/p>\n<p>Wir glauben fest an langsames und bewusstes Reisen und hoffen, dass wir dich dazu inspirieren k\u00f6nnen, mehr \u00fcber verantwortungsvolles Reisen zu lernen!<\/p>\n<h4>Folge unserer Reise!<\/h4>\n<p>Dani &amp; Lauri<\/p>\n<p>[\/et_pb_text][\/et_pb_column][\/et_pb_row][\/et_pb_section]<\/p>\n","protected":false},"excerpt":{"rendered":"<p>Willkommen! Bist du auf der Suche nach einem Reiseerlebnis, das \u00fcber das Gew\u00f6hnliche hinausgeht? Folge uns, um Reiseziele abseits des Touristenradars zu entdecken, die Ruhe und authentische Begegnungen mit der lokalen Kultur und Umwelt bieten. Hier findest du alles, von praktischen Reisetipps bis hin zu Hinweisen zu fairen und nachhaltigen Tourismuspraktiken. Lass uns die Welt auf eine freundlichere, achtsamere Weise erkunden.ReisetippsReise-InspirationFaires ReisenEinzigartiges Universum Die Welt mit unseren Rucks\u00e4cken zu entdecken, ist unsere Quelle des Gl\u00fccks. Wir f\u00fchren dich abseits der ausgetretenen Pfade und stellen dir die einzigartigen Reiseziele, ihre Menschen und Esskultur vor. Wir glauben fest an langsames und bewusstes Reisen und hoffen, dass wir dich dazu inspirieren k\u00f6nnen, mehr \u00fcber verantwortungsvolles Reisen zu lernen! Folge unserer Reise! Dani &amp; Lauri<\/p>\n","protected":false},"author":2,"featured_media":0,"parent":0,"menu_order":0,"comment_status":"closed","ping_status":"closed","template":"","meta":{"_et_pb_use_builder":"on","_et_pb_old_content":"","_et_gb_content_width":"","_monsterinsights_skip_tracking":false,"_monsterinsights_sitenote_active":false,"_monsterinsights_sitenote_note":"","_monsterinsights_sitenote_category":0,"footnotes":""},"class_list":["post-36112","page","type-page","status-publish","hentry"],"_links":{"self":[{"href":"https:\/\/unique-universe.blog\/de\/wp-json\/wp\/v2\/pages\/36112","targetHints":{"allow":["GET"]}}],"collection":[{"href":"https:\/\/unique-universe.blog\/de\/wp-json\/wp\/v2\/pages"}],"about":[{"href":"https:\/\/unique-universe.blog\/de\/wp-json\/wp\/v2\/types\/page"}],"author":[{"embeddable":true,"href":"https:\/\/unique-universe.blog\/de\/wp-json\/wp\/v2\/users\/2"}],"replies":[{"embeddable":true,"href":"https:\/\/unique-universe.blog\/de\/wp-json\/wp\/v2\/comments?post=36112"}],"version-history":[{"count":0,"href":"https:\/\/unique-universe.blog\/de\/wp-json\/wp\/v2\/pages\/36112\/revisions"}],"wp:attachment":[{"href":"https:\/\/unique-universe.blog\/de\/wp-json\/wp\/v2\/media?parent=36112"}],"curies":[{"name":"wp","href":"https:\/\/api.w.org\/{rel}","templated":true}]}}